{"id":21558,"date":"2026-03-17T13:58:54","date_gmt":"2026-03-17T13:58:54","guid":{"rendered":"https:\/\/mapospheres.eu\/product\/poster-of-pisa-italy\/"},"modified":"2026-03-31T14:10:53","modified_gmt":"2026-03-31T14:10:53","slug":"poster-of-pisa-italy","status":"publish","type":"product","link":"https:\/\/mapospheres.eu\/fr\/product\/poster-de-pise-italie\/","title":{"rendered":"Poster de Pise | Italie"},"content":{"rendered":"<p><strong>Poster City map de Pise, Italie : berc\u00e9e par le cours paisible de l\u2019Arno, cette carte de Pise capture avec po\u00e9sie l\u2019essence d\u2019une ville qui traverse le temps, non sans esquisser un sourire complice \u00e0 sa c\u00e9l\u00e8bre inclinaison.<\/strong><\/p>\n<p>\u00c9tablie sur les rives de l\u2019Arno, la carte illustre avec \u00e9l\u00e9gance comment cette cit\u00e9 ancienne, jadis grande puissance maritime, s\u2019est laiss\u00e9e fa\u00e7onner par son environnement. Le fleuve serpente \u00e0 travers Pise, tra\u00e7ant un sillage paisible dont les eaux refl\u00e8tent la gr\u00e2ce silencieuse des fa\u00e7ades qui l\u2019accompagnent. Le relief, doux et ouvert, d\u00e9voile des plaines fertiles s\u2019\u00e9tendant au-del\u00e0 du centre, terres nourrici\u00e8res d\u2019un pass\u00e9 tourn\u00e9 vers la mer et les grandes exp\u00e9ditions. Ici et l\u00e0, la carte se ponctue d\u2019\u00e9chapp\u00e9es verdoyantes, du Giardino Scotto embl\u00e9matique au paisible Parco Urbano, v\u00e9ritables refuges o\u00f9 le temps semble suspendu, propices \u00e0 la fl\u00e2nerie et \u00e0 la contemplation. Mais c\u2019est au c\u0153ur de la carte que bat l\u2019\u00e2me de Pise, autour de la l\u00e9gendaire Piazza dei Miracoli \u2014 la place des Miracles \u2014 o\u00f9 la tour pench\u00e9e s\u2019\u00e9l\u00e8ve avec audace. Son inclinaison, douce d\u00e9fiance aux lois de l\u2019\u00e9quilibre, lui conf\u00e8re un charme unique, tandis qu\u2019elle dialogue avec la cath\u00e9drale, le baptist\u00e8re et le Camposanto, formant un ensemble d\u2019une harmonie \u00e0 la fois historique et spirituelle. Pourtant, Pise ne se r\u00e9sume pas \u00e0 son ic\u00f4ne : la carte r\u00e9v\u00e8le aussi un d\u00e9dale de ruelles \u00e9troites, bord\u00e9es de caf\u00e9s pleins de vie, et les anciennes murailles qui, autrefois, veillaient sur la cit\u00e9.<\/p>\n","protected":false},"excerpt":{"rendered":"<p>Obtenez une City Map \u2013 Carte de ville murale &#8211; imprim\u00e9e de la ville de Pise, Italie.<br \/>\nChoisissez ci-dessous la taille, la couleur et le design de votre carte !<\/p>\n","protected":false},"featured_media":24090,"template":"","meta":{"_uag_custom_page_level_css":"","_monsterinsights_skip_tracking":false,"_monsterinsights_sitenote_active":false,"_monsterinsights_sitenote_note":"","_monsterinsights_sitenote_category":0,"site-sidebar-layout":"default","site-content-layout":"","ast-site-content-layout":"default","site-content-style":"default","site-sidebar-style":"default","ast-global-header-display":"","ast-banner-title-visibility":"","ast-main-header-display":"","ast-hfb-above-header-display":"","ast-hfb-below-header-display":"","ast-hfb-mobile-header-display":"","site-post-title":"","ast-breadcrumbs-content":"","ast-featured-img":"","footer-sml-layout":"","ast-disable-related-posts":"","theme-transparent-header-meta":"default","adv-header-id-meta":"","stick-header-meta":"","header-above-stick-meta":"","header-main-stick-meta":"","header-below-stick-meta":"","astra-migrate-meta-layouts":"set","ast-page-background-enabled":"default","ast-page-background-meta":{"desktop":{"background-color":"","background-image":"","background-repeat":"repeat","background-position":"center center","background-size":"auto","background-attachment":"scroll","background-type":"","background-media":"","overlay-type":"","overlay-color":"","overlay-opacity":"","overlay-gradient":""},"tablet":{"background-color":"","background-image":"","background-repeat":"repeat","background-position":"center center","background-size":"auto","background-attachment":"scroll","background-type":"","background-media":"","overlay-type":"","overlay-color":"","overlay-opacity":"","overlay-gradient":""},"mobile":{"background-color":"","background-image":"","background-repeat":"repeat","background-position":"center center","background-size":"auto","background-attachment":"scroll","background-type":"","background-media":"","overlay-type":"","overlay-color":"","overlay-opacity":"","overlay-gradient":""}},"ast-content-background-meta":{"desktop":{"background-color":"var(--ast-global-color-5)","background-image":"","background-repeat":"repeat","background-position":"center center","background-size":"auto","background-attachment":"scroll","background-type":"","background-media":"","overlay-type":"","overlay-color":"","overlay-opacity":"","overlay-gradient":""},"tablet":{"background-color":"var(--ast-global-color-5)","background-image":"","background-repeat":"repeat","background-position":"center center","background-size":"auto","background-attachment":"scroll","background-type":"","background-media":"","overlay-type":"","overlay-color":"","overlay-opacity":"","overlay-gradient":""},"mobile":{"background-color":"var(--ast-global-color-5)","background-image":"","background-repeat":"repeat","background-position":"center center","background-size":"auto","background-attachment":"scroll","background-type":"","background-media":"","overlay-type":"","overlay-color":"","overlay-opacity":"","overlay-gradient":""}}},"product_brand":[],"product_cat":[18],"product_tag":[34,35,36,37,39,40,93,180,913,181,1102],"class_list":{"0":"post-21558","1":"product","2":"type-product","3":"status-publish","4":"has-post-thumbnail","6":"product_cat-city-maps","7":"product_tag-30x40","8":"product_tag-40x50","9":"product_tag-50x70","10":"product_tag-70x100","11":"product_tag-canvas","12":"product_tag-city-map","13":"product_tag-europe","14":"product_tag-italia","15":"product_tag-italie","16":"product_tag-italy","17":"product_tag-pisa","18":"desktop-align-left","19":"tablet-align-left","20":"mobile-align-left","22":"first","23":"instock","24":"shipping-taxable","25":"product-type-variable"},"aioseo_notices":[],"uagb_featured_image_src":{"full":["https:\/\/mapospheres.eu\/wp-content\/uploads\/2026\/03\/CANVAS_16_BWROUND_2ND_6_PISA.jpg",1000,1000,false],"thumbnail":["https:\/\/mapospheres.eu\/wp-content\/uploads\/2026\/03\/CANVAS_16_BWROUND_2ND_6_PISA-150x150.jpg",150,150,true],"medium":["https:\/\/mapospheres.eu\/wp-content\/uploads\/2026\/03\/CANVAS_16_BWROUND_2ND_6_PISA-300x300.jpg",300,300,true],"medium_large":["https:\/\/mapospheres.eu\/wp-content\/uploads\/2026\/03\/CANVAS_16_BWROUND_2ND_6_PISA-768x768.jpg",768,768,true],"large":["https:\/\/mapospheres.eu\/wp-content\/uploads\/2026\/03\/CANVAS_16_BWROUND_2ND_6_PISA.jpg",1000,1000,false],"1536x1536":["https:\/\/mapospheres.eu\/wp-content\/uploads\/2026\/03\/CANVAS_16_BWROUND_2ND_6_PISA.jpg",1000,1000,false],"2048x2048":["https:\/\/mapospheres.eu\/wp-content\/uploads\/2026\/03\/CANVAS_16_BWROUND_2ND_6_PISA.jpg",1000,1000,false],"woocommerce_thumbnail":["https:\/\/mapospheres.eu\/wp-content\/uploads\/2026\/03\/CANVAS_16_BWROUND_2ND_6_PISA-300x300.jpg",300,300,true],"woocommerce_single":["https:\/\/mapospheres.eu\/wp-content\/uploads\/2026\/03\/CANVAS_16_BWROUND_2ND_6_PISA-600x600.jpg",600,600,true],"woocommerce_gallery_thumbnail":["https:\/\/mapospheres.eu\/wp-content\/uploads\/2026\/03\/CANVAS_16_BWROUND_2ND_6_PISA-100x100.jpg",100,100,true]},"uagb_author_info":{"display_name":"sgainot04@gmail.com","author_link":"https:\/\/mapospheres.eu\/fr\/author\/"},"uagb_comment_info":0,"uagb_excerpt":"Obtenez une City Map \u2013 Carte de ville murale - imprim\u00e9e de la ville de Pise, Italie. Choisissez ci-dessous la taille, la couleur et le design de votre carte !","_links":{"self":[{"href":"https:\/\/mapospheres.eu\/fr\/wp-json\/wp\/v2\/product\/21558","targetHints":{"allow":["GET"]}}],"collection":[{"href":"https:\/\/mapospheres.eu\/fr\/wp-json\/wp\/v2\/product"}],"about":[{"href":"https:\/\/mapospheres.eu\/fr\/wp-json\/wp\/v2\/types\/product"}],"wp:featuredmedia":[{"embeddable":true,"href":"https:\/\/mapospheres.eu\/fr\/wp-json\/wp\/v2\/media\/24090"}],"wp:attachment":[{"href":"https:\/\/mapospheres.eu\/fr\/wp-json\/wp\/v2\/media?parent=21558"}],"wp:term":[{"taxonomy":"product_brand","embeddable":true,"href":"https:\/\/mapospheres.eu\/fr\/wp-json\/wp\/v2\/product_brand?post=21558"},{"taxonomy":"product_cat","embeddable":true,"href":"https:\/\/mapospheres.eu\/fr\/wp-json\/wp\/v2\/product_cat?post=21558"},{"taxonomy":"product_tag","embeddable":true,"href":"https:\/\/mapospheres.eu\/fr\/wp-json\/wp\/v2\/product_tag?post=21558"}],"curies":[{"name":"wp","href":"https:\/\/api.w.org\/{rel}","templated":true}]}}