{"id":21562,"date":"2026-03-17T14:00:54","date_gmt":"2026-03-17T14:00:54","guid":{"rendered":"https:\/\/mapospheres.eu\/product\/poster-of-tripoli-libya\/"},"modified":"2026-03-30T13:44:10","modified_gmt":"2026-03-30T13:44:10","slug":"poster-of-tripoli-libya","status":"publish","type":"product","link":"https:\/\/mapospheres.eu\/fr\/product\/poster-de-tripoli-libye\/","title":{"rendered":"Poster de Tripoli | Libye"},"content":{"rendered":"<p><strong>Poster City map de Tripoli, Libye : la baie exceptionnelle de la M\u00e9diterran\u00e9e centrale en carte murale !<\/strong><\/p>\n<p>Cette antique cit\u00e9 ph\u00e9nicienne est aujourd&rsquo;hui un carrefour \u00e9conomique anim\u00e9 aux portes du d\u00e9sert africain. La carte est centr\u00e9e sur le port de Tripoli et sa forme si caract\u00e9ristique, comme un doigt point\u00e9 vers la mer ! Les douces plaines c\u00f4ti\u00e8res rencontrent la vaste \u00e9tendue de la mer M\u00e9diterran\u00e9e, illustr\u00e9e dans des nuances de bleu qui vous font presque entendre les vagues se l\u00e9cher contre le rivage. La carte capture le relief ondulant du d\u00e9sert au sud, o\u00f9 les sables dor\u00e9s semblent scintiller sous le soleil. Les espaces verts \u00e9clatent de vie sur cette carte, mettant en valeur les parcs et jardins de la ville. Le jardin d&rsquo;Al-Saraya Al-Hamra est repr\u00e9sent\u00e9 dans de vibrants tons de vert, vous invitant \u00e0 imaginer une promenade sur ses all\u00e9es paisibles. Le littoral de Tripoli est magnifiquement d\u00e9taill\u00e9, soulignant le port anim\u00e9 et les plages sereines qui s&rsquo;\u00e9tendent le long de la M\u00e9diterran\u00e9e. La carte capture avec pr\u00e9cision les d\u00e9tails complexes du rivage, de la zone portuaire historique aux d\u00e9veloppements plus modernes du front de mer, vous faisant r\u00eaver d&rsquo;une journ\u00e9e ensoleill\u00e9e au bord de la mer. Le Mus\u00e9e du Ch\u00e2teau Rouge, ou Assaraya al-Hamra, se dresse fi\u00e8rement avec son pass\u00e9 charg\u00e9 d&rsquo;histoire, tandis que l&rsquo;\u00e9l\u00e9gante mosqu\u00e9e Gurgi vous invite \u00e0 explorer son architecture finement cisel\u00e9e. Tout pr\u00e8s, la place des Martyrs est saisie dans toute son \u00e9nergie vibrante et sa signification historique.<\/p>\n","protected":false},"excerpt":{"rendered":"<p>Obtenez une City Map \u2013 Carte de ville murale &#8211; imprim\u00e9e de la ville de Tripoli, Libye.<br \/>\nChoisissez ci-dessous la taille, la couleur et le design de votre carte !<\/p>\n","protected":false},"featured_media":23873,"template":"","meta":{"_uag_custom_page_level_css":"","_monsterinsights_skip_tracking":false,"_monsterinsights_sitenote_active":false,"_monsterinsights_sitenote_note":"","_monsterinsights_sitenote_category":0,"site-sidebar-layout":"default","site-content-layout":"","ast-site-content-layout":"default","site-content-style":"default","site-sidebar-style":"default","ast-global-header-display":"","ast-banner-title-visibility":"","ast-main-header-display":"","ast-hfb-above-header-display":"","ast-hfb-below-header-display":"","ast-hfb-mobile-header-display":"","site-post-title":"","ast-breadcrumbs-content":"","ast-featured-img":"","footer-sml-layout":"","ast-disable-related-posts":"","theme-transparent-header-meta":"default","adv-header-id-meta":"","stick-header-meta":"","header-above-stick-meta":"","header-main-stick-meta":"","header-below-stick-meta":"","astra-migrate-meta-layouts":"set","ast-page-background-enabled":"default","ast-page-background-meta":{"desktop":{"background-color":"","background-image":"","background-repeat":"repeat","background-position":"center center","background-size":"auto","background-attachment":"scroll","background-type":"","background-media":"","overlay-type":"","overlay-color":"","overlay-opacity":"","overlay-gradient":""},"tablet":{"background-color":"","background-image":"","background-repeat":"repeat","background-position":"center center","background-size":"auto","background-attachment":"scroll","background-type":"","background-media":"","overlay-type":"","overlay-color":"","overlay-opacity":"","overlay-gradient":""},"mobile":{"background-color":"","background-image":"","background-repeat":"repeat","background-position":"center center","background-size":"auto","background-attachment":"scroll","background-type":"","background-media":"","overlay-type":"","overlay-color":"","overlay-opacity":"","overlay-gradient":""}},"ast-content-background-meta":{"desktop":{"background-color":"var(--ast-global-color-5)","background-image":"","background-repeat":"repeat","background-position":"center center","background-size":"auto","background-attachment":"scroll","background-type":"","background-media":"","overlay-type":"","overlay-color":"","overlay-opacity":"","overlay-gradient":""},"tablet":{"background-color":"var(--ast-global-color-5)","background-image":"","background-repeat":"repeat","background-position":"center center","background-size":"auto","background-attachment":"scroll","background-type":"","background-media":"","overlay-type":"","overlay-color":"","overlay-opacity":"","overlay-gradient":""},"mobile":{"background-color":"var(--ast-global-color-5)","background-image":"","background-repeat":"repeat","background-position":"center center","background-size":"auto","background-attachment":"scroll","background-type":"","background-media":"","overlay-type":"","overlay-color":"","overlay-opacity":"","overlay-gradient":""}}},"product_brand":[],"product_cat":[18,338],"product_tag":[34,35,36,97,40,1095,1096],"class_list":{"0":"post-21562","1":"product","2":"type-product","3":"status-publish","4":"has-post-thumbnail","6":"product_cat-city-maps","7":"product_cat-featured_eng","8":"product_tag-30x40","9":"product_tag-40x50","10":"product_tag-50x70","11":"product_tag-africa","12":"product_tag-city-map","13":"product_tag-libya","14":"product_tag-tripoli","15":"desktop-align-left","16":"tablet-align-left","17":"mobile-align-left","19":"first","20":"instock","21":"shipping-taxable","22":"purchasable","23":"product-type-variable"},"aioseo_notices":[],"uagb_featured_image_src":{"full":["https:\/\/mapospheres.eu\/wp-content\/uploads\/2026\/03\/Z23_BW_FULL__TRIPOLI.jpg",1000,1200,false],"thumbnail":["https:\/\/mapospheres.eu\/wp-content\/uploads\/2026\/03\/Z23_BW_FULL__TRIPOLI-150x150.jpg",150,150,true],"medium":["https:\/\/mapospheres.eu\/wp-content\/uploads\/2026\/03\/Z23_BW_FULL__TRIPOLI-250x300.jpg",250,300,true],"medium_large":["https:\/\/mapospheres.eu\/wp-content\/uploads\/2026\/03\/Z23_BW_FULL__TRIPOLI-768x922.jpg",768,922,true],"large":["https:\/\/mapospheres.eu\/wp-content\/uploads\/2026\/03\/Z23_BW_FULL__TRIPOLI-853x1024.jpg",853,1024,true],"1536x1536":["https:\/\/mapospheres.eu\/wp-content\/uploads\/2026\/03\/Z23_BW_FULL__TRIPOLI.jpg",1000,1200,false],"2048x2048":["https:\/\/mapospheres.eu\/wp-content\/uploads\/2026\/03\/Z23_BW_FULL__TRIPOLI.jpg",1000,1200,false],"woocommerce_thumbnail":["https:\/\/mapospheres.eu\/wp-content\/uploads\/2026\/03\/Z23_BW_FULL__TRIPOLI-300x300.jpg",300,300,true],"woocommerce_single":["https:\/\/mapospheres.eu\/wp-content\/uploads\/2026\/03\/Z23_BW_FULL__TRIPOLI-600x720.jpg",600,720,true],"woocommerce_gallery_thumbnail":["https:\/\/mapospheres.eu\/wp-content\/uploads\/2026\/03\/Z23_BW_FULL__TRIPOLI-100x100.jpg",100,100,true]},"uagb_author_info":{"display_name":"sgainot04@gmail.com","author_link":"https:\/\/mapospheres.eu\/fr\/author\/"},"uagb_comment_info":0,"uagb_excerpt":"Obtenez une City Map \u2013 Carte de ville murale - imprim\u00e9e de la ville de Tripoli, Libye. Choisissez ci-dessous la taille, la couleur et le design de votre carte !","_links":{"self":[{"href":"https:\/\/mapospheres.eu\/fr\/wp-json\/wp\/v2\/product\/21562","targetHints":{"allow":["GET"]}}],"collection":[{"href":"https:\/\/mapospheres.eu\/fr\/wp-json\/wp\/v2\/product"}],"about":[{"href":"https:\/\/mapospheres.eu\/fr\/wp-json\/wp\/v2\/types\/product"}],"wp:featuredmedia":[{"embeddable":true,"href":"https:\/\/mapospheres.eu\/fr\/wp-json\/wp\/v2\/media\/23873"}],"wp:attachment":[{"href":"https:\/\/mapospheres.eu\/fr\/wp-json\/wp\/v2\/media?parent=21562"}],"wp:term":[{"taxonomy":"product_brand","embeddable":true,"href":"https:\/\/mapospheres.eu\/fr\/wp-json\/wp\/v2\/product_brand?post=21562"},{"taxonomy":"product_cat","embeddable":true,"href":"https:\/\/mapospheres.eu\/fr\/wp-json\/wp\/v2\/product_cat?post=21562"},{"taxonomy":"product_tag","embeddable":true,"href":"https:\/\/mapospheres.eu\/fr\/wp-json\/wp\/v2\/product_tag?post=21562"}],"curies":[{"name":"wp","href":"https:\/\/api.w.org\/{rel}","templated":true}]}}