{"id":21564,"date":"2026-03-17T14:01:03","date_gmt":"2026-03-17T14:01:03","guid":{"rendered":"https:\/\/mapospheres.eu\/product\/poster-of-la-roche-sur-yon-france\/"},"modified":"2026-03-27T16:42:15","modified_gmt":"2026-03-27T16:42:15","slug":"poster-of-la-roche-sur-yon-france","status":"publish","type":"product","link":"https:\/\/mapospheres.eu\/fr\/product\/poster-de-la-roche-sur-yon-france\/","title":{"rendered":"Poster de La Roche sur Yon | France"},"content":{"rendered":"<p><strong>Poster City Map de La Roche-sur-Yon, France : une carte pleine de charme d\u2019une ville napol\u00e9onienne, une pi\u00e8ce d\u00e9licate qui fait entrer le c\u0153ur de la Vend\u00e9e sur vos murs !<\/strong><\/p>\n<p>Le trac\u00e9 de la ville, v\u00e9ritable chef-d\u2019\u0153uvre d\u2019urbanisme napol\u00e9onien, est repr\u00e9sent\u00e9 avec une pr\u00e9cision remarquable. On y devine la place centrale, la place Napol\u00e9on, dessin\u00e9e en \u00e9toile, d\u2019o\u00f9 les rues s\u2019\u00e9lancent comme les rayons d\u2019une roue. Rivi\u00e8res et ruisseaux serpentent \u00e0 travers la carte, leurs fines lignes bleut\u00e9es guidant le regard vers les rives paisibles de l\u2019Yon. L\u00e0, l\u2019eau s\u2019\u00e9coule doucement, insufflant une s\u00e9r\u00e9nit\u00e9 apaisante \u00e0 ce d\u00e9cor pittoresque. Le soin apport\u00e9 \u00e0 la repr\u00e9sentation de ces cours d\u2019eau invite \u00e0 imaginer de tranquilles promenades le long de leurs berges silencieuses. Les principaux lieux embl\u00e9matiques se d\u00e9voilent avec \u00e9l\u00e9gance, offrant un aper\u00e7u du riche patrimoine de La Roche-sur-Yon. L\u2019imposante \u00e9glise Saint-Louis, coiff\u00e9e de sa fl\u00e8che \u00e9lanc\u00e9e, s\u2019\u00e9l\u00e8ve fi\u00e8rement, t\u00e9moin de l\u2019histoire et de l\u2019\u00e2me spirituelle de la ville. Non loin de l\u00e0, le Haras de la Vend\u00e9e se dessine avec noblesse, \u00e9voquant \u00e0 la fois son h\u00e9ritage prestigieux et la gr\u00e2ce des chevaux qui y vivent.<\/p>\n","protected":false},"excerpt":{"rendered":"<p>Obtenez une City Map \u2013 Carte de ville murale &#8211; imprim\u00e9e de la ville de La Roche sur Yon, France.<br \/>\nChoisissez ci-dessous la taille, la couleur et le design de votre carte !<\/p>\n","protected":false},"featured_media":23662,"template":"","meta":{"_uag_custom_page_level_css":"","_monsterinsights_skip_tracking":false,"_monsterinsights_sitenote_active":false,"_monsterinsights_sitenote_note":"","_monsterinsights_sitenote_category":0,"site-sidebar-layout":"default","site-content-layout":"","ast-site-content-layout":"default","site-content-style":"default","site-sidebar-style":"default","ast-global-header-display":"","ast-banner-title-visibility":"","ast-main-header-display":"","ast-hfb-above-header-display":"","ast-hfb-below-header-display":"","ast-hfb-mobile-header-display":"","site-post-title":"","ast-breadcrumbs-content":"","ast-featured-img":"","footer-sml-layout":"","ast-disable-related-posts":"","theme-transparent-header-meta":"default","adv-header-id-meta":"","stick-header-meta":"","header-above-stick-meta":"","header-main-stick-meta":"","header-below-stick-meta":"","astra-migrate-meta-layouts":"set","ast-page-background-enabled":"default","ast-page-background-meta":{"desktop":{"background-color":"","background-image":"","background-repeat":"repeat","background-position":"center center","background-size":"auto","background-attachment":"scroll","background-type":"","background-media":"","overlay-type":"","overlay-color":"","overlay-opacity":"","overlay-gradient":""},"tablet":{"background-color":"","background-image":"","background-repeat":"repeat","background-position":"center center","background-size":"auto","background-attachment":"scroll","background-type":"","background-media":"","overlay-type":"","overlay-color":"","overlay-opacity":"","overlay-gradient":""},"mobile":{"background-color":"","background-image":"","background-repeat":"repeat","background-position":"center center","background-size":"auto","background-attachment":"scroll","background-type":"","background-media":"","overlay-type":"","overlay-color":"","overlay-opacity":"","overlay-gradient":""}},"ast-content-background-meta":{"desktop":{"background-color":"var(--ast-global-color-5)","background-image":"","background-repeat":"repeat","background-position":"center center","background-size":"auto","background-attachment":"scroll","background-type":"","background-media":"","overlay-type":"","overlay-color":"","overlay-opacity":"","overlay-gradient":""},"tablet":{"background-color":"var(--ast-global-color-5)","background-image":"","background-repeat":"repeat","background-position":"center center","background-size":"auto","background-attachment":"scroll","background-type":"","background-media":"","overlay-type":"","overlay-color":"","overlay-opacity":"","overlay-gradient":""},"mobile":{"background-color":"var(--ast-global-color-5)","background-image":"","background-repeat":"repeat","background-position":"center center","background-size":"auto","background-attachment":"scroll","background-type":"","background-media":"","overlay-type":"","overlay-color":"","overlay-opacity":"","overlay-gradient":""}}},"product_brand":[],"product_cat":[18,464],"product_tag":[34,35,36,37,39,40,93,100,1091,1092],"class_list":{"0":"post-21564","1":"product","2":"type-product","3":"status-publish","4":"has-post-thumbnail","6":"product_cat-city-maps","7":"product_cat-featured_fr","8":"product_tag-30x40","9":"product_tag-40x50","10":"product_tag-50x70","11":"product_tag-70x100","12":"product_tag-canvas","13":"product_tag-city-map","14":"product_tag-europe","15":"product_tag-france","16":"product_tag-la-roche-sur-yon","17":"product_tag-vendee","18":"desktop-align-left","19":"tablet-align-left","20":"mobile-align-left","22":"first","23":"instock","24":"shipping-taxable","25":"purchasable","26":"product-type-variable"},"aioseo_notices":[],"uagb_featured_image_src":{"full":["https:\/\/mapospheres.eu\/wp-content\/uploads\/2026\/03\/CANVAS_11_NIGHT_3RD_1_LAROCHESURYON.jpg",1000,1000,false],"thumbnail":["https:\/\/mapospheres.eu\/wp-content\/uploads\/2026\/03\/CANVAS_11_NIGHT_3RD_1_LAROCHESURYON-150x150.jpg",150,150,true],"medium":["https:\/\/mapospheres.eu\/wp-content\/uploads\/2026\/03\/CANVAS_11_NIGHT_3RD_1_LAROCHESURYON-300x300.jpg",300,300,true],"medium_large":["https:\/\/mapospheres.eu\/wp-content\/uploads\/2026\/03\/CANVAS_11_NIGHT_3RD_1_LAROCHESURYON-768x768.jpg",768,768,true],"large":["https:\/\/mapospheres.eu\/wp-content\/uploads\/2026\/03\/CANVAS_11_NIGHT_3RD_1_LAROCHESURYON.jpg",1000,1000,false],"1536x1536":["https:\/\/mapospheres.eu\/wp-content\/uploads\/2026\/03\/CANVAS_11_NIGHT_3RD_1_LAROCHESURYON.jpg",1000,1000,false],"2048x2048":["https:\/\/mapospheres.eu\/wp-content\/uploads\/2026\/03\/CANVAS_11_NIGHT_3RD_1_LAROCHESURYON.jpg",1000,1000,false],"woocommerce_thumbnail":["https:\/\/mapospheres.eu\/wp-content\/uploads\/2026\/03\/CANVAS_11_NIGHT_3RD_1_LAROCHESURYON-300x300.jpg",300,300,true],"woocommerce_single":["https:\/\/mapospheres.eu\/wp-content\/uploads\/2026\/03\/CANVAS_11_NIGHT_3RD_1_LAROCHESURYON-600x600.jpg",600,600,true],"woocommerce_gallery_thumbnail":["https:\/\/mapospheres.eu\/wp-content\/uploads\/2026\/03\/CANVAS_11_NIGHT_3RD_1_LAROCHESURYON-100x100.jpg",100,100,true]},"uagb_author_info":{"display_name":"sgainot04@gmail.com","author_link":"https:\/\/mapospheres.eu\/fr\/author\/"},"uagb_comment_info":0,"uagb_excerpt":"Obtenez une City Map \u2013 Carte de ville murale - imprim\u00e9e de la ville de La Roche sur Yon, France. Choisissez ci-dessous la taille, la couleur et le design de votre carte !","_links":{"self":[{"href":"https:\/\/mapospheres.eu\/fr\/wp-json\/wp\/v2\/product\/21564","targetHints":{"allow":["GET"]}}],"collection":[{"href":"https:\/\/mapospheres.eu\/fr\/wp-json\/wp\/v2\/product"}],"about":[{"href":"https:\/\/mapospheres.eu\/fr\/wp-json\/wp\/v2\/types\/product"}],"wp:featuredmedia":[{"embeddable":true,"href":"https:\/\/mapospheres.eu\/fr\/wp-json\/wp\/v2\/media\/23662"}],"wp:attachment":[{"href":"https:\/\/mapospheres.eu\/fr\/wp-json\/wp\/v2\/media?parent=21564"}],"wp:term":[{"taxonomy":"product_brand","embeddable":true,"href":"https:\/\/mapospheres.eu\/fr\/wp-json\/wp\/v2\/product_brand?post=21564"},{"taxonomy":"product_cat","embeddable":true,"href":"https:\/\/mapospheres.eu\/fr\/wp-json\/wp\/v2\/product_cat?post=21564"},{"taxonomy":"product_tag","embeddable":true,"href":"https:\/\/mapospheres.eu\/fr\/wp-json\/wp\/v2\/product_tag?post=21564"}],"curies":[{"name":"wp","href":"https:\/\/api.w.org\/{rel}","templated":true}]}}