{"id":21578,"date":"2026-03-17T14:02:09","date_gmt":"2026-03-17T14:02:09","guid":{"rendered":"https:\/\/mapospheres.eu\/product\/poster-of-regensburg-germany\/"},"modified":"2026-03-24T10:11:22","modified_gmt":"2026-03-24T10:11:22","slug":"poster-of-regensburg-germany","status":"publish","type":"product","link":"https:\/\/mapospheres.eu\/fr\/product\/poster-de-ratisbonne-allemagne\/","title":{"rendered":"Poster de Ratisbonne | Allemagne"},"content":{"rendered":"<p><strong>Poster City map de Ratisbonne, Allemagne : imaginez orner votre mur d&rsquo;une carte envo\u00fbtante d&rsquo;une ville o\u00f9 histoire et beaut\u00e9 naturelle s&rsquo;entrelacent avec gr\u00e2ce !<\/strong><\/p>\n<p>Tandis que votre regard se prom\u00e8ne sur la carte, le cours sinueux du majestueux Danube capte imm\u00e9diatement votre attention. Son serpentement unit ses quartiers si divers, cr\u00e9ant un cadre pittoresque id\u00e9al pour une douce promenade en bateau ou une marche vivifiante au bord de l&rsquo;eau. Au nord, la For\u00eat de Bavi\u00e8re fait une apparition subtile mais impressionnante, son \u00e9tendue verdoyante t\u00e9moignant de la grandeur de la nature. Car Ratisbonne est une ville qui ch\u00e9rit ses espaces verts, et cette carte les met en valeur avec un soin amoureux. Plus au sud, le serein D\u00f6rnbergpark apporte une touche de tranquillit\u00e9, ses all\u00e9es paisibles et ses \u00e9tangs sereins offrant une \u00e9chapp\u00e9e parfaite loin de l&rsquo;effervescence de la ville. La cath\u00e9drale de Ratisbonne, avec ses fl\u00e8ches alti\u00e8res, se dresse fi\u00e8rement au c\u0153ur de la cit\u00e9, phare de splendeur gothique qui a \u00e9t\u00e9 le t\u00e9moin silencieux de plusieurs si\u00e8cles d&rsquo;histoire. Tout pr\u00e8s, le Pont de Pierre s&rsquo;arque avec gr\u00e2ce au-dessus du Danube, merveille m\u00e9di\u00e9vale qui a r\u00e9sist\u00e9 \u00e0 l&rsquo;\u00e9preuve du temps \u2014 et aux crues occasionnelles. Avec un clin d&rsquo;\u0153il \u00e0 la modernit\u00e9, la carte met \u00e9galement en valeur l&rsquo;Universit\u00e9 de Ratisbonne, foyer de savoir et d&rsquo;\u00e9nergie juv\u00e9nile, nich\u00e9e au c\u0153ur des tr\u00e9sors historiques de la ville. La juxtaposition de l&rsquo;ancien et du contemporain fait de Ratisbonne une ville de contrastes, tous magnifiquement saisis dans cette carte.<\/p>\n","protected":false},"excerpt":{"rendered":"<p>Obtenez une City Map \u2013 Carte de ville murale &#8211; imprim\u00e9e de la ville de Ratisbonne, Allemagne.<br \/>\nChoisissez ci-dessous la taille, la couleur et le design de votre carte !<\/p>\n","protected":false},"featured_media":23184,"template":"","meta":{"_uag_custom_page_level_css":"","_monsterinsights_skip_tracking":false,"_monsterinsights_sitenote_active":false,"_monsterinsights_sitenote_note":"","_monsterinsights_sitenote_category":0,"site-sidebar-layout":"default","site-content-layout":"","ast-site-content-layout":"default","site-content-style":"default","site-sidebar-style":"default","ast-global-header-display":"","ast-banner-title-visibility":"","ast-main-header-display":"","ast-hfb-above-header-display":"","ast-hfb-below-header-display":"","ast-hfb-mobile-header-display":"","site-post-title":"","ast-breadcrumbs-content":"","ast-featured-img":"","footer-sml-layout":"","ast-disable-related-posts":"","theme-transparent-header-meta":"default","adv-header-id-meta":"","stick-header-meta":"","header-above-stick-meta":"","header-main-stick-meta":"","header-below-stick-meta":"","astra-migrate-meta-layouts":"set","ast-page-background-enabled":"default","ast-page-background-meta":{"desktop":{"background-color":"","background-image":"","background-repeat":"repeat","background-position":"center center","background-size":"auto","background-attachment":"scroll","background-type":"","background-media":"","overlay-type":"","overlay-color":"","overlay-opacity":"","overlay-gradient":""},"tablet":{"background-color":"","background-image":"","background-repeat":"repeat","background-position":"center center","background-size":"auto","background-attachment":"scroll","background-type":"","background-media":"","overlay-type":"","overlay-color":"","overlay-opacity":"","overlay-gradient":""},"mobile":{"background-color":"","background-image":"","background-repeat":"repeat","background-position":"center center","background-size":"auto","background-attachment":"scroll","background-type":"","background-media":"","overlay-type":"","overlay-color":"","overlay-opacity":"","overlay-gradient":""}},"ast-content-background-meta":{"desktop":{"background-color":"var(--ast-global-color-5)","background-image":"","background-repeat":"repeat","background-position":"center center","background-size":"auto","background-attachment":"scroll","background-type":"","background-media":"","overlay-type":"","overlay-color":"","overlay-opacity":"","overlay-gradient":""},"tablet":{"background-color":"var(--ast-global-color-5)","background-image":"","background-repeat":"repeat","background-position":"center center","background-size":"auto","background-attachment":"scroll","background-type":"","background-media":"","overlay-type":"","overlay-color":"","overlay-opacity":"","overlay-gradient":""},"mobile":{"background-color":"var(--ast-global-color-5)","background-image":"","background-repeat":"repeat","background-position":"center center","background-size":"auto","background-attachment":"scroll","background-type":"","background-media":"","overlay-type":"","overlay-color":"","overlay-opacity":"","overlay-gradient":""}}},"product_brand":[],"product_cat":[18],"product_tag":[34,35,36,37,39,40,379,93,173,1080,1081],"class_list":{"0":"post-21578","1":"product","2":"type-product","3":"status-publish","4":"has-post-thumbnail","6":"product_cat-city-maps","7":"product_tag-30x40","8":"product_tag-40x50","9":"product_tag-50x70","10":"product_tag-70x100","11":"product_tag-canvas","12":"product_tag-city-map","13":"product_tag-deutschland","14":"product_tag-europe","15":"product_tag-germany","16":"product_tag-ratisbonne","17":"product_tag-regensburg","18":"desktop-align-left","19":"tablet-align-left","20":"mobile-align-left","22":"first","23":"instock","24":"shipping-taxable","25":"purchasable","26":"product-type-variable"},"aioseo_notices":[],"uagb_featured_image_src":{"full":["https:\/\/mapospheres.eu\/wp-content\/uploads\/2026\/03\/CANVAS_15_REDROUND_5_REGENSBURG.jpg",1000,1000,false],"thumbnail":["https:\/\/mapospheres.eu\/wp-content\/uploads\/2026\/03\/CANVAS_15_REDROUND_5_REGENSBURG-150x150.jpg",150,150,true],"medium":["https:\/\/mapospheres.eu\/wp-content\/uploads\/2026\/03\/CANVAS_15_REDROUND_5_REGENSBURG-300x300.jpg",300,300,true],"medium_large":["https:\/\/mapospheres.eu\/wp-content\/uploads\/2026\/03\/CANVAS_15_REDROUND_5_REGENSBURG-768x768.jpg",768,768,true],"large":["https:\/\/mapospheres.eu\/wp-content\/uploads\/2026\/03\/CANVAS_15_REDROUND_5_REGENSBURG.jpg",1000,1000,false],"1536x1536":["https:\/\/mapospheres.eu\/wp-content\/uploads\/2026\/03\/CANVAS_15_REDROUND_5_REGENSBURG.jpg",1000,1000,false],"2048x2048":["https:\/\/mapospheres.eu\/wp-content\/uploads\/2026\/03\/CANVAS_15_REDROUND_5_REGENSBURG.jpg",1000,1000,false],"woocommerce_thumbnail":["https:\/\/mapospheres.eu\/wp-content\/uploads\/2026\/03\/CANVAS_15_REDROUND_5_REGENSBURG-300x300.jpg",300,300,true],"woocommerce_single":["https:\/\/mapospheres.eu\/wp-content\/uploads\/2026\/03\/CANVAS_15_REDROUND_5_REGENSBURG-600x600.jpg",600,600,true],"woocommerce_gallery_thumbnail":["https:\/\/mapospheres.eu\/wp-content\/uploads\/2026\/03\/CANVAS_15_REDROUND_5_REGENSBURG-100x100.jpg",100,100,true]},"uagb_author_info":{"display_name":"sgainot04@gmail.com","author_link":"https:\/\/mapospheres.eu\/fr\/author\/"},"uagb_comment_info":0,"uagb_excerpt":"Obtenez une City Map \u2013 Carte de ville murale - imprim\u00e9e de la ville de Ratisbonne, Allemagne. Choisissez ci-dessous la taille, la couleur et le design de votre carte !","_links":{"self":[{"href":"https:\/\/mapospheres.eu\/fr\/wp-json\/wp\/v2\/product\/21578","targetHints":{"allow":["GET"]}}],"collection":[{"href":"https:\/\/mapospheres.eu\/fr\/wp-json\/wp\/v2\/product"}],"about":[{"href":"https:\/\/mapospheres.eu\/fr\/wp-json\/wp\/v2\/types\/product"}],"wp:featuredmedia":[{"embeddable":true,"href":"https:\/\/mapospheres.eu\/fr\/wp-json\/wp\/v2\/media\/23184"}],"wp:attachment":[{"href":"https:\/\/mapospheres.eu\/fr\/wp-json\/wp\/v2\/media?parent=21578"}],"wp:term":[{"taxonomy":"product_brand","embeddable":true,"href":"https:\/\/mapospheres.eu\/fr\/wp-json\/wp\/v2\/product_brand?post=21578"},{"taxonomy":"product_cat","embeddable":true,"href":"https:\/\/mapospheres.eu\/fr\/wp-json\/wp\/v2\/product_cat?post=21578"},{"taxonomy":"product_tag","embeddable":true,"href":"https:\/\/mapospheres.eu\/fr\/wp-json\/wp\/v2\/product_tag?post=21578"}],"curies":[{"name":"wp","href":"https:\/\/api.w.org\/{rel}","templated":true}]}}