{"id":21582,"date":"2026-03-17T14:02:28","date_gmt":"2026-03-17T14:02:28","guid":{"rendered":"https:\/\/mapospheres.eu\/product\/poster-of-la-reunion-france\/"},"modified":"2026-03-23T10:18:46","modified_gmt":"2026-03-23T10:18:46","slug":"poster-of-la-reunion-france","status":"publish","type":"product","link":"https:\/\/mapospheres.eu\/fr\/product\/poster-de-la-reunion-france\/","title":{"rendered":"Poster de La R\u00e9union | France"},"content":{"rendered":"<p><strong>Poster City map de La R\u00e9union, France : explorez cette \u00eele enchanteresse, une \u0153uvre d&rsquo;art captivante qui donne vie aux paysages dramatiques de La R\u00e9union.<\/strong><\/p>\n<p>Posez les yeux sur le relief sauvage de l&rsquo;\u00eele, avec ses sommets volcaniques vertigineux et ses vall\u00e9es luxuriantes d&rsquo;un vert profond. Le majestueux Piton de la Fournaise, l&rsquo;un des volcans les plus actifs du monde, s&rsquo;impose avec une pr\u00e9sence \u00e0 couper le souffle, g\u00e9ant de feu qui a fa\u00e7onn\u00e9 la g\u00e9ographie si unique de l&rsquo;\u00eele. Tout pr\u00e8s, l&rsquo;ancien Piton des Neiges s&rsquo;\u00e9l\u00e8ve encore plus haut, contraste serein avec son cousin plus fougueux, et point culminant de l&rsquo;\u00eele. Notre carte illustre avec minutie la topographie si diverse de l&rsquo;\u00eele, des plaines c\u00f4ti\u00e8res aux hauteurs vertigineuses des Cirques de Mafate, Cilaos et Salazie. Ces amphith\u00e9\u00e2tres naturels, sculpt\u00e9s par des mill\u00e9naires d&rsquo;\u00e9rosion, sont repr\u00e9sent\u00e9s avec un d\u00e9tail saisissant, mettant en valeur leurs falaises abruptes et leurs int\u00e9rieurs verdoyants. Ces Cirques ne sont pas de simples formations g\u00e9ographiques \u2014 ils sont l&rsquo;\u00e2me et le c\u0153ur de La R\u00e9union, offrant un aper\u00e7u de la beaut\u00e9 sauvage de l&rsquo;\u00eele. La luxuriante for\u00eat de B\u00e9bour-B\u00e9louve vous invite \u00e0 imaginer sa canop\u00e9e de foug\u00e8res g\u00e9antes et la riche biodiversit\u00e9 qui l&rsquo;habite. La carte capture \u00e9galement les sentiers sinueux et les cols de montagne qui appellent les aventuriers \u00e0 explorer sans fin.<\/p>\n","protected":false},"excerpt":{"rendered":"<p>Obtenez une City Map \u2013 Carte de ville murale &#8211; imprim\u00e9e de la ville de La R\u00e9union, France.<br \/>\nChoisissez ci-dessous la taille, la couleur et le design de votre carte !<\/p>\n","protected":false},"featured_media":22901,"template":"","meta":{"_uag_custom_page_level_css":"","_monsterinsights_skip_tracking":false,"_monsterinsights_sitenote_active":false,"_monsterinsights_sitenote_note":"","_monsterinsights_sitenote_category":0,"site-sidebar-layout":"default","site-content-layout":"","ast-site-content-layout":"default","site-content-style":"default","site-sidebar-style":"default","ast-global-header-display":"","ast-banner-title-visibility":"","ast-main-header-display":"","ast-hfb-above-header-display":"","ast-hfb-below-header-display":"","ast-hfb-mobile-header-display":"","site-post-title":"","ast-breadcrumbs-content":"","ast-featured-img":"","footer-sml-layout":"","ast-disable-related-posts":"","theme-transparent-header-meta":"default","adv-header-id-meta":"","stick-header-meta":"","header-above-stick-meta":"","header-main-stick-meta":"","header-below-stick-meta":"","astra-migrate-meta-layouts":"set","ast-page-background-enabled":"default","ast-page-background-meta":{"desktop":{"background-color":"","background-image":"","background-repeat":"repeat","background-position":"center center","background-size":"auto","background-attachment":"scroll","background-type":"","background-media":"","overlay-type":"","overlay-color":"","overlay-opacity":"","overlay-gradient":""},"tablet":{"background-color":"","background-image":"","background-repeat":"repeat","background-position":"center center","background-size":"auto","background-attachment":"scroll","background-type":"","background-media":"","overlay-type":"","overlay-color":"","overlay-opacity":"","overlay-gradient":""},"mobile":{"background-color":"","background-image":"","background-repeat":"repeat","background-position":"center center","background-size":"auto","background-attachment":"scroll","background-type":"","background-media":"","overlay-type":"","overlay-color":"","overlay-opacity":"","overlay-gradient":""}},"ast-content-background-meta":{"desktop":{"background-color":"var(--ast-global-color-5)","background-image":"","background-repeat":"repeat","background-position":"center center","background-size":"auto","background-attachment":"scroll","background-type":"","background-media":"","overlay-type":"","overlay-color":"","overlay-opacity":"","overlay-gradient":""},"tablet":{"background-color":"var(--ast-global-color-5)","background-image":"","background-repeat":"repeat","background-position":"center center","background-size":"auto","background-attachment":"scroll","background-type":"","background-media":"","overlay-type":"","overlay-color":"","overlay-opacity":"","overlay-gradient":""},"mobile":{"background-color":"var(--ast-global-color-5)","background-image":"","background-repeat":"repeat","background-position":"center center","background-size":"auto","background-attachment":"scroll","background-type":"","background-media":"","overlay-type":"","overlay-color":"","overlay-opacity":"","overlay-gradient":""}}},"product_brand":[],"product_cat":[18,464],"product_tag":[34,35,36,37,97,39,40,93,100,102],"class_list":{"0":"post-21582","1":"product","2":"type-product","3":"status-publish","4":"has-post-thumbnail","6":"product_cat-city-maps","7":"product_cat-featured_fr","8":"product_tag-30x40","9":"product_tag-40x50","10":"product_tag-50x70","11":"product_tag-70x100","12":"product_tag-africa","13":"product_tag-canvas","14":"product_tag-city-map","15":"product_tag-europe","16":"product_tag-france","17":"product_tag-la-reunion","18":"desktop-align-left","19":"tablet-align-left","20":"mobile-align-left","22":"first","23":"instock","24":"shipping-taxable","25":"purchasable","26":"product-type-variable"},"aioseo_notices":[],"uagb_featured_image_src":{"full":["https:\/\/mapospheres.eu\/wp-content\/uploads\/2026\/03\/CANVAS_11_NIGHT_3RD_1_LAREUNION.jpg",1000,1000,false],"thumbnail":["https:\/\/mapospheres.eu\/wp-content\/uploads\/2026\/03\/CANVAS_11_NIGHT_3RD_1_LAREUNION-150x150.jpg",150,150,true],"medium":["https:\/\/mapospheres.eu\/wp-content\/uploads\/2026\/03\/CANVAS_11_NIGHT_3RD_1_LAREUNION-300x300.jpg",300,300,true],"medium_large":["https:\/\/mapospheres.eu\/wp-content\/uploads\/2026\/03\/CANVAS_11_NIGHT_3RD_1_LAREUNION-768x768.jpg",768,768,true],"large":["https:\/\/mapospheres.eu\/wp-content\/uploads\/2026\/03\/CANVAS_11_NIGHT_3RD_1_LAREUNION.jpg",1000,1000,false],"1536x1536":["https:\/\/mapospheres.eu\/wp-content\/uploads\/2026\/03\/CANVAS_11_NIGHT_3RD_1_LAREUNION.jpg",1000,1000,false],"2048x2048":["https:\/\/mapospheres.eu\/wp-content\/uploads\/2026\/03\/CANVAS_11_NIGHT_3RD_1_LAREUNION.jpg",1000,1000,false],"woocommerce_thumbnail":["https:\/\/mapospheres.eu\/wp-content\/uploads\/2026\/03\/CANVAS_11_NIGHT_3RD_1_LAREUNION-300x300.jpg",300,300,true],"woocommerce_single":["https:\/\/mapospheres.eu\/wp-content\/uploads\/2026\/03\/CANVAS_11_NIGHT_3RD_1_LAREUNION-600x600.jpg",600,600,true],"woocommerce_gallery_thumbnail":["https:\/\/mapospheres.eu\/wp-content\/uploads\/2026\/03\/CANVAS_11_NIGHT_3RD_1_LAREUNION-100x100.jpg",100,100,true]},"uagb_author_info":{"display_name":"sgainot04@gmail.com","author_link":"https:\/\/mapospheres.eu\/fr\/author\/"},"uagb_comment_info":0,"uagb_excerpt":"Obtenez une City Map \u2013 Carte de ville murale - imprim\u00e9e de la ville de La R\u00e9union, France. Choisissez ci-dessous la taille, la couleur et le design de votre carte !","_links":{"self":[{"href":"https:\/\/mapospheres.eu\/fr\/wp-json\/wp\/v2\/product\/21582","targetHints":{"allow":["GET"]}}],"collection":[{"href":"https:\/\/mapospheres.eu\/fr\/wp-json\/wp\/v2\/product"}],"about":[{"href":"https:\/\/mapospheres.eu\/fr\/wp-json\/wp\/v2\/types\/product"}],"wp:featuredmedia":[{"embeddable":true,"href":"https:\/\/mapospheres.eu\/fr\/wp-json\/wp\/v2\/media\/22901"}],"wp:attachment":[{"href":"https:\/\/mapospheres.eu\/fr\/wp-json\/wp\/v2\/media?parent=21582"}],"wp:term":[{"taxonomy":"product_brand","embeddable":true,"href":"https:\/\/mapospheres.eu\/fr\/wp-json\/wp\/v2\/product_brand?post=21582"},{"taxonomy":"product_cat","embeddable":true,"href":"https:\/\/mapospheres.eu\/fr\/wp-json\/wp\/v2\/product_cat?post=21582"},{"taxonomy":"product_tag","embeddable":true,"href":"https:\/\/mapospheres.eu\/fr\/wp-json\/wp\/v2\/product_tag?post=21582"}],"curies":[{"name":"wp","href":"https:\/\/api.w.org\/{rel}","templated":true}]}}