{"id":21597,"date":"2026-03-17T14:03:36","date_gmt":"2026-03-17T14:03:36","guid":{"rendered":"https:\/\/mapospheres.eu\/product\/poster-of-dresden-germany\/"},"modified":"2026-03-19T10:23:24","modified_gmt":"2026-03-19T10:23:24","slug":"poster-of-dresden-germany","status":"publish","type":"product","link":"https:\/\/mapospheres.eu\/fr\/product\/poster-de-dresde-allemagne\/","title":{"rendered":"Poster de Dresde | Allemagne"},"content":{"rendered":"<p><strong>Poster City map de Dresde, Allemagne : explorez ce joyau de la Saxe<\/strong><\/p>\n<p>En posant les yeux sur notre carte, vous serez captiv\u00e9 par les d\u00e9tails minutieux de la g\u00e9ographie de Dresde. Des collines ondulantes du Parc National de la Suisse saxonne, o\u00f9 des falaises escarp\u00e9es et des for\u00eats verdoyantes cr\u00e9ent un terrain de jeu naturel pour les aventuriers et les amoureux de la nature, aux rives sereines de l&rsquo;Elbe, o\u00f9 de majestueux ponts enjambent les eaux et o\u00f9 les promenades fluviales vous invitent \u00e0 fl\u00e2ner et \u00e0 vous impr\u00e9gner du panorama, le relief de Dresde est aussi vari\u00e9 qu&rsquo;\u00e0 couper le souffle. Mais ce n&rsquo;est pas seulement la beaut\u00e9 naturelle qui rend Dresde si singuli\u00e8re \u2014 la ville abrite \u00e9galement une constellation de lieux embl\u00e9matiques qui ajoutent \u00e0 son charme incomparable. La silhouette majestueuse de la Frauenkirche de Dresde se dresse fi\u00e8rement sur la ligne d&rsquo;horizon, son d\u00f4me \u00e9l\u00e9gant symbole de r\u00e9silience et de renaissance apr\u00e8s les ravages de la guerre. Tout pr\u00e8s, la grandeur du Palais Zwinger captive par sa splendeur baroque, abritant des tr\u00e9sors inestimables et enchantant les visiteurs avec ses jardins ornementaux et ses cours grandioses. De l&rsquo;\u00e9nergie bouillonnante du Neumarkt, o\u00f9 march\u00e9s anim\u00e9s et artistes de rue cr\u00e9ent une atmosph\u00e8re de f\u00eate perp\u00e9tuelle, \u00e0 la beaut\u00e9 apaisante du Grosser Garten, o\u00f9 des pelouses soign\u00e9es et des parterres fleuris offrent une \u00e9chapp\u00e9e sereine loin de l&rsquo;agitation urbaine, le paysage de Dresde est aussi envo\u00fbtant qu&rsquo;intemporel.<\/p>\n","protected":false},"excerpt":{"rendered":"<p>Obtenez une City Map \u2013 Carte de ville murale &#8211; imprim\u00e9e de la ville de Dresde, Allemagne.<br \/>\nChoisissez ci-dessous la taille, la couleur et le design de votre carte !<\/p>\n","protected":false},"featured_media":22135,"template":"","meta":{"_uag_custom_page_level_css":"","_monsterinsights_skip_tracking":false,"_monsterinsights_sitenote_active":false,"_monsterinsights_sitenote_note":"","_monsterinsights_sitenote_category":0,"site-sidebar-layout":"default","site-content-layout":"","ast-site-content-layout":"default","site-content-style":"default","site-sidebar-style":"default","ast-global-header-display":"","ast-banner-title-visibility":"","ast-main-header-display":"","ast-hfb-above-header-display":"","ast-hfb-below-header-display":"","ast-hfb-mobile-header-display":"","site-post-title":"","ast-breadcrumbs-content":"","ast-featured-img":"","footer-sml-layout":"","ast-disable-related-posts":"","theme-transparent-header-meta":"default","adv-header-id-meta":"","stick-header-meta":"","header-above-stick-meta":"","header-main-stick-meta":"","header-below-stick-meta":"","astra-migrate-meta-layouts":"set","ast-page-background-enabled":"default","ast-page-background-meta":{"desktop":{"background-color":"","background-image":"","background-repeat":"repeat","background-position":"center center","background-size":"auto","background-attachment":"scroll","background-type":"","background-media":"","overlay-type":"","overlay-color":"","overlay-opacity":"","overlay-gradient":""},"tablet":{"background-color":"","background-image":"","background-repeat":"repeat","background-position":"center center","background-size":"auto","background-attachment":"scroll","background-type":"","background-media":"","overlay-type":"","overlay-color":"","overlay-opacity":"","overlay-gradient":""},"mobile":{"background-color":"","background-image":"","background-repeat":"repeat","background-position":"center center","background-size":"auto","background-attachment":"scroll","background-type":"","background-media":"","overlay-type":"","overlay-color":"","overlay-opacity":"","overlay-gradient":""}},"ast-content-background-meta":{"desktop":{"background-color":"var(--ast-global-color-5)","background-image":"","background-repeat":"repeat","background-position":"center center","background-size":"auto","background-attachment":"scroll","background-type":"","background-media":"","overlay-type":"","overlay-color":"","overlay-opacity":"","overlay-gradient":""},"tablet":{"background-color":"var(--ast-global-color-5)","background-image":"","background-repeat":"repeat","background-position":"center center","background-size":"auto","background-attachment":"scroll","background-type":"","background-media":"","overlay-type":"","overlay-color":"","overlay-opacity":"","overlay-gradient":""},"mobile":{"background-color":"var(--ast-global-color-5)","background-image":"","background-repeat":"repeat","background-position":"center center","background-size":"auto","background-attachment":"scroll","background-type":"","background-media":"","overlay-type":"","overlay-color":"","overlay-opacity":"","overlay-gradient":""}}},"product_brand":[],"product_cat":[18],"product_tag":[34,35,36,37,1030,170,39,40,379,1045,93,173,205],"class_list":{"0":"post-21597","1":"product","2":"type-product","3":"status-publish","4":"has-post-thumbnail","6":"product_cat-city-maps","7":"product_tag-30x40","8":"product_tag-40x50","9":"product_tag-50x70","10":"product_tag-70x100","11":"product_tag-alemania","12":"product_tag-allemagne","13":"product_tag-canvas","14":"product_tag-city-map","15":"product_tag-deutschland","16":"product_tag-dresden","17":"product_tag-europe","18":"product_tag-germany","19":"product_tag-sachsen","20":"desktop-align-left","21":"tablet-align-left","22":"mobile-align-left","24":"first","25":"instock","26":"shipping-taxable","27":"purchasable","28":"product-type-variable"},"aioseo_notices":[],"uagb_featured_image_src":{"full":["https:\/\/mapospheres.eu\/wp-content\/uploads\/2026\/03\/CANVAS_12_RED_2_DRESDEN.jpg",1000,1000,false],"thumbnail":["https:\/\/mapospheres.eu\/wp-content\/uploads\/2026\/03\/CANVAS_12_RED_2_DRESDEN-150x150.jpg",150,150,true],"medium":["https:\/\/mapospheres.eu\/wp-content\/uploads\/2026\/03\/CANVAS_12_RED_2_DRESDEN-300x300.jpg",300,300,true],"medium_large":["https:\/\/mapospheres.eu\/wp-content\/uploads\/2026\/03\/CANVAS_12_RED_2_DRESDEN-768x768.jpg",768,768,true],"large":["https:\/\/mapospheres.eu\/wp-content\/uploads\/2026\/03\/CANVAS_12_RED_2_DRESDEN.jpg",1000,1000,false],"1536x1536":["https:\/\/mapospheres.eu\/wp-content\/uploads\/2026\/03\/CANVAS_12_RED_2_DRESDEN.jpg",1000,1000,false],"2048x2048":["https:\/\/mapospheres.eu\/wp-content\/uploads\/2026\/03\/CANVAS_12_RED_2_DRESDEN.jpg",1000,1000,false],"woocommerce_thumbnail":["https:\/\/mapospheres.eu\/wp-content\/uploads\/2026\/03\/CANVAS_12_RED_2_DRESDEN-300x300.jpg",300,300,true],"woocommerce_single":["https:\/\/mapospheres.eu\/wp-content\/uploads\/2026\/03\/CANVAS_12_RED_2_DRESDEN-600x600.jpg",600,600,true],"woocommerce_gallery_thumbnail":["https:\/\/mapospheres.eu\/wp-content\/uploads\/2026\/03\/CANVAS_12_RED_2_DRESDEN-100x100.jpg",100,100,true]},"uagb_author_info":{"display_name":"sgainot04@gmail.com","author_link":"https:\/\/mapospheres.eu\/fr\/author\/"},"uagb_comment_info":0,"uagb_excerpt":"Obtenez une City Map \u2013 Carte de ville murale - imprim\u00e9e de la ville de Dresde, Allemagne. Choisissez ci-dessous la taille, la couleur et le design de votre carte !","_links":{"self":[{"href":"https:\/\/mapospheres.eu\/fr\/wp-json\/wp\/v2\/product\/21597","targetHints":{"allow":["GET"]}}],"collection":[{"href":"https:\/\/mapospheres.eu\/fr\/wp-json\/wp\/v2\/product"}],"about":[{"href":"https:\/\/mapospheres.eu\/fr\/wp-json\/wp\/v2\/types\/product"}],"wp:featuredmedia":[{"embeddable":true,"href":"https:\/\/mapospheres.eu\/fr\/wp-json\/wp\/v2\/media\/22135"}],"wp:attachment":[{"href":"https:\/\/mapospheres.eu\/fr\/wp-json\/wp\/v2\/media?parent=21597"}],"wp:term":[{"taxonomy":"product_brand","embeddable":true,"href":"https:\/\/mapospheres.eu\/fr\/wp-json\/wp\/v2\/product_brand?post=21597"},{"taxonomy":"product_cat","embeddable":true,"href":"https:\/\/mapospheres.eu\/fr\/wp-json\/wp\/v2\/product_cat?post=21597"},{"taxonomy":"product_tag","embeddable":true,"href":"https:\/\/mapospheres.eu\/fr\/wp-json\/wp\/v2\/product_tag?post=21597"}],"curies":[{"name":"wp","href":"https:\/\/api.w.org\/{rel}","templated":true}]}}