{"id":21603,"date":"2026-03-17T14:04:04","date_gmt":"2026-03-17T14:04:04","guid":{"rendered":"https:\/\/mapospheres.eu\/product\/poster-of-stuttgart-germany\/"},"modified":"2026-03-18T11:13:15","modified_gmt":"2026-03-18T11:13:15","slug":"poster-of-stuttgart-germany","status":"publish","type":"product","link":"https:\/\/mapospheres.eu\/fr\/product\/poster-de-stuttgart-allemagne\/","title":{"rendered":"Poster de Stuttgart | Allemagne"},"content":{"rendered":"<p><strong>Poster City map de Stuttgart, Bade-Wurtemberg : un voyage visuel plein de reliefs et de surprises !<\/strong><\/p>\n<p>Imaginez : les espaces verts luxuriants du Schlossgarten, o\u00f9 la nature \u00e9pouse le charme urbain, vous invitant \u00e0 la fl\u00e2nerie. Et n&rsquo;oublions pas le majestueux Neckar, qui serpente \u00e0 travers la ville comme un ruban d&rsquo;argent, apportant une touche d&rsquo;\u00e9l\u00e9gance fluide au paysage. Zoomez, et vous apercevrez l&#8217;embl\u00e9matique Fernsehturm Stuttgart se dresser fi\u00e8rement, tel un point d&rsquo;exclamation espi\u00e8gle sur la ligne d&rsquo;horizon de la ville. Et ne passons pas sous silence les vignobles envo\u00fbtants qui habillent les coteaux, les parant de nuances de vert et d&rsquo;or. Quant au relief, la topographie de Stuttgart est un v\u00e9ritable voyage en montagnes russes pour les yeux, avec ses collines et ses vall\u00e9es composant un festin visuel plein de dynamisme. C&rsquo;est comme le parc d&rsquo;attractions de la nature elle-m\u00eame, offrant des panoramas \u00e0 couper le souffle \u00e0 chaque d\u00e9tour.<\/p>\n","protected":false},"excerpt":{"rendered":"<p>Obtenez une City Map \u2013 Carte de ville murale &#8211; imprim\u00e9e de la ville de Stuttgart, Allemagne.<br \/>\nChoisissez ci-dessous la taille, la couleur et le design de votre carte !<\/p>\n","protected":false},"featured_media":21875,"template":"","meta":{"_uag_custom_page_level_css":"","_monsterinsights_skip_tracking":false,"_monsterinsights_sitenote_active":false,"_monsterinsights_sitenote_note":"","_monsterinsights_sitenote_category":0,"site-sidebar-layout":"default","site-content-layout":"","ast-site-content-layout":"default","site-content-style":"default","site-sidebar-style":"default","ast-global-header-display":"","ast-banner-title-visibility":"","ast-main-header-display":"","ast-hfb-above-header-display":"","ast-hfb-below-header-display":"","ast-hfb-mobile-header-display":"","site-post-title":"","ast-breadcrumbs-content":"","ast-featured-img":"","footer-sml-layout":"","ast-disable-related-posts":"","theme-transparent-header-meta":"default","adv-header-id-meta":"","stick-header-meta":"","header-above-stick-meta":"","header-main-stick-meta":"","header-below-stick-meta":"","astra-migrate-meta-layouts":"set","ast-page-background-enabled":"default","ast-page-background-meta":{"desktop":{"background-color":"","background-image":"","background-repeat":"repeat","background-position":"center center","background-size":"auto","background-attachment":"scroll","background-type":"","background-media":"","overlay-type":"","overlay-color":"","overlay-opacity":"","overlay-gradient":""},"tablet":{"background-color":"","background-image":"","background-repeat":"repeat","background-position":"center center","background-size":"auto","background-attachment":"scroll","background-type":"","background-media":"","overlay-type":"","overlay-color":"","overlay-opacity":"","overlay-gradient":""},"mobile":{"background-color":"","background-image":"","background-repeat":"repeat","background-position":"center center","background-size":"auto","background-attachment":"scroll","background-type":"","background-media":"","overlay-type":"","overlay-color":"","overlay-opacity":"","overlay-gradient":""}},"ast-content-background-meta":{"desktop":{"background-color":"var(--ast-global-color-5)","background-image":"","background-repeat":"repeat","background-position":"center center","background-size":"auto","background-attachment":"scroll","background-type":"","background-media":"","overlay-type":"","overlay-color":"","overlay-opacity":"","overlay-gradient":""},"tablet":{"background-color":"var(--ast-global-color-5)","background-image":"","background-repeat":"repeat","background-position":"center center","background-size":"auto","background-attachment":"scroll","background-type":"","background-media":"","overlay-type":"","overlay-color":"","overlay-opacity":"","overlay-gradient":""},"mobile":{"background-color":"var(--ast-global-color-5)","background-image":"","background-repeat":"repeat","background-position":"center center","background-size":"auto","background-attachment":"scroll","background-type":"","background-media":"","overlay-type":"","overlay-color":"","overlay-opacity":"","overlay-gradient":""}}},"product_brand":[],"product_cat":[18],"product_tag":[1013],"class_list":{"0":"post-21603","1":"product","2":"type-product","3":"status-publish","4":"has-post-thumbnail","6":"product_cat-city-maps","7":"product_tag-30x40-40x50-50x70-70x100-alemania-allemagne-baden-canvas-city-map-deutschland-europe-germany-stuttgart-wurttemberg","8":"desktop-align-left","9":"tablet-align-left","10":"mobile-align-left","12":"first","13":"instock","14":"shipping-taxable","15":"purchasable","16":"product-type-variable"},"aioseo_notices":[],"uagb_featured_image_src":{"full":["https:\/\/mapospheres.eu\/wp-content\/uploads\/2026\/03\/CANVAS_11_NIGHT_3RD_1_STUTTGART.jpg",1000,1000,false],"thumbnail":["https:\/\/mapospheres.eu\/wp-content\/uploads\/2026\/03\/CANVAS_11_NIGHT_3RD_1_STUTTGART-150x150.jpg",150,150,true],"medium":["https:\/\/mapospheres.eu\/wp-content\/uploads\/2026\/03\/CANVAS_11_NIGHT_3RD_1_STUTTGART-300x300.jpg",300,300,true],"medium_large":["https:\/\/mapospheres.eu\/wp-content\/uploads\/2026\/03\/CANVAS_11_NIGHT_3RD_1_STUTTGART-768x768.jpg",768,768,true],"large":["https:\/\/mapospheres.eu\/wp-content\/uploads\/2026\/03\/CANVAS_11_NIGHT_3RD_1_STUTTGART.jpg",1000,1000,false],"1536x1536":["https:\/\/mapospheres.eu\/wp-content\/uploads\/2026\/03\/CANVAS_11_NIGHT_3RD_1_STUTTGART.jpg",1000,1000,false],"2048x2048":["https:\/\/mapospheres.eu\/wp-content\/uploads\/2026\/03\/CANVAS_11_NIGHT_3RD_1_STUTTGART.jpg",1000,1000,false],"woocommerce_thumbnail":["https:\/\/mapospheres.eu\/wp-content\/uploads\/2026\/03\/CANVAS_11_NIGHT_3RD_1_STUTTGART-300x300.jpg",300,300,true],"woocommerce_single":["https:\/\/mapospheres.eu\/wp-content\/uploads\/2026\/03\/CANVAS_11_NIGHT_3RD_1_STUTTGART-600x600.jpg",600,600,true],"woocommerce_gallery_thumbnail":["https:\/\/mapospheres.eu\/wp-content\/uploads\/2026\/03\/CANVAS_11_NIGHT_3RD_1_STUTTGART-100x100.jpg",100,100,true]},"uagb_author_info":{"display_name":"sgainot04@gmail.com","author_link":"https:\/\/mapospheres.eu\/fr\/author\/"},"uagb_comment_info":0,"uagb_excerpt":"Obtenez une City Map \u2013 Carte de ville murale - imprim\u00e9e de la ville de Stuttgart, Allemagne. Choisissez ci-dessous la taille, la couleur et le design de votre carte !","_links":{"self":[{"href":"https:\/\/mapospheres.eu\/fr\/wp-json\/wp\/v2\/product\/21603","targetHints":{"allow":["GET"]}}],"collection":[{"href":"https:\/\/mapospheres.eu\/fr\/wp-json\/wp\/v2\/product"}],"about":[{"href":"https:\/\/mapospheres.eu\/fr\/wp-json\/wp\/v2\/types\/product"}],"wp:featuredmedia":[{"embeddable":true,"href":"https:\/\/mapospheres.eu\/fr\/wp-json\/wp\/v2\/media\/21875"}],"wp:attachment":[{"href":"https:\/\/mapospheres.eu\/fr\/wp-json\/wp\/v2\/media?parent=21603"}],"wp:term":[{"taxonomy":"product_brand","embeddable":true,"href":"https:\/\/mapospheres.eu\/fr\/wp-json\/wp\/v2\/product_brand?post=21603"},{"taxonomy":"product_cat","embeddable":true,"href":"https:\/\/mapospheres.eu\/fr\/wp-json\/wp\/v2\/product_cat?post=21603"},{"taxonomy":"product_tag","embeddable":true,"href":"https:\/\/mapospheres.eu\/fr\/wp-json\/wp\/v2\/product_tag?post=21603"}],"curies":[{"name":"wp","href":"https:\/\/api.w.org\/{rel}","templated":true}]}}