{"id":2679,"date":"2026-01-13T08:40:24","date_gmt":"2026-01-13T08:40:24","guid":{"rendered":"https:\/\/mapospheres.eu\/?post_type=product&#038;p=2679"},"modified":"2026-02-06T13:41:16","modified_gmt":"2026-02-06T13:41:16","slug":"poster-of-trujillo-peru","status":"publish","type":"product","link":"https:\/\/mapospheres.eu\/fr\/product\/poster-de-trujillo-perou\/","title":{"rendered":"Poster de Trujillo | P\u00e9rou"},"content":{"rendered":"<p><strong>Poster City map de Trujillo, P\u00e9rou: Les zones c\u00f4ti\u00e8res \u00e0 l&rsquo;ouest sont marqu\u00e9es par des kilom\u00e8tres de plages, o\u00f9 les eaux bleues du Pacifique s&rsquo;\u00e9crasent contre le rivage, offrant un contraste pittoresque avec les paysages arides \u00e0 proximit\u00e9.<\/strong><\/p>\n<p>Situ\u00e9e \u00e0 quelques miles \u00e0 l&rsquo;int\u00e9rieur des terres de l&rsquo;Oc\u00e9an Pacifique, Trujillo se trouve \u00e0 la limite d&rsquo;une vaste vall\u00e9e fertile, o\u00f9 la campagne s&rsquo;\u00e9tend dans toutes les directions. La carte met en \u00e9vidence la position de la ville entre l&rsquo;oc\u00e9an \u00e0 l&rsquo;ouest et les contreforts andins \u00e0 l&rsquo;est, avec le fleuve Moche qui traverse son c\u0153ur. Ces caract\u00e9ristiques g\u00e9ographiques fa\u00e7onnent non seulement le paysage de la ville, mais aussi son mode de vie, de l&rsquo;agriculture au commerce. Au centre de la carte se trouve la Plaza de Armas, le c\u0153ur battant du centre historique de Trujillo. Entour\u00e9e de grands b\u00e2timents coloniaux, cette plaza a \u00e9t\u00e9 le t\u00e9moin de si\u00e8cles d&rsquo;histoire, depuis l&rsquo;\u00e9poque Inca jusqu&rsquo;\u00e0 la conqu\u00eate espagnole. Le charme de l&rsquo;\u00e9poque coloniale de la ville est captur\u00e9 par la fa\u00e7on dont les rues serpentent et se connectent, cr\u00e9ant un agencement intemporel qui invite \u00e0 l&rsquo;exploration. Le parc voisin Parque Nacional de la Zona Arqueol\u00f3gica de Chan Chan offre un contraste unique, car il marque le site de l&rsquo;ancienne capitale de la civilisation Chim\u00fa, l&rsquo;une des plus grandes villes pr\u00e9colombiennes d&rsquo;Am\u00e9rique du Sud.<\/p>\n","protected":false},"excerpt":{"rendered":"<p>Obtenez une City Map \u2013 Carte de ville murale &#8211; imprim\u00e9e de la ville de Trujillo, P\u00e9rou.<br \/>\nChoisissez ci-dessous la taille, la couleur et le design de votre carte !<\/p>\n","protected":false},"featured_media":9636,"template":"","meta":{"_uag_custom_page_level_css":"","_monsterinsights_skip_tracking":false,"_monsterinsights_sitenote_active":false,"_monsterinsights_sitenote_note":"","_monsterinsights_sitenote_category":0,"site-sidebar-layout":"default","site-content-layout":"","ast-site-content-layout":"default","site-content-style":"default","site-sidebar-style":"default","ast-global-header-display":"","ast-banner-title-visibility":"","ast-main-header-display":"","ast-hfb-above-header-display":"","ast-hfb-below-header-display":"","ast-hfb-mobile-header-display":"","site-post-title":"","ast-breadcrumbs-content":"","ast-featured-img":"","footer-sml-layout":"","ast-disable-related-posts":"","theme-transparent-header-meta":"default","adv-header-id-meta":"","stick-header-meta":"","header-above-stick-meta":"","header-main-stick-meta":"","header-below-stick-meta":"","astra-migrate-meta-layouts":"set","ast-page-background-enabled":"default","ast-page-background-meta":{"desktop":{"background-color":"","background-image":"","background-repeat":"repeat","background-position":"center center","background-size":"auto","background-attachment":"scroll","background-type":"","background-media":"","overlay-type":"","overlay-color":"","overlay-opacity":"","overlay-gradient":""},"tablet":{"background-color":"","background-image":"","background-repeat":"repeat","background-position":"center center","background-size":"auto","background-attachment":"scroll","background-type":"","background-media":"","overlay-type":"","overlay-color":"","overlay-opacity":"","overlay-gradient":""},"mobile":{"background-color":"","background-image":"","background-repeat":"repeat","background-position":"center center","background-size":"auto","background-attachment":"scroll","background-type":"","background-media":"","overlay-type":"","overlay-color":"","overlay-opacity":"","overlay-gradient":""}},"ast-content-background-meta":{"desktop":{"background-color":"var(--ast-global-color-5)","background-image":"","background-repeat":"repeat","background-position":"center center","background-size":"auto","background-attachment":"scroll","background-type":"","background-media":"","overlay-type":"","overlay-color":"","overlay-opacity":"","overlay-gradient":""},"tablet":{"background-color":"var(--ast-global-color-5)","background-image":"","background-repeat":"repeat","background-position":"center center","background-size":"auto","background-attachment":"scroll","background-type":"","background-media":"","overlay-type":"","overlay-color":"","overlay-opacity":"","overlay-gradient":""},"mobile":{"background-color":"var(--ast-global-color-5)","background-image":"","background-repeat":"repeat","background-position":"center center","background-size":"auto","background-attachment":"scroll","background-type":"","background-media":"","overlay-type":"","overlay-color":"","overlay-opacity":"","overlay-gradient":""}}},"product_brand":[],"product_cat":[18],"product_tag":[34,35,36,37,39,40,49,42,264],"class_list":{"0":"post-2679","1":"product","2":"type-product","3":"status-publish","4":"has-post-thumbnail","6":"product_cat-city-maps","7":"product_tag-30x40","8":"product_tag-40x50","9":"product_tag-50x70","10":"product_tag-70x100","11":"product_tag-canvas","12":"product_tag-city-map","13":"product_tag-peru","14":"product_tag-south-america","15":"product_tag-trujillo","16":"desktop-align-left","17":"tablet-align-left","18":"mobile-align-left","20":"first","21":"instock","22":"shipping-taxable","23":"purchasable","24":"product-type-variable"},"aioseo_notices":[],"uagb_featured_image_src":{"full":["https:\/\/mapospheres.eu\/wp-content\/uploads\/2026\/01\/Z21_NIGHT_FULL__TRUJILLO.jpg",1000,1000,false],"thumbnail":["https:\/\/mapospheres.eu\/wp-content\/uploads\/2026\/01\/Z21_NIGHT_FULL__TRUJILLO-150x150.jpg",150,150,true],"medium":["https:\/\/mapospheres.eu\/wp-content\/uploads\/2026\/01\/Z21_NIGHT_FULL__TRUJILLO-300x300.jpg",300,300,true],"medium_large":["https:\/\/mapospheres.eu\/wp-content\/uploads\/2026\/01\/Z21_NIGHT_FULL__TRUJILLO-768x768.jpg",768,768,true],"large":["https:\/\/mapospheres.eu\/wp-content\/uploads\/2026\/01\/Z21_NIGHT_FULL__TRUJILLO.jpg",1000,1000,false],"1536x1536":["https:\/\/mapospheres.eu\/wp-content\/uploads\/2026\/01\/Z21_NIGHT_FULL__TRUJILLO.jpg",1000,1000,false],"2048x2048":["https:\/\/mapospheres.eu\/wp-content\/uploads\/2026\/01\/Z21_NIGHT_FULL__TRUJILLO.jpg",1000,1000,false],"woocommerce_thumbnail":["https:\/\/mapospheres.eu\/wp-content\/uploads\/2026\/01\/Z21_NIGHT_FULL__TRUJILLO-300x300.jpg",300,300,true],"woocommerce_single":["https:\/\/mapospheres.eu\/wp-content\/uploads\/2026\/01\/Z21_NIGHT_FULL__TRUJILLO-600x600.jpg",600,600,true],"woocommerce_gallery_thumbnail":["https:\/\/mapospheres.eu\/wp-content\/uploads\/2026\/01\/Z21_NIGHT_FULL__TRUJILLO-100x100.jpg",100,100,true]},"uagb_author_info":{"display_name":"sgainot04@gmail.com","author_link":"https:\/\/mapospheres.eu\/fr\/author\/"},"uagb_comment_info":0,"uagb_excerpt":"Obtenez une City Map \u2013 Carte de ville murale - imprim\u00e9e de la ville de Trujillo, P\u00e9rou. Choisissez ci-dessous la taille, la couleur et le design de votre carte !","_links":{"self":[{"href":"https:\/\/mapospheres.eu\/fr\/wp-json\/wp\/v2\/product\/2679","targetHints":{"allow":["GET"]}}],"collection":[{"href":"https:\/\/mapospheres.eu\/fr\/wp-json\/wp\/v2\/product"}],"about":[{"href":"https:\/\/mapospheres.eu\/fr\/wp-json\/wp\/v2\/types\/product"}],"wp:featuredmedia":[{"embeddable":true,"href":"https:\/\/mapospheres.eu\/fr\/wp-json\/wp\/v2\/media\/9636"}],"wp:attachment":[{"href":"https:\/\/mapospheres.eu\/fr\/wp-json\/wp\/v2\/media?parent=2679"}],"wp:term":[{"taxonomy":"product_brand","embeddable":true,"href":"https:\/\/mapospheres.eu\/fr\/wp-json\/wp\/v2\/product_brand?post=2679"},{"taxonomy":"product_cat","embeddable":true,"href":"https:\/\/mapospheres.eu\/fr\/wp-json\/wp\/v2\/product_cat?post=2679"},{"taxonomy":"product_tag","embeddable":true,"href":"https:\/\/mapospheres.eu\/fr\/wp-json\/wp\/v2\/product_tag?post=2679"}],"curies":[{"name":"wp","href":"https:\/\/api.w.org\/{rel}","templated":true}]}}