{"id":2759,"date":"2026-01-13T14:30:22","date_gmt":"2026-01-13T14:30:22","guid":{"rendered":"https:\/\/mapospheres.eu\/?post_type=product&#038;p=2759"},"modified":"2026-02-19T08:40:43","modified_gmt":"2026-02-19T08:40:43","slug":"poster-of-santa-cruz-de-la-sierra-bolivia","status":"publish","type":"product","link":"https:\/\/mapospheres.eu\/fr\/product\/poster-de-santa-cruz-de-la-sierra-bolivie\/","title":{"rendered":"Poster de Santa Cruz de la Sierra | Bolivie"},"content":{"rendered":"<p><strong>Poster City map de Santa Cruz de la Sierra, Bolivie: Autrefois un petit poste colonial, la ville s&rsquo;est d\u00e9velopp\u00e9e au fil des si\u00e8cles pour devenir la puissance \u00e9conomique de la Bolivie, et la carte refl\u00e8te cette transformation.<\/strong><\/p>\n<p>Situ\u00e9e dans les plaines basses de l&rsquo;est de la Bolivie, Santa Cruz est un endroit o\u00f9 le terrain plat s&rsquo;\u00e9tend dans toutes les directions, donnant \u00e0 la ville une impression d&rsquo;expansion. La carte capture les douces courbes du R\u00edo Pirai, qui traverse la ville, servant \u00e0 la fois de fronti\u00e8re naturelle et de source d&rsquo;eau vitale ayant fa\u00e7onn\u00e9 la croissance de Santa Cruz. Le fleuve serpente \u00e0 travers des zones urbaines et rurales, offrant des vues pittoresques et agissant comme un rappel de la connexion de la ville au monde naturel. Au c\u0153ur de la carte se trouve la Plaza 24 de Septiembre, la place centrale qui a \u00e9t\u00e9 le th\u00e9\u00e2tre d&rsquo;une grande partie de l&rsquo;histoire de Santa Cruz. Cette place est bord\u00e9e de b\u00e2timents datant de l&rsquo;\u00e9poque coloniale, avec la magnifique cath\u00e9drale au centre, symbole de l&rsquo;h\u00e9ritage catholique de longue date de la ville. L&rsquo;un des traits les plus marquants de Santa Cruz est son abondance d&rsquo;espaces verts. La carte met en valeur les nombreux parcs de la ville, du c\u00e9l\u00e8bre Parque Urbano Central, une vaste zone verte offrant une retraite tranquille loin du rythme de la ville, au vaste Parque Lomas de Arena, une r\u00e9serve naturelle \u00e0 la p\u00e9riph\u00e9rie avec des dunes de sable et une faune unique.<\/p>\n","protected":false},"excerpt":{"rendered":"<p>Obtenez une City Map \u2013 Carte de ville murale &#8211; imprim\u00e9e de la ville de Santa Cruz de la Sierra, Bolivie.<br \/>\nChoisissez ci-dessous la taille, la couleur et le design de votre carte !<\/p>\n","protected":false},"featured_media":2760,"template":"","meta":{"_uag_custom_page_level_css":"","_monsterinsights_skip_tracking":false,"_monsterinsights_sitenote_active":false,"_monsterinsights_sitenote_note":"","_monsterinsights_sitenote_category":0,"site-sidebar-layout":"default","site-content-layout":"","ast-site-content-layout":"default","site-content-style":"default","site-sidebar-style":"default","ast-global-header-display":"","ast-banner-title-visibility":"","ast-main-header-display":"","ast-hfb-above-header-display":"","ast-hfb-below-header-display":"","ast-hfb-mobile-header-display":"","site-post-title":"","ast-breadcrumbs-content":"","ast-featured-img":"","footer-sml-layout":"","ast-disable-related-posts":"","theme-transparent-header-meta":"default","adv-header-id-meta":"","stick-header-meta":"","header-above-stick-meta":"","header-main-stick-meta":"","header-below-stick-meta":"","astra-migrate-meta-layouts":"set","ast-page-background-enabled":"default","ast-page-background-meta":{"desktop":{"background-color":"","background-image":"","background-repeat":"repeat","background-position":"center center","background-size":"auto","background-attachment":"scroll","background-type":"","background-media":"","overlay-type":"","overlay-color":"","overlay-opacity":"","overlay-gradient":""},"tablet":{"background-color":"","background-image":"","background-repeat":"repeat","background-position":"center center","background-size":"auto","background-attachment":"scroll","background-type":"","background-media":"","overlay-type":"","overlay-color":"","overlay-opacity":"","overlay-gradient":""},"mobile":{"background-color":"","background-image":"","background-repeat":"repeat","background-position":"center center","background-size":"auto","background-attachment":"scroll","background-type":"","background-media":"","overlay-type":"","overlay-color":"","overlay-opacity":"","overlay-gradient":""}},"ast-content-background-meta":{"desktop":{"background-color":"var(--ast-global-color-5)","background-image":"","background-repeat":"repeat","background-position":"center center","background-size":"auto","background-attachment":"scroll","background-type":"","background-media":"","overlay-type":"","overlay-color":"","overlay-opacity":"","overlay-gradient":""},"tablet":{"background-color":"var(--ast-global-color-5)","background-image":"","background-repeat":"repeat","background-position":"center center","background-size":"auto","background-attachment":"scroll","background-type":"","background-media":"","overlay-type":"","overlay-color":"","overlay-opacity":"","overlay-gradient":""},"mobile":{"background-color":"var(--ast-global-color-5)","background-image":"","background-repeat":"repeat","background-position":"center center","background-size":"auto","background-attachment":"scroll","background-type":"","background-media":"","overlay-type":"","overlay-color":"","overlay-opacity":"","overlay-gradient":""}}},"product_brand":[],"product_cat":[18,465],"product_tag":[34,35,36,37,38,39,40,41,42],"class_list":{"0":"post-2759","1":"product","2":"type-product","3":"status-publish","4":"has-post-thumbnail","6":"product_cat-city-maps","7":"product_cat-featured_esp","8":"product_tag-30x40","9":"product_tag-40x50","10":"product_tag-50x70","11":"product_tag-70x100","12":"product_tag-bolivia","13":"product_tag-canvas","14":"product_tag-city-map","15":"product_tag-santa-cruz-de-la-sierra","16":"product_tag-south-america","17":"desktop-align-left","18":"tablet-align-left","19":"mobile-align-left","21":"first","22":"instock","23":"shipping-taxable","24":"purchasable","25":"product-type-variable"},"aioseo_notices":[],"uagb_featured_image_src":{"full":["https:\/\/mapospheres.eu\/wp-content\/uploads\/2026\/01\/CANVAS_12_RED_2_fd63f3b2-f915-469d-b4dc-60486c38af59.jpg",1000,1000,false],"thumbnail":["https:\/\/mapospheres.eu\/wp-content\/uploads\/2026\/01\/CANVAS_12_RED_2_fd63f3b2-f915-469d-b4dc-60486c38af59.jpg",150,150,false],"medium":["https:\/\/mapospheres.eu\/wp-content\/uploads\/2026\/01\/CANVAS_12_RED_2_fd63f3b2-f915-469d-b4dc-60486c38af59.jpg",300,300,false],"medium_large":["https:\/\/mapospheres.eu\/wp-content\/uploads\/2026\/01\/CANVAS_12_RED_2_fd63f3b2-f915-469d-b4dc-60486c38af59.jpg",768,768,false],"large":["https:\/\/mapospheres.eu\/wp-content\/uploads\/2026\/01\/CANVAS_12_RED_2_fd63f3b2-f915-469d-b4dc-60486c38af59.jpg",1000,1000,false],"1536x1536":["https:\/\/mapospheres.eu\/wp-content\/uploads\/2026\/01\/CANVAS_12_RED_2_fd63f3b2-f915-469d-b4dc-60486c38af59.jpg",1000,1000,false],"2048x2048":["https:\/\/mapospheres.eu\/wp-content\/uploads\/2026\/01\/CANVAS_12_RED_2_fd63f3b2-f915-469d-b4dc-60486c38af59.jpg",1000,1000,false],"woocommerce_thumbnail":["https:\/\/mapospheres.eu\/wp-content\/uploads\/2026\/01\/CANVAS_12_RED_2_fd63f3b2-f915-469d-b4dc-60486c38af59.jpg",300,300,false],"woocommerce_single":["https:\/\/mapospheres.eu\/wp-content\/uploads\/2026\/01\/CANVAS_12_RED_2_fd63f3b2-f915-469d-b4dc-60486c38af59.jpg",600,600,false],"woocommerce_gallery_thumbnail":["https:\/\/mapospheres.eu\/wp-content\/uploads\/2026\/01\/CANVAS_12_RED_2_fd63f3b2-f915-469d-b4dc-60486c38af59.jpg",100,100,false]},"uagb_author_info":{"display_name":"sgainot04@gmail.com","author_link":"https:\/\/mapospheres.eu\/fr\/author\/"},"uagb_comment_info":0,"uagb_excerpt":"Obtenez une City Map \u2013 Carte de ville murale - imprim\u00e9e de la ville de Santa Cruz de la Sierra, Bolivie. Choisissez ci-dessous la taille, la couleur et le design de votre carte !","_links":{"self":[{"href":"https:\/\/mapospheres.eu\/fr\/wp-json\/wp\/v2\/product\/2759","targetHints":{"allow":["GET"]}}],"collection":[{"href":"https:\/\/mapospheres.eu\/fr\/wp-json\/wp\/v2\/product"}],"about":[{"href":"https:\/\/mapospheres.eu\/fr\/wp-json\/wp\/v2\/types\/product"}],"wp:featuredmedia":[{"embeddable":true,"href":"https:\/\/mapospheres.eu\/fr\/wp-json\/wp\/v2\/media\/2760"}],"wp:attachment":[{"href":"https:\/\/mapospheres.eu\/fr\/wp-json\/wp\/v2\/media?parent=2759"}],"wp:term":[{"taxonomy":"product_brand","embeddable":true,"href":"https:\/\/mapospheres.eu\/fr\/wp-json\/wp\/v2\/product_brand?post=2759"},{"taxonomy":"product_cat","embeddable":true,"href":"https:\/\/mapospheres.eu\/fr\/wp-json\/wp\/v2\/product_cat?post=2759"},{"taxonomy":"product_tag","embeddable":true,"href":"https:\/\/mapospheres.eu\/fr\/wp-json\/wp\/v2\/product_tag?post=2759"}],"curies":[{"name":"wp","href":"https:\/\/api.w.org\/{rel}","templated":true}]}}