{"id":5028,"date":"2026-01-15T14:48:24","date_gmt":"2026-01-15T14:48:24","guid":{"rendered":"https:\/\/mapospheres.eu\/?post_type=product&#038;p=5028"},"modified":"2026-02-06T13:38:19","modified_gmt":"2026-02-06T13:38:19","slug":"poster-of-lima-peru","status":"publish","type":"product","link":"https:\/\/mapospheres.eu\/fr\/product\/poster-de-lima-perou\/","title":{"rendered":"Poster de Lima | P\u00e9rou"},"content":{"rendered":"<p><strong>Poster City map de Lima, P\u00e9rou : Cette carte met habilement en valeur la g\u00e9ographie unique de Lima, avec les plaines c\u00f4ti\u00e8res plates marqu\u00e9es par des rues anim\u00e9es, tandis que les parties nord et est de la ville montent progressivement dans les contreforts des Andes.<\/strong><\/p>\n<p>Install\u00e9e le long de la c\u00f4te pacifique, Lima s&rsquo;\u00e9tend entre le bord de l&rsquo;oc\u00e9an et les contreforts arides des Andes, o\u00f9 la terre s&rsquo;\u00e9l\u00e8ve progressivement pour rencontrer les sommets imposants de la cha\u00eene montagneuse. Au c\u0153ur de la carte, la Plaza Mayor repr\u00e9sente le noyau historique de Lima, entour\u00e9e de la grande cath\u00e9drale, du Palais de l&rsquo;Archev\u00each\u00e9 et du Palais du Gouvernement \u2014 chaque b\u00e2timent \u00e9tant une pi\u00e8ce du riche pass\u00e9 colonial de la ville. De l\u00e0, la carte trace les rues vibrantes du centre historique de Lima, o\u00f9 l&rsquo;h\u00e9ritage ancien Inca de la ville se m\u00eale harmonieusement \u00e0 l&rsquo;influence coloniale espagnole. La c\u00f4te de Lima est un autre \u00e9l\u00e9ment cl\u00e9 mis en valeur sur la carte. L&rsquo;\u00e9tendue bleue de l&rsquo;oc\u00e9an Pacifique s&rsquo;\u00e9tend le long du bas de la ville, cr\u00e9ant un contraste spectaculaire avec l&rsquo;expansion urbaine. Vous pouvez suivre la c\u00f4te de la ville, o\u00f9 les falaises de Miraflores et Barranco offrent des vues \u00e0 couper le souffle sur l&rsquo;oc\u00e9an, les parcs de plage en contrebas \u00e9tant remplis de locaux et de touristes. Les malecones \u2014 larges promenades bord\u00e9es d&rsquo;arbres \u2014 sont une caract\u00e9ristique embl\u00e9matique de la carte, offrant une \u00e9chapp\u00e9e \u00e0 la vie citadine anim\u00e9e, avec des vues pittoresques sur le Pacifique et des brises marines fra\u00eeches.<\/p>\n","protected":false},"excerpt":{"rendered":"<p>Obtenez une City Map \u2013 Carte de ville murale &#8211; imprim\u00e9e de la ville de Lima, P\u00e9rou.<br \/>\nChoisissez ci-dessous la taille, la couleur et le design de votre carte !<\/p>\n","protected":false},"featured_media":9571,"template":"","meta":{"_uag_custom_page_level_css":"","_monsterinsights_skip_tracking":false,"_monsterinsights_sitenote_active":false,"_monsterinsights_sitenote_note":"","_monsterinsights_sitenote_category":0,"site-sidebar-layout":"default","site-content-layout":"","ast-site-content-layout":"default","site-content-style":"default","site-sidebar-style":"default","ast-global-header-display":"","ast-banner-title-visibility":"","ast-main-header-display":"","ast-hfb-above-header-display":"","ast-hfb-below-header-display":"","ast-hfb-mobile-header-display":"","site-post-title":"","ast-breadcrumbs-content":"","ast-featured-img":"","footer-sml-layout":"","ast-disable-related-posts":"","theme-transparent-header-meta":"default","adv-header-id-meta":"","stick-header-meta":"","header-above-stick-meta":"","header-main-stick-meta":"","header-below-stick-meta":"","astra-migrate-meta-layouts":"set","ast-page-background-enabled":"default","ast-page-background-meta":{"desktop":{"background-color":"","background-image":"","background-repeat":"repeat","background-position":"center center","background-size":"auto","background-attachment":"scroll","background-type":"","background-media":"","overlay-type":"","overlay-color":"","overlay-opacity":"","overlay-gradient":""},"tablet":{"background-color":"","background-image":"","background-repeat":"repeat","background-position":"center center","background-size":"auto","background-attachment":"scroll","background-type":"","background-media":"","overlay-type":"","overlay-color":"","overlay-opacity":"","overlay-gradient":""},"mobile":{"background-color":"","background-image":"","background-repeat":"repeat","background-position":"center center","background-size":"auto","background-attachment":"scroll","background-type":"","background-media":"","overlay-type":"","overlay-color":"","overlay-opacity":"","overlay-gradient":""}},"ast-content-background-meta":{"desktop":{"background-color":"var(--ast-global-color-5)","background-image":"","background-repeat":"repeat","background-position":"center center","background-size":"auto","background-attachment":"scroll","background-type":"","background-media":"","overlay-type":"","overlay-color":"","overlay-opacity":"","overlay-gradient":""},"tablet":{"background-color":"var(--ast-global-color-5)","background-image":"","background-repeat":"repeat","background-position":"center center","background-size":"auto","background-attachment":"scroll","background-type":"","background-media":"","overlay-type":"","overlay-color":"","overlay-opacity":"","overlay-gradient":""},"mobile":{"background-color":"var(--ast-global-color-5)","background-image":"","background-repeat":"repeat","background-position":"center center","background-size":"auto","background-attachment":"scroll","background-type":"","background-media":"","overlay-type":"","overlay-color":"","overlay-opacity":"","overlay-gradient":""}}},"product_brand":[],"product_cat":[18],"product_tag":[34,35,36,37,39,40,66,49,42],"class_list":{"0":"post-5028","1":"product","2":"type-product","3":"status-publish","4":"has-post-thumbnail","6":"product_cat-city-maps","7":"product_tag-30x40","8":"product_tag-40x50","9":"product_tag-50x70","10":"product_tag-70x100","11":"product_tag-canvas","12":"product_tag-city-map","13":"product_tag-lima","14":"product_tag-peru","15":"product_tag-south-america","16":"desktop-align-left","17":"tablet-align-left","18":"mobile-align-left","20":"first","21":"instock","22":"shipping-taxable","23":"purchasable","24":"product-type-variable"},"aioseo_notices":[],"uagb_featured_image_src":{"full":["https:\/\/mapospheres.eu\/wp-content\/uploads\/2026\/01\/CANVAS_13_BW_MP_3_LIMA.jpg",1000,1000,false],"thumbnail":["https:\/\/mapospheres.eu\/wp-content\/uploads\/2026\/01\/CANVAS_13_BW_MP_3_LIMA-150x150.jpg",150,150,true],"medium":["https:\/\/mapospheres.eu\/wp-content\/uploads\/2026\/01\/CANVAS_13_BW_MP_3_LIMA-300x300.jpg",300,300,true],"medium_large":["https:\/\/mapospheres.eu\/wp-content\/uploads\/2026\/01\/CANVAS_13_BW_MP_3_LIMA-768x768.jpg",768,768,true],"large":["https:\/\/mapospheres.eu\/wp-content\/uploads\/2026\/01\/CANVAS_13_BW_MP_3_LIMA.jpg",1000,1000,false],"1536x1536":["https:\/\/mapospheres.eu\/wp-content\/uploads\/2026\/01\/CANVAS_13_BW_MP_3_LIMA.jpg",1000,1000,false],"2048x2048":["https:\/\/mapospheres.eu\/wp-content\/uploads\/2026\/01\/CANVAS_13_BW_MP_3_LIMA.jpg",1000,1000,false],"woocommerce_thumbnail":["https:\/\/mapospheres.eu\/wp-content\/uploads\/2026\/01\/CANVAS_13_BW_MP_3_LIMA-300x300.jpg",300,300,true],"woocommerce_single":["https:\/\/mapospheres.eu\/wp-content\/uploads\/2026\/01\/CANVAS_13_BW_MP_3_LIMA-600x600.jpg",600,600,true],"woocommerce_gallery_thumbnail":["https:\/\/mapospheres.eu\/wp-content\/uploads\/2026\/01\/CANVAS_13_BW_MP_3_LIMA-100x100.jpg",100,100,true]},"uagb_author_info":{"display_name":"sgainot04@gmail.com","author_link":"https:\/\/mapospheres.eu\/fr\/author\/"},"uagb_comment_info":0,"uagb_excerpt":"Obtenez une City Map \u2013 Carte de ville murale - imprim\u00e9e de la ville de Lima, P\u00e9rou. Choisissez ci-dessous la taille, la couleur et le design de votre carte !","_links":{"self":[{"href":"https:\/\/mapospheres.eu\/fr\/wp-json\/wp\/v2\/product\/5028","targetHints":{"allow":["GET"]}}],"collection":[{"href":"https:\/\/mapospheres.eu\/fr\/wp-json\/wp\/v2\/product"}],"about":[{"href":"https:\/\/mapospheres.eu\/fr\/wp-json\/wp\/v2\/types\/product"}],"wp:featuredmedia":[{"embeddable":true,"href":"https:\/\/mapospheres.eu\/fr\/wp-json\/wp\/v2\/media\/9571"}],"wp:attachment":[{"href":"https:\/\/mapospheres.eu\/fr\/wp-json\/wp\/v2\/media?parent=5028"}],"wp:term":[{"taxonomy":"product_brand","embeddable":true,"href":"https:\/\/mapospheres.eu\/fr\/wp-json\/wp\/v2\/product_brand?post=5028"},{"taxonomy":"product_cat","embeddable":true,"href":"https:\/\/mapospheres.eu\/fr\/wp-json\/wp\/v2\/product_cat?post=5028"},{"taxonomy":"product_tag","embeddable":true,"href":"https:\/\/mapospheres.eu\/fr\/wp-json\/wp\/v2\/product_tag?post=5028"}],"curies":[{"name":"wp","href":"https:\/\/api.w.org\/{rel}","templated":true}]}}