{"id":5305,"date":"2026-01-16T16:19:10","date_gmt":"2026-01-16T16:19:10","guid":{"rendered":"https:\/\/mapospheres.eu\/?post_type=product&#038;p=5305"},"modified":"2026-02-11T10:07:14","modified_gmt":"2026-02-11T10:07:14","slug":"poster-of-martinique-france-elevation-map","status":"publish","type":"product","link":"https:\/\/mapospheres.eu\/fr\/product\/poster-de-la-martinique-france-carte-daltitude\/","title":{"rendered":"Poster de la Martinique France | Carte d'altitude"},"content":{"rendered":"<p>Merci de l\u2019int\u00e9r\u00eat que vous portez \u00e0 notre travail ! \ud83d\ude42 <\/p>\n<p>Mapospheres est un savant m\u00e9lange de cartographie et de design. Nous avons cr\u00e9\u00e9 une nouvelle s\u00e9rie de designs d\u2019Artwork PRINT qui met en valeur les courbes d\u2019altitude observ\u00e9es dans les villes du monde. Des cartes d\u2019altitude grand format imprim\u00e9es \u00e0 la demande et faciles \u00e0 commander ! <\/p>\n<p>Vous pouvez choisir **N\u2019IMPORTE QUELLE VILLE DU MONDE** pour dynamiser vos pi\u00e8ces \u00e0 la maison ou au bureau. Cartographiez vos destinations de voyage \u201ccoup de foudre\u201d ou affichez votre ville de naissance sur votre lieu de travail, ou m\u00eame simplement l\u2019endroit o\u00f9 vous n\u2019\u00eates jamais all\u00e9\u2026 (encore). <\/p>\n<p>Veuillez lire la section <a title=\"FAQ\" href=\"https:\/\/mapospheres.eu\/faq\/\" target=\"_blank\">FAQ<\/a> et n\u2019h\u00e9sitez pas \u00e0 <a title=\"contact\" href=\"https:\/\/mapospheres.eu\/contact\/\" target=\"_blank\">me contacter<\/a> si vous avez la moindre question !<\/p>\n","protected":false},"excerpt":{"rendered":"<p>Obtenez une carte d&rsquo;altitude imprim\u00e9e de l&rsquo;\u00eele de la Martinique, France.<br \/>\nChoisissez ci-dessous la taille et le design de votre carte !<\/p>\n","protected":false},"featured_media":9874,"template":"","meta":{"_uag_custom_page_level_css":"","_monsterinsights_skip_tracking":false,"_monsterinsights_sitenote_active":false,"_monsterinsights_sitenote_note":"","_monsterinsights_sitenote_category":0,"site-sidebar-layout":"default","site-content-layout":"","ast-site-content-layout":"default","site-content-style":"default","site-sidebar-style":"default","ast-global-header-display":"","ast-banner-title-visibility":"","ast-main-header-display":"","ast-hfb-above-header-display":"","ast-hfb-below-header-display":"","ast-hfb-mobile-header-display":"","site-post-title":"","ast-breadcrumbs-content":"","ast-featured-img":"","footer-sml-layout":"","ast-disable-related-posts":"","theme-transparent-header-meta":"default","adv-header-id-meta":"","stick-header-meta":"","header-above-stick-meta":"","header-main-stick-meta":"","header-below-stick-meta":"","astra-migrate-meta-layouts":"set","ast-page-background-enabled":"default","ast-page-background-meta":{"desktop":{"background-color":"","background-image":"","background-repeat":"repeat","background-position":"center center","background-size":"auto","background-attachment":"scroll","background-type":"","background-media":"","overlay-type":"","overlay-color":"","overlay-opacity":"","overlay-gradient":""},"tablet":{"background-color":"","background-image":"","background-repeat":"repeat","background-position":"center center","background-size":"auto","background-attachment":"scroll","background-type":"","background-media":"","overlay-type":"","overlay-color":"","overlay-opacity":"","overlay-gradient":""},"mobile":{"background-color":"","background-image":"","background-repeat":"repeat","background-position":"center center","background-size":"auto","background-attachment":"scroll","background-type":"","background-media":"","overlay-type":"","overlay-color":"","overlay-opacity":"","overlay-gradient":""}},"ast-content-background-meta":{"desktop":{"background-color":"var(--ast-global-color-5)","background-image":"","background-repeat":"repeat","background-position":"center center","background-size":"auto","background-attachment":"scroll","background-type":"","background-media":"","overlay-type":"","overlay-color":"","overlay-opacity":"","overlay-gradient":""},"tablet":{"background-color":"var(--ast-global-color-5)","background-image":"","background-repeat":"repeat","background-position":"center center","background-size":"auto","background-attachment":"scroll","background-type":"","background-media":"","overlay-type":"","overlay-color":"","overlay-opacity":"","overlay-gradient":""},"mobile":{"background-color":"var(--ast-global-color-5)","background-image":"","background-repeat":"repeat","background-position":"center center","background-size":"auto","background-attachment":"scroll","background-type":"","background-media":"","overlay-type":"","overlay-color":"","overlay-opacity":"","overlay-gradient":""}}},"product_brand":[],"product_cat":[90,338,464],"product_tag":[34,35,36,39,104,105,92,100,109,110,111],"class_list":{"0":"post-5305","1":"product","2":"type-product","3":"status-publish","4":"has-post-thumbnail","6":"product_cat-elevation-maps","7":"product_cat-featured_eng","8":"product_cat-featured_fr","9":"product_tag-30x40","10":"product_tag-40x50","11":"product_tag-50x70","12":"product_tag-canvas","13":"product_tag-caribbean","14":"product_tag-central-america","15":"product_tag-elevation-map","16":"product_tag-france","17":"product_tag-la-martinique","18":"product_tag-martinique","19":"product_tag-matinik","20":"desktop-align-left","21":"tablet-align-left","22":"mobile-align-left","24":"first","25":"instock","26":"shipping-taxable","27":"purchasable","28":"product-type-variable"},"aioseo_notices":[],"uagb_featured_image_src":{"full":["https:\/\/mapospheres.eu\/wp-content\/uploads\/2026\/01\/ELEV_1FULLPAGE2_MARTINIQUE.jpg",1000,1000,false],"thumbnail":["https:\/\/mapospheres.eu\/wp-content\/uploads\/2026\/01\/ELEV_1FULLPAGE2_MARTINIQUE-150x150.jpg",150,150,true],"medium":["https:\/\/mapospheres.eu\/wp-content\/uploads\/2026\/01\/ELEV_1FULLPAGE2_MARTINIQUE-300x300.jpg",300,300,true],"medium_large":["https:\/\/mapospheres.eu\/wp-content\/uploads\/2026\/01\/ELEV_1FULLPAGE2_MARTINIQUE-768x768.jpg",768,768,true],"large":["https:\/\/mapospheres.eu\/wp-content\/uploads\/2026\/01\/ELEV_1FULLPAGE2_MARTINIQUE.jpg",1000,1000,false],"1536x1536":["https:\/\/mapospheres.eu\/wp-content\/uploads\/2026\/01\/ELEV_1FULLPAGE2_MARTINIQUE.jpg",1000,1000,false],"2048x2048":["https:\/\/mapospheres.eu\/wp-content\/uploads\/2026\/01\/ELEV_1FULLPAGE2_MARTINIQUE.jpg",1000,1000,false],"woocommerce_thumbnail":["https:\/\/mapospheres.eu\/wp-content\/uploads\/2026\/01\/ELEV_1FULLPAGE2_MARTINIQUE-300x300.jpg",300,300,true],"woocommerce_single":["https:\/\/mapospheres.eu\/wp-content\/uploads\/2026\/01\/ELEV_1FULLPAGE2_MARTINIQUE-600x600.jpg",600,600,true],"woocommerce_gallery_thumbnail":["https:\/\/mapospheres.eu\/wp-content\/uploads\/2026\/01\/ELEV_1FULLPAGE2_MARTINIQUE-100x100.jpg",100,100,true]},"uagb_author_info":{"display_name":"sgainot04@gmail.com","author_link":"https:\/\/mapospheres.eu\/fr\/author\/"},"uagb_comment_info":0,"uagb_excerpt":"Obtenez une carte d'altitude imprim\u00e9e de l'\u00eele de la Martinique, France. Choisissez ci-dessous la taille et le design de votre carte !","_links":{"self":[{"href":"https:\/\/mapospheres.eu\/fr\/wp-json\/wp\/v2\/product\/5305","targetHints":{"allow":["GET"]}}],"collection":[{"href":"https:\/\/mapospheres.eu\/fr\/wp-json\/wp\/v2\/product"}],"about":[{"href":"https:\/\/mapospheres.eu\/fr\/wp-json\/wp\/v2\/types\/product"}],"wp:featuredmedia":[{"embeddable":true,"href":"https:\/\/mapospheres.eu\/fr\/wp-json\/wp\/v2\/media\/9874"}],"wp:attachment":[{"href":"https:\/\/mapospheres.eu\/fr\/wp-json\/wp\/v2\/media?parent=5305"}],"wp:term":[{"taxonomy":"product_brand","embeddable":true,"href":"https:\/\/mapospheres.eu\/fr\/wp-json\/wp\/v2\/product_brand?post=5305"},{"taxonomy":"product_cat","embeddable":true,"href":"https:\/\/mapospheres.eu\/fr\/wp-json\/wp\/v2\/product_cat?post=5305"},{"taxonomy":"product_tag","embeddable":true,"href":"https:\/\/mapospheres.eu\/fr\/wp-json\/wp\/v2\/product_tag?post=5305"}],"curies":[{"name":"wp","href":"https:\/\/api.w.org\/{rel}","templated":true}]}}