{"id":5311,"date":"2026-01-16T16:19:21","date_gmt":"2026-01-16T16:19:21","guid":{"rendered":"https:\/\/mapospheres.eu\/?post_type=product&#038;p=5311"},"modified":"2026-03-10T13:55:36","modified_gmt":"2026-03-10T13:55:36","slug":"poster-of-mexico-sheffield-love-maps","status":"publish","type":"product","link":"https:\/\/mapospheres.eu\/fr\/product\/poster-de-mexico-sheffield-love-maps\/","title":{"rendered":"Poster de Mexico Sheffield | Love Map"},"content":{"rendered":"<p>strong>Merci de l\u2019int\u00e9r\u00eat que vous portez \u00e0 notre travail !<\/strong> \ud83d\ude42<\/p>\n<p>Mapospheres est un savant m\u00e9lange de cartographie et de design pour refl\u00e9ter la diversit\u00e9 et exprimer votre amour ! Nous avons cr\u00e9\u00e9 une s\u00e9rie de designs distincts d\u2019Artwork, qui affichent les villes d\u2019origine de chaque membre d\u2019un couple et les combinent sur de grandes cartes de ville au format XXL. Des cartes grand format imprim\u00e9es \u00e0 la demande et faciles \u00e0 commander !<\/p>\n<p>Vous pouvez choisir N\u2019IMPORTE QUELLE VILLE DU MONDE pour dynamiser vos pi\u00e8ces \u00e0 la maison ou au bureau. Cartographiez vos destinations de voyage \u201ccoup de foudre\u201d ou affichez votre ville de naissance sur votre lieu de travail, ou m\u00eame simplement l\u2019endroit o\u00f9 vous n\u2019\u00eates (encore) jamais all\u00e9\u2026<\/p>\n<p>Veuillez lire la section <a title=\"FAQ\" href=\"https:\/\/mapospheres.eu\/faq\" target=\"_blank\" rel=\"noopener\">FAQ<\/a> et n\u2019h\u00e9sitez pas \u00e0 <a title=\"contact\" href=\"https:\/\/mapospheres.eu\/contact\/\" target=\"_blank\" rel=\"noopener\">me contacter<\/a> si vous avez la moindre question !<\/p>\n","protected":false},"excerpt":{"rendered":"<p>Obtenez ce Poster Love Map &#8211; Carte d&rsquo;amour &#8211; de M\u00e9xico et Sheffield en carte murale. Vous pouvez s\u00e9lectionner la taille ou le design de votre carte !<\/p>\n","protected":false},"featured_media":9913,"template":"","meta":{"_uag_custom_page_level_css":"","_monsterinsights_skip_tracking":false,"_monsterinsights_sitenote_active":false,"_monsterinsights_sitenote_note":"","_monsterinsights_sitenote_category":0,"site-sidebar-layout":"default","site-content-layout":"","ast-site-content-layout":"default","site-content-style":"default","site-sidebar-style":"default","ast-global-header-display":"","ast-banner-title-visibility":"","ast-main-header-display":"","ast-hfb-above-header-display":"","ast-hfb-below-header-display":"","ast-hfb-mobile-header-display":"","site-post-title":"","ast-breadcrumbs-content":"","ast-featured-img":"","footer-sml-layout":"","ast-disable-related-posts":"","theme-transparent-header-meta":"default","adv-header-id-meta":"","stick-header-meta":"","header-above-stick-meta":"","header-main-stick-meta":"","header-below-stick-meta":"","astra-migrate-meta-layouts":"set","ast-page-background-enabled":"default","ast-page-background-meta":{"desktop":{"background-color":"","background-image":"","background-repeat":"repeat","background-position":"center center","background-size":"auto","background-attachment":"scroll","background-type":"","background-media":"","overlay-type":"","overlay-color":"","overlay-opacity":"","overlay-gradient":""},"tablet":{"background-color":"","background-image":"","background-repeat":"repeat","background-position":"center center","background-size":"auto","background-attachment":"scroll","background-type":"","background-media":"","overlay-type":"","overlay-color":"","overlay-opacity":"","overlay-gradient":""},"mobile":{"background-color":"","background-image":"","background-repeat":"repeat","background-position":"center center","background-size":"auto","background-attachment":"scroll","background-type":"","background-media":"","overlay-type":"","overlay-color":"","overlay-opacity":"","overlay-gradient":""}},"ast-content-background-meta":{"desktop":{"background-color":"var(--ast-global-color-5)","background-image":"","background-repeat":"repeat","background-position":"center center","background-size":"auto","background-attachment":"scroll","background-type":"","background-media":"","overlay-type":"","overlay-color":"","overlay-opacity":"","overlay-gradient":""},"tablet":{"background-color":"var(--ast-global-color-5)","background-image":"","background-repeat":"repeat","background-position":"center center","background-size":"auto","background-attachment":"scroll","background-type":"","background-media":"","overlay-type":"","overlay-color":"","overlay-opacity":"","overlay-gradient":""},"mobile":{"background-color":"var(--ast-global-color-5)","background-image":"","background-repeat":"repeat","background-position":"center center","background-size":"auto","background-attachment":"scroll","background-type":"","background-media":"","overlay-type":"","overlay-color":"","overlay-opacity":"","overlay-gradient":""}}},"product_brand":[],"product_cat":[464,112],"product_tag":[34,35,36,113,114,115,116,117],"class_list":{"0":"post-5311","1":"product","2":"type-product","3":"status-publish","4":"has-post-thumbnail","6":"product_cat-featured_fr","7":"product_cat-love-maps","8":"product_tag-30x40","9":"product_tag-40x50","10":"product_tag-50x70","11":"product_tag-ciudad-de-mexico","12":"product_tag-love-maps","13":"product_tag-mexico","14":"product_tag-sheffield","15":"product_tag-uk","16":"desktop-align-left","17":"tablet-align-left","18":"mobile-align-left","20":"first","21":"instock","22":"shipping-taxable","23":"purchasable","24":"product-type-variable"},"aioseo_notices":[],"uagb_featured_image_src":{"full":["https:\/\/mapospheres.eu\/wp-content\/uploads\/2026\/01\/WOODENFLOOR_MEXICO_SHEFFIELD.jpg",1250,1500,false],"thumbnail":["https:\/\/mapospheres.eu\/wp-content\/uploads\/2026\/01\/WOODENFLOOR_MEXICO_SHEFFIELD-150x150.jpg",150,150,true],"medium":["https:\/\/mapospheres.eu\/wp-content\/uploads\/2026\/01\/WOODENFLOOR_MEXICO_SHEFFIELD-250x300.jpg",250,300,true],"medium_large":["https:\/\/mapospheres.eu\/wp-content\/uploads\/2026\/01\/WOODENFLOOR_MEXICO_SHEFFIELD-768x922.jpg",768,922,true],"large":["https:\/\/mapospheres.eu\/wp-content\/uploads\/2026\/01\/WOODENFLOOR_MEXICO_SHEFFIELD-853x1024.jpg",853,1024,true],"1536x1536":["https:\/\/mapospheres.eu\/wp-content\/uploads\/2026\/01\/WOODENFLOOR_MEXICO_SHEFFIELD.jpg",1250,1500,false],"2048x2048":["https:\/\/mapospheres.eu\/wp-content\/uploads\/2026\/01\/WOODENFLOOR_MEXICO_SHEFFIELD.jpg",1250,1500,false],"woocommerce_thumbnail":["https:\/\/mapospheres.eu\/wp-content\/uploads\/2026\/01\/WOODENFLOOR_MEXICO_SHEFFIELD-300x300.jpg",300,300,true],"woocommerce_single":["https:\/\/mapospheres.eu\/wp-content\/uploads\/2026\/01\/WOODENFLOOR_MEXICO_SHEFFIELD-600x720.jpg",600,720,true],"woocommerce_gallery_thumbnail":["https:\/\/mapospheres.eu\/wp-content\/uploads\/2026\/01\/WOODENFLOOR_MEXICO_SHEFFIELD-100x100.jpg",100,100,true]},"uagb_author_info":{"display_name":"sgainot04@gmail.com","author_link":"https:\/\/mapospheres.eu\/fr\/author\/"},"uagb_comment_info":0,"uagb_excerpt":"Obtenez ce Poster Love Map - Carte d'amour - de M\u00e9xico et Sheffield en carte murale. Vous pouvez s\u00e9lectionner la taille ou le design de votre carte !","_links":{"self":[{"href":"https:\/\/mapospheres.eu\/fr\/wp-json\/wp\/v2\/product\/5311","targetHints":{"allow":["GET"]}}],"collection":[{"href":"https:\/\/mapospheres.eu\/fr\/wp-json\/wp\/v2\/product"}],"about":[{"href":"https:\/\/mapospheres.eu\/fr\/wp-json\/wp\/v2\/types\/product"}],"wp:featuredmedia":[{"embeddable":true,"href":"https:\/\/mapospheres.eu\/fr\/wp-json\/wp\/v2\/media\/9913"}],"wp:attachment":[{"href":"https:\/\/mapospheres.eu\/fr\/wp-json\/wp\/v2\/media?parent=5311"}],"wp:term":[{"taxonomy":"product_brand","embeddable":true,"href":"https:\/\/mapospheres.eu\/fr\/wp-json\/wp\/v2\/product_brand?post=5311"},{"taxonomy":"product_cat","embeddable":true,"href":"https:\/\/mapospheres.eu\/fr\/wp-json\/wp\/v2\/product_cat?post=5311"},{"taxonomy":"product_tag","embeddable":true,"href":"https:\/\/mapospheres.eu\/fr\/wp-json\/wp\/v2\/product_tag?post=5311"}],"curies":[{"name":"wp","href":"https:\/\/api.w.org\/{rel}","templated":true}]}}