{"id":5631,"date":"2026-01-20T16:00:21","date_gmt":"2026-01-20T16:00:21","guid":{"rendered":"https:\/\/mapospheres.eu\/?post_type=product&#038;p=5631"},"modified":"2026-04-26T22:16:15","modified_gmt":"2026-04-26T22:16:15","slug":"5631","status":"publish","type":"product","link":"https:\/\/mapospheres.eu\/fr\/product\/5631\/","title":{"rendered":"Astrolabe"},"content":{"rendered":"<p>V\u00e9ritables ordinateurs de poche utilis\u00e9s depuis des si\u00e8cles, ces astrolabes en bois sont des instruments que chacun peut utiliser pour lire et anticiper la position des \u00e9toiles et qui peuvent servir d&rsquo;horloge, de boussole ou de t\u00e9lescope\u2026 Tout cela entre vos mains !<\/p>\n<ul>\n<li>16,5 cm diam\u00e8tre (6,5&Prime;)<\/li>\n<li>Contreplaqu\u00e9 de bois r\u00e9sineux fabriqu\u00e9 \u00e0 partir d&rsquo;\u00e9pic\u00e9a<\/li>\n<li>\u00c9tiquettes plastifi\u00e9es \u00e0 votre latitude !<\/li>\n<li>Manuel d&rsquo;utilisation &#8211; 20 pages sur son histoire et ses principales utilisations<\/li>\n<\/ul>\n<p>&nbsp;<\/p>\n<p>Cet instrument de mesure en bois est disponible en quatre versions diff\u00e9rentes :<\/p>\n<ol>\n<li><strong>Astrolabe standard : votre astrolabe en bois vous sera livr\u00e9 pr\u00eat \u00e0 l&#8217;emploi, accompagn\u00e9 de son manuel d&rsquo;utilisation.<\/li>\n<li><strong>Astrolabe en kit : pr\u00e9parez-le vous-m\u00eame et apprenez en assemblant votre astrolabe.<\/li>\n<li><strong>Astrolabe avec transfert sur bois :&nbsp;<\/strong>qualit\u00e9 d&rsquo;impression vintage utilisant une technique de transfert sur bois<\/li>\n<li><strong>Astrolabe en bois personnalis\u00e9 par transfert :&nbsp;<\/strong>Ajoutez votre nom au dos de votre astrolabe !<\/li>\n<\/ol>\n<p>&nbsp;<\/p>\n<p><img loading=\"lazy\" decoding=\"async\" class=\"alignnone wp-image-5656 size-full\" src=\"https:\/\/mapospheres.eu\/wp-content\/uploads\/2026\/01\/ECO_LABEL.png\" alt=\"\" width=\"591\" height=\"178\" srcset=\"https:\/\/mapospheres.eu\/wp-content\/uploads\/2026\/01\/ECO_LABEL.png 591w, https:\/\/mapospheres.eu\/wp-content\/uploads\/2026\/01\/ECO_LABEL-300x90.png 300w\" sizes=\"auto, (max-width: 591px) 100vw, 591px\" \/><\/p>\n<p>DISPONIBLE EN ANGLAIS ET EN FRAN\u00c7AIS<\/p>\n<p>Lisez la section&nbsp;<a title=\"FAQ\" href=\"https:\/\/mapospheres.eu\/faq\/\" target=\"_blank\" rel=\"noopener\">FAQ<\/a>&nbsp;et n&rsquo;h\u00e9sitez pas \u00e0 nous&nbsp;<a title=\"contact\" href=\"https:\/\/mapospheres.eu\/fr\/contact\/\" target=\"_blank\" rel=\"noopener\">envoyer<\/a>&nbsp;vos questions!<\/p>\n<p><strong>TYMPANS SUPPL\u00c9MENTAIRES &#8211; T\u00c9L\u00c9CHARGEMENT GRATUIT<\/strong><\/p>\n<p>1.&nbsp;Imprimez votre nouveau tympan sur un autocollant ou collez-le sur du papier \u00e9pais ;<\/p>\n<p>2.&nbsp;Ins\u00e9rez-le dans le limbe. Pour plus de pr\u00e9cision, assurez-vous que le tympan est ins\u00e9r\u00e9 conform\u00e9ment \u00e0 l&rsquo;illustration ci-dessus, en faisant correspondre les points de couleur.<\/p>\n<p>3.&nbsp;Vous pouvez stocker plusieurs tympans dans votre astrolabe si vous pr\u00e9voyez de l&rsquo;utiliser sous diff\u00e9rentes latitudes !<\/p>\n<p>Ces tympans&nbsp;sont con\u00e7us pour s&rsquo;adapter parfaitement \u00e0 votre astrolabe et \u00eatre utilis\u00e9s dans l&rsquo;h\u00e9misph\u00e8re nord. Pour l&rsquo;h\u00e9misph\u00e8re sud ou les autres parties de votre astrolabe, veuillez nous contacter ! \ud83d\ude42<\/p>\n<p><a title=\"MAPOSPHERES_LATITUDES_65N\" href=\"https:\/\/mapospheres.eu\/wp-content\/uploads\/2026\/01\/MAPOSPHERES_LATITUDES_65N.pdf\" target=\"_blank\" rel=\"noopener\">Tympan Latitude 65\u00b0N<\/a><br \/>\n<a title=\"MAPOSPHERES_LATITUDES_60N\" href=\"https:\/\/mapospheres.eu\/wp-content\/uploads\/2026\/01\/MAPOSPHERES_LATITUDES_605N.pdf\" target=\"_blank\" rel=\"noopener\">Tympan Latitude 60\u00b0N<\/a><br \/>\n<a title=\"MAPOSPHERES_LATITUDES_55N\" href=\"https:\/\/mapospheres.eu\/wp-content\/uploads\/2026\/01\/MAPOSPHERES_LATITUDES_55N.pdf\" target=\"_blank\" rel=\"noopener\">Tympan Latitude 55\u00b0N<\/a><br \/>\n<a title=\"MAPOSPHERES_LATITUDES_54N\" href=\"https:\/\/mapospheres.eu\/wp-content\/uploads\/2026\/01\/MAPOSPHERES_LATITUDES_54N.pdf\" target=\"_blank\" rel=\"noopener\">Tympan Latitude 54\u00b0N<\/a><br \/>\n<a title=\"MAPOSPHERES_LATITUDES_53N\" href=\"https:\/\/mapospheres.eu\/wp-content\/uploads\/2026\/01\/MAPOSPHERES_LATITUDES_53N.pdf\" target=\"_blank\" rel=\"noopener\">Tympan Latitude 53\u00b0N<\/a><br \/>\n<a title=\"MAPOSPHERES_LATITUDES_52N\" href=\"https:\/\/mapospheres.eu\/wp-content\/uploads\/2026\/01\/MAPOSPHERES_LATITUDES_52N.pdf\" target=\"_blank\" rel=\"noopener\">Tympan Latitude 52\u00b0N<\/a><br \/>\n<a title=\"MAPOSPHERES_LATITUDES_51N\" href=\"https:\/\/mapospheres.eu\/wp-content\/uploads\/2026\/01\/MAPOSPHERES_LATITUDES_51N.pdf\" target=\"_blank\" rel=\"noopener\">Tympan Latitude 51\u00b0N<\/a><br \/>\n<a title=\"MAPOSPHERES_LATITUDES_50N\" href=\"https:\/\/mapospheres.eu\/wp-content\/uploads\/2026\/01\/MAPOSPHERES_LATITUDES_50N.pdf\" target=\"_blank\" rel=\"noopener\">Tympan Latitude 50\u00b0N<\/a><br \/>\n<a title=\"MAPOSPHERES_LATITUDES_49N\" href=\"https:\/\/mapospheres.eu\/wp-content\/uploads\/2026\/01\/MAPOSPHERES_LATITUDES_49N.pdf\" target=\"_blank\" rel=\"noopener\">Tympan Latitude 49\u00b0N<\/a><br \/>\n<a title=\"MAPOSPHERES_LATITUDES_48N\" href=\"https:\/\/mapospheres.eu\/wp-content\/uploads\/2026\/01\/MAPOSPHERES_LATITUDES_48N.pdf\" target=\"_blank\" rel=\"noopener\">Tympan Latitude 48\u00b0N<\/a><br \/>\n<a title=\"MAPOSPHERES_LATITUDES_47N\" href=\"https:\/\/mapospheres.eu\/wp-content\/uploads\/2026\/01\/MAPOSPHERES_LATITUDES_47N.pdf\" target=\"_blank\" rel=\"noopener\">Tympan Latitude 47\u00b0N<\/a><br \/>\n<a title=\"MAPOSPHERES_LATITUDES_46N\" href=\"https:\/\/mapospheres.eu\/wp-content\/uploads\/2026\/01\/MAPOSPHERES_LATITUDES_46N.pdf\" target=\"_blank\" rel=\"noopener\">Tympan Latitude 46\u00b0N<\/a><br \/>\n<a title=\"MAPOSPHERES_LATITUDES_45N\" href=\"https:\/\/mapospheres.eu\/wp-content\/uploads\/2026\/01\/MAPOSPHERES_LATITUDES_45N.pdf\" target=\"_blank\" rel=\"noopener\">Tympan Latitude 45\u00b0N<\/a><br \/>\n<a title=\"MAPOSPHERES_LATITUDES_44N\" href=\"https:\/\/mapospheres.eu\/wp-content\/uploads\/2026\/01\/MAPOSPHERES_LATITUDES_44N.pdf\" target=\"_blank\" rel=\"noopener\">Tympan Latitude 44\u00b0N<\/a><br \/>\n<a title=\"MAPOSPHERES_LATITUDES_43N\" href=\"https:\/\/mapospheres.eu\/wp-content\/uploads\/2026\/01\/MAPOSPHERES_LATITUDES_43N.pdf\" target=\"_blank\" rel=\"noopener\">Tympan Latitude 43\u00b0N<\/a><br \/>\n<a title=\"MAPOSPHERES_LATITUDES_43N\" href=\"https:\/\/mapospheres.eu\/wp-content\/uploads\/2026\/01\/MAPOSPHERES_LATITUDES_43N.pdf\" target=\"_blank\" rel=\"noopener\">Tympan Latitude 43\u00b0N<\/a><br \/>\n<a title=\"MAPOSPHERES_LATITUDES_42N\" href=\"https:\/\/mapospheres.eu\/wp-content\/uploads\/2026\/01\/MAPOSPHERES_LATITUDES_42N.pdf\" target=\"_blank\" rel=\"noopener\">Tympan Latitude 42\u00b0N<\/a><br \/>\n<a title=\"MAPOSPHERES_LATITUDES_41N\" href=\"https:\/\/mapospheres.eu\/wp-content\/uploads\/2026\/01\/MAPOSPHERES_LATITUDES_41N.pdf\" target=\"_blank\" rel=\"noopener\">Tympan Latitude 41\u00b0N<\/a><br \/>\n<a title=\"MAPOSPHERES_LATITUDES_40N\" href=\"https:\/\/mapospheres.eu\/wp-content\/uploads\/2026\/01\/MAPOSPHERES_LATITUDES_40N.pdf\" target=\"_blank\" rel=\"noopener\">Tympan Latitude 40\u00b0N<\/a><br \/>\n<a title=\"MAPOSPHERES_LATITUDES_35N\" href=\"https:\/\/mapospheres.eu\/wp-content\/uploads\/2026\/01\/MAPOSPHERES_LATITUDES_35N.pdf\" target=\"_blank\" rel=\"noopener\">Tympan Latitude 35\u00b0N<\/a><br \/>\n<a title=\"MAPOSPHERES_LATITUDES_30N\" href=\"https:\/\/mapospheres.eu\/wp-content\/uploads\/2026\/01\/MAPOSPHERES_LATITUDES_30N.pdf\" target=\"_blank\" rel=\"noopener\">Tympan Latitude 30\u00b0N<\/a><br \/>\n<a title=\"MAPOSPHERES_LATITUDES_25N\" href=\"https:\/\/mapospheres.eu\/wp-content\/uploads\/2026\/01\/MAPOSPHERES_LATITUDES_25N.pdf\" target=\"_blank\" rel=\"noopener\">Tympan Latitude 25\u00b0N<\/a><br \/>\n<a title=\"MAPOSPHERES_LATITUDES_20N\" href=\"https:\/\/mapospheres.eu\/wp-content\/uploads\/2026\/01\/MAPOSPHERES_LATITUDES_20N.pdf\" target=\"_blank\" rel=\"noopener\">Tympan Latitude 20\u00b0N<\/a><br \/>\n<a title=\"MAPOSPHERES_LATITUDES_15N\" href=\"https:\/\/mapospheres.eu\/wp-content\/uploads\/2026\/01\/MAPOSPHERES_LATITUDES_15N.pdf\" target=\"_blank\" rel=\"noopener\">Tympan Latitude 15\u00b0N<\/a><br \/>\n<a title=\"MAPOSPHERES_LATITUDES_10N\" href=\"https:\/\/mapospheres.eu\/wp-content\/uploads\/2026\/01\/MAPOSPHERES_LATITUDES_10N.pdf\" target=\"_blank\" rel=\"noopener\">Tympan Latitude 10\u00b0N<\/a><\/p>\n","protected":false},"excerpt":{"rendered":"<p>Procurez-vous cet astrolabe en bois pour lire les \u00e9toiles ! Vous pouvez choisir votre astrolabe parmi 4 versions diff\u00e9rentes.<\/p>\n","protected":false},"featured_media":5638,"template":"","meta":{"_uag_custom_page_level_css":"","_monsterinsights_skip_tracking":false,"_monsterinsights_sitenote_active":false,"_monsterinsights_sitenote_note":"","_monsterinsights_sitenote_category":0,"site-sidebar-layout":"default","site-content-layout":"","ast-site-content-layout":"default","site-content-style":"default","site-sidebar-style":"default","ast-global-header-display":"","ast-banner-title-visibility":"","ast-main-header-display":"","ast-hfb-above-header-display":"","ast-hfb-below-header-display":"","ast-hfb-mobile-header-display":"","site-post-title":"","ast-breadcrumbs-content":"","ast-featured-img":"","footer-sml-layout":"","ast-disable-related-posts":"","theme-transparent-header-meta":"default","adv-header-id-meta":"","stick-header-meta":"","header-above-stick-meta":"","header-main-stick-meta":"","header-below-stick-meta":"","astra-migrate-meta-layouts":"set","ast-page-background-enabled":"default","ast-page-background-meta":{"desktop":{"background-color":"","background-image":"","background-repeat":"repeat","background-position":"center center","background-size":"auto","background-attachment":"scroll","background-type":"","background-media":"","overlay-type":"","overlay-color":"","overlay-opacity":"","overlay-gradient":""},"tablet":{"background-color":"","background-image":"","background-repeat":"repeat","background-position":"center center","background-size":"auto","background-attachment":"scroll","background-type":"","background-media":"","overlay-type":"","overlay-color":"","overlay-opacity":"","overlay-gradient":""},"mobile":{"background-color":"","background-image":"","background-repeat":"repeat","background-position":"center center","background-size":"auto","background-attachment":"scroll","background-type":"","background-media":"","overlay-type":"","overlay-color":"","overlay-opacity":"","overlay-gradient":""}},"ast-content-background-meta":{"desktop":{"background-color":"var(--ast-global-color-5)","background-image":"","background-repeat":"repeat","background-position":"center center","background-size":"auto","background-attachment":"scroll","background-type":"","background-media":"","overlay-type":"","overlay-color":"","overlay-opacity":"","overlay-gradient":""},"tablet":{"background-color":"var(--ast-global-color-5)","background-image":"","background-repeat":"repeat","background-position":"center center","background-size":"auto","background-attachment":"scroll","background-type":"","background-media":"","overlay-type":"","overlay-color":"","overlay-opacity":"","overlay-gradient":""},"mobile":{"background-color":"var(--ast-global-color-5)","background-image":"","background-repeat":"repeat","background-position":"center center","background-size":"auto","background-attachment":"scroll","background-type":"","background-media":"","overlay-type":"","overlay-color":"","overlay-opacity":"","overlay-gradient":""}}},"product_brand":[],"product_cat":[123],"product_tag":[],"class_list":{"0":"post-5631","1":"product","2":"type-product","3":"status-publish","4":"has-post-thumbnail","6":"product_cat-astrolabe","7":"product_shipping_class-astrolabe","8":"desktop-align-left","9":"tablet-align-left","10":"mobile-align-left","12":"first","13":"instock","14":"shipping-taxable","15":"purchasable","16":"product-type-variable"},"aioseo_notices":[],"uagb_featured_image_src":{"full":["https:\/\/mapospheres.eu\/wp-content\/uploads\/2026\/01\/ASTROLABE_PUB_BOITE_REGULAR_ENG2.jpg",1200,1200,false],"thumbnail":["https:\/\/mapospheres.eu\/wp-content\/uploads\/2026\/01\/ASTROLABE_PUB_BOITE_REGULAR_ENG2-150x150.jpg",150,150,true],"medium":["https:\/\/mapospheres.eu\/wp-content\/uploads\/2026\/01\/ASTROLABE_PUB_BOITE_REGULAR_ENG2-300x300.jpg",300,300,true],"medium_large":["https:\/\/mapospheres.eu\/wp-content\/uploads\/2026\/01\/ASTROLABE_PUB_BOITE_REGULAR_ENG2-768x768.jpg",768,768,true],"large":["https:\/\/mapospheres.eu\/wp-content\/uploads\/2026\/01\/ASTROLABE_PUB_BOITE_REGULAR_ENG2-1024x1024.jpg",1024,1024,true],"1536x1536":["https:\/\/mapospheres.eu\/wp-content\/uploads\/2026\/01\/ASTROLABE_PUB_BOITE_REGULAR_ENG2.jpg",1200,1200,false],"2048x2048":["https:\/\/mapospheres.eu\/wp-content\/uploads\/2026\/01\/ASTROLABE_PUB_BOITE_REGULAR_ENG2.jpg",1200,1200,false],"woocommerce_thumbnail":["https:\/\/mapospheres.eu\/wp-content\/uploads\/2026\/01\/ASTROLABE_PUB_BOITE_REGULAR_ENG2-300x300.jpg",300,300,true],"woocommerce_single":["https:\/\/mapospheres.eu\/wp-content\/uploads\/2026\/01\/ASTROLABE_PUB_BOITE_REGULAR_ENG2-600x600.jpg",600,600,true],"woocommerce_gallery_thumbnail":["https:\/\/mapospheres.eu\/wp-content\/uploads\/2026\/01\/ASTROLABE_PUB_BOITE_REGULAR_ENG2-100x100.jpg",100,100,true]},"uagb_author_info":{"display_name":"sgainot04@gmail.com","author_link":"https:\/\/mapospheres.eu\/fr\/author\/"},"uagb_comment_info":0,"uagb_excerpt":"Procurez-vous cet astrolabe en bois pour lire les \u00e9toiles ! Vous pouvez choisir votre astrolabe parmi 4 versions diff\u00e9rentes.","_links":{"self":[{"href":"https:\/\/mapospheres.eu\/fr\/wp-json\/wp\/v2\/product\/5631","targetHints":{"allow":["GET"]}}],"collection":[{"href":"https:\/\/mapospheres.eu\/fr\/wp-json\/wp\/v2\/product"}],"about":[{"href":"https:\/\/mapospheres.eu\/fr\/wp-json\/wp\/v2\/types\/product"}],"wp:featuredmedia":[{"embeddable":true,"href":"https:\/\/mapospheres.eu\/fr\/wp-json\/wp\/v2\/media\/5638"}],"wp:attachment":[{"href":"https:\/\/mapospheres.eu\/fr\/wp-json\/wp\/v2\/media?parent=5631"}],"wp:term":[{"taxonomy":"product_brand","embeddable":true,"href":"https:\/\/mapospheres.eu\/fr\/wp-json\/wp\/v2\/product_brand?post=5631"},{"taxonomy":"product_cat","embeddable":true,"href":"https:\/\/mapospheres.eu\/fr\/wp-json\/wp\/v2\/product_cat?post=5631"},{"taxonomy":"product_tag","embeddable":true,"href":"https:\/\/mapospheres.eu\/fr\/wp-json\/wp\/v2\/product_tag?post=5631"}],"curies":[{"name":"wp","href":"https:\/\/api.w.org\/{rel}","templated":true}]}}