{"id":7429,"date":"2026-01-23T15:58:15","date_gmt":"2026-01-23T15:58:15","guid":{"rendered":"https:\/\/mapospheres.eu\/?post_type=product&#038;p=7429"},"modified":"2026-02-11T10:06:22","modified_gmt":"2026-02-11T10:06:22","slug":"poster-of-auxerre-france","status":"publish","type":"product","link":"https:\/\/mapospheres.eu\/fr\/product\/poster-d-auxerre-france\/","title":{"rendered":"Poster d'Auxerre | France"},"content":{"rendered":"<p><strong>Poster City Map d\u2019Auxerre, France : une carte murale qui promet d\u2019\u00e9veiller votre sens de l\u2019aventure et de l\u2019\u00e9merveillement.<\/strong><\/p>\n<p>En contemplant la carte, vous serez accueilli par les douces courbes de la rivi\u00e8re Yonne, qui serpente au c\u0153ur d\u2019Auxerre telle un ruban scintillant. Le long de ses rives, vous d\u00e9couvrirez des parcs et jardins verdoyants, ses monuments historiques et ses rues charmantes repr\u00e9sent\u00e9s avec un savoir-faire m\u00e9ticuleux. Des fl\u00e8ches majestueuses des cath\u00e9drales aux ruelles pav\u00e9es pittoresques, chaque \u00e9l\u00e9ment raconte une histoire du riche patrimoine culturel d\u2019Auxerre.<\/p>\n<p>Mais ce ne sont pas seulement les caract\u00e9ristiques g\u00e9ographiques qui rendent cette carte vraiment sp\u00e9ciale. C\u2019est aussi la richesse des monuments embl\u00e9matiques qui ornent sa surface, chacun \u00e9tant un t\u00e9moignage du pass\u00e9 charg\u00e9 d\u2019histoire et du pr\u00e9sent dynamique d\u2019Auxerre. Qu\u2019il s\u2019agisse de l\u2019ancienne abbaye de Saint-Germain ou des imposants murs de la cath\u00e9drale Saint-\u00c9tienne, chaque monument ajoute une impression de grandeur et d\u2019histoire \u00e0 la carte. Accrochez cette carte fi\u00e8rement sur votre mur, et laissez sa beaut\u00e9 vous transporter dans les rues charmantes et les paysages \u00e0 couper le souffle d\u2019Auxerre, o\u00f9 chaque coin attend d\u2019\u00eatre d\u00e9couvert et o\u00f9 chaque monument raconte l\u2019histoire d\u2019une ville impr\u00e9gn\u00e9e d\u2019histoire et de culture.<\/p>\n","protected":false},"excerpt":{"rendered":"<p>Obtenez une City Map \u2013 Carte murale &#8211; imprim\u00e9e de la ville d&rsquo;Auxerre, France.<br \/>\nChoisissez ci-dessous la taille, la couleur et le design de votre carte !<\/p>\n","protected":false},"featured_media":9153,"template":"","meta":{"_uag_custom_page_level_css":"","_monsterinsights_skip_tracking":false,"_monsterinsights_sitenote_active":false,"_monsterinsights_sitenote_note":"","_monsterinsights_sitenote_category":0,"site-sidebar-layout":"default","site-content-layout":"","ast-site-content-layout":"default","site-content-style":"default","site-sidebar-style":"default","ast-global-header-display":"","ast-banner-title-visibility":"","ast-main-header-display":"","ast-hfb-above-header-display":"","ast-hfb-below-header-display":"","ast-hfb-mobile-header-display":"","site-post-title":"","ast-breadcrumbs-content":"","ast-featured-img":"","footer-sml-layout":"","ast-disable-related-posts":"","theme-transparent-header-meta":"default","adv-header-id-meta":"","stick-header-meta":"","header-above-stick-meta":"","header-main-stick-meta":"","header-below-stick-meta":"","astra-migrate-meta-layouts":"set","ast-page-background-enabled":"default","ast-page-background-meta":{"desktop":{"background-color":"","background-image":"","background-repeat":"repeat","background-position":"center center","background-size":"auto","background-attachment":"scroll","background-type":"","background-media":"","overlay-type":"","overlay-color":"","overlay-opacity":"","overlay-gradient":""},"tablet":{"background-color":"","background-image":"","background-repeat":"repeat","background-position":"center center","background-size":"auto","background-attachment":"scroll","background-type":"","background-media":"","overlay-type":"","overlay-color":"","overlay-opacity":"","overlay-gradient":""},"mobile":{"background-color":"","background-image":"","background-repeat":"repeat","background-position":"center center","background-size":"auto","background-attachment":"scroll","background-type":"","background-media":"","overlay-type":"","overlay-color":"","overlay-opacity":"","overlay-gradient":""}},"ast-content-background-meta":{"desktop":{"background-color":"var(--ast-global-color-5)","background-image":"","background-repeat":"repeat","background-position":"center center","background-size":"auto","background-attachment":"scroll","background-type":"","background-media":"","overlay-type":"","overlay-color":"","overlay-opacity":"","overlay-gradient":""},"tablet":{"background-color":"var(--ast-global-color-5)","background-image":"","background-repeat":"repeat","background-position":"center center","background-size":"auto","background-attachment":"scroll","background-type":"","background-media":"","overlay-type":"","overlay-color":"","overlay-opacity":"","overlay-gradient":""},"mobile":{"background-color":"var(--ast-global-color-5)","background-image":"","background-repeat":"repeat","background-position":"center center","background-size":"auto","background-attachment":"scroll","background-type":"","background-media":"","overlay-type":"","overlay-color":"","overlay-opacity":"","overlay-gradient":""}}},"product_brand":[],"product_cat":[18,464],"product_tag":[34,35,36,37,223,39,40,93,100],"class_list":{"0":"post-7429","1":"product","2":"type-product","3":"status-publish","4":"has-post-thumbnail","6":"product_cat-city-maps","7":"product_cat-featured_fr","8":"product_tag-30x40","9":"product_tag-40x50","10":"product_tag-50x70","11":"product_tag-70x100","12":"product_tag-auxerre","13":"product_tag-canvas","14":"product_tag-city-map","15":"product_tag-europe","16":"product_tag-france","17":"desktop-align-left","18":"tablet-align-left","19":"mobile-align-left","21":"first","22":"instock","23":"shipping-taxable","24":"purchasable","25":"product-type-variable"},"aioseo_notices":[],"uagb_featured_image_src":{"full":["https:\/\/mapospheres.eu\/wp-content\/uploads\/2026\/01\/AUXERRE_Z27_BW_ROUND_.jpg",1000,1000,false],"thumbnail":["https:\/\/mapospheres.eu\/wp-content\/uploads\/2026\/01\/AUXERRE_Z27_BW_ROUND_-150x150.jpg",150,150,true],"medium":["https:\/\/mapospheres.eu\/wp-content\/uploads\/2026\/01\/AUXERRE_Z27_BW_ROUND_-300x300.jpg",300,300,true],"medium_large":["https:\/\/mapospheres.eu\/wp-content\/uploads\/2026\/01\/AUXERRE_Z27_BW_ROUND_-768x768.jpg",768,768,true],"large":["https:\/\/mapospheres.eu\/wp-content\/uploads\/2026\/01\/AUXERRE_Z27_BW_ROUND_.jpg",1000,1000,false],"1536x1536":["https:\/\/mapospheres.eu\/wp-content\/uploads\/2026\/01\/AUXERRE_Z27_BW_ROUND_.jpg",1000,1000,false],"2048x2048":["https:\/\/mapospheres.eu\/wp-content\/uploads\/2026\/01\/AUXERRE_Z27_BW_ROUND_.jpg",1000,1000,false],"woocommerce_thumbnail":["https:\/\/mapospheres.eu\/wp-content\/uploads\/2026\/01\/AUXERRE_Z27_BW_ROUND_-300x300.jpg",300,300,true],"woocommerce_single":["https:\/\/mapospheres.eu\/wp-content\/uploads\/2026\/01\/AUXERRE_Z27_BW_ROUND_-600x600.jpg",600,600,true],"woocommerce_gallery_thumbnail":["https:\/\/mapospheres.eu\/wp-content\/uploads\/2026\/01\/AUXERRE_Z27_BW_ROUND_-100x100.jpg",100,100,true]},"uagb_author_info":{"display_name":"sgainot04@gmail.com","author_link":"https:\/\/mapospheres.eu\/fr\/author\/"},"uagb_comment_info":0,"uagb_excerpt":"Obtenez une City Map \u2013 Carte murale - imprim\u00e9e de la ville d'Auxerre, France. Choisissez ci-dessous la taille, la couleur et le design de votre carte !","_links":{"self":[{"href":"https:\/\/mapospheres.eu\/fr\/wp-json\/wp\/v2\/product\/7429","targetHints":{"allow":["GET"]}}],"collection":[{"href":"https:\/\/mapospheres.eu\/fr\/wp-json\/wp\/v2\/product"}],"about":[{"href":"https:\/\/mapospheres.eu\/fr\/wp-json\/wp\/v2\/types\/product"}],"wp:featuredmedia":[{"embeddable":true,"href":"https:\/\/mapospheres.eu\/fr\/wp-json\/wp\/v2\/media\/9153"}],"wp:attachment":[{"href":"https:\/\/mapospheres.eu\/fr\/wp-json\/wp\/v2\/media?parent=7429"}],"wp:term":[{"taxonomy":"product_brand","embeddable":true,"href":"https:\/\/mapospheres.eu\/fr\/wp-json\/wp\/v2\/product_brand?post=7429"},{"taxonomy":"product_cat","embeddable":true,"href":"https:\/\/mapospheres.eu\/fr\/wp-json\/wp\/v2\/product_cat?post=7429"},{"taxonomy":"product_tag","embeddable":true,"href":"https:\/\/mapospheres.eu\/fr\/wp-json\/wp\/v2\/product_tag?post=7429"}],"curies":[{"name":"wp","href":"https:\/\/api.w.org\/{rel}","templated":true}]}}