{"id":7433,"date":"2026-01-23T15:58:22","date_gmt":"2026-01-23T15:58:22","guid":{"rendered":"https:\/\/mapospheres.eu\/?post_type=product&#038;p=7433"},"modified":"2026-01-28T16:00:17","modified_gmt":"2026-01-28T16:00:17","slug":"poster-of-bonn-germany","status":"publish","type":"product","link":"https:\/\/mapospheres.eu\/fr\/product\/poster-de-bonn-allemagne\/","title":{"rendered":"Poster de Bonn | Allemagne"},"content":{"rendered":"<p><strong>Poster City Map de Bonn, Nordrhein-Westfalen : l\u2019ancienne capitale de la RFA.<\/strong><\/p>\n<p>Au c\u0153ur de la carte se trouve le majestueux Rhin, une art\u00e8re vitale qui a fa\u00e7onn\u00e9 l\u2019identit\u00e9 de Bonn et offert un d\u00e9cor pittoresque pendant des si\u00e8cles d\u2019activit\u00e9 humaine. Serpentant \u00e0 travers le paysage urbain, ses eaux azur refl\u00e8tent les fa\u00e7ades scintillantes des b\u00e2timents historiques et la verdure luxuriante le long de ses rives. Le Rhin sert non seulement de rep\u00e8re g\u00e9ographique, mais aussi de symbole de la vitalit\u00e9 de Bonn et de sa connexion au monde ext\u00e9rieur.<\/p>\n<p>La cath\u00e9drale de Bonn perce l\u2019horizon, se dressant comme un t\u00e9moignage de l\u2019h\u00e9ritage religieux durable de la ville. \u00c0 proximit\u00e9, l\u2019imposante silhouette de la maison natale de Beethoven rend hommage au fils le plus c\u00e9l\u00e8bre de Bonn, le compositeur l\u00e9gendaire dont l\u2019h\u00e9ritage r\u00e9sonne dans toute la ville. La vieille ville, avec ses ruelles labyrinthiques et ses cours cach\u00e9es, invite les visiteurs \u00e0 explorer ses secrets enchanteurs et \u00e0 s\u2019immerger dans son ambiance intemporelle.<\/p>\n<p>L\u2019\u00e9tendue verdoyante du parc Rheinaue s\u2019\u00e9tend le long des rives, invitant \u00e0 des promenades tranquilles et \u00e0 des pique-niques \u00e0 l\u2019ombre d\u2019arbres centenaires. \u00c0 proximit\u00e9, les jardins botaniques pr\u00e9sentent une vari\u00e9t\u00e9 de plantes exotiques du monde entier, offrant une oasis paisible aux amoureux de la nature et aux passionn\u00e9s de botanique.<\/p>\n<p>Lorsque la soir\u00e9e tombe, la carte s\u2019anime des lumi\u00e8res scintillantes des ponts, des monuments et des promenades riveraines, projetant une lueur magique sur le paysage urbain. Du halo romantique du pont Kennedy \u00e0 la silhouette illumin\u00e9e du palais de Poppelsdorf, la beaut\u00e9 nocturne de la Poster City Map de Bonn captive l\u2019imagination et \u00e9voque un sentiment d\u2019\u00e9merveillement intemporel.<\/p>\n","protected":false},"excerpt":{"rendered":"<p>Obtenez une City Map \u2013 Carte murale &#8211; imprim\u00e9e de la ville de Bonn, Allemagne. <\/p>\n","protected":false},"featured_media":8887,"template":"","meta":{"_uag_custom_page_level_css":"","_monsterinsights_skip_tracking":false,"_monsterinsights_sitenote_active":false,"_monsterinsights_sitenote_note":"","_monsterinsights_sitenote_category":0,"site-sidebar-layout":"default","site-content-layout":"","ast-site-content-layout":"default","site-content-style":"default","site-sidebar-style":"default","ast-global-header-display":"","ast-banner-title-visibility":"","ast-main-header-display":"","ast-hfb-above-header-display":"","ast-hfb-below-header-display":"","ast-hfb-mobile-header-display":"","site-post-title":"","ast-breadcrumbs-content":"","ast-featured-img":"","footer-sml-layout":"","ast-disable-related-posts":"","theme-transparent-header-meta":"default","adv-header-id-meta":"","stick-header-meta":"","header-above-stick-meta":"","header-main-stick-meta":"","header-below-stick-meta":"","astra-migrate-meta-layouts":"set","ast-page-background-enabled":"default","ast-page-background-meta":{"desktop":{"background-color":"","background-image":"","background-repeat":"repeat","background-position":"center center","background-size":"auto","background-attachment":"scroll","background-type":"","background-media":"","overlay-type":"","overlay-color":"","overlay-opacity":"","overlay-gradient":""},"tablet":{"background-color":"","background-image":"","background-repeat":"repeat","background-position":"center center","background-size":"auto","background-attachment":"scroll","background-type":"","background-media":"","overlay-type":"","overlay-color":"","overlay-opacity":"","overlay-gradient":""},"mobile":{"background-color":"","background-image":"","background-repeat":"repeat","background-position":"center center","background-size":"auto","background-attachment":"scroll","background-type":"","background-media":"","overlay-type":"","overlay-color":"","overlay-opacity":"","overlay-gradient":""}},"ast-content-background-meta":{"desktop":{"background-color":"var(--ast-global-color-5)","background-image":"","background-repeat":"repeat","background-position":"center center","background-size":"auto","background-attachment":"scroll","background-type":"","background-media":"","overlay-type":"","overlay-color":"","overlay-opacity":"","overlay-gradient":""},"tablet":{"background-color":"var(--ast-global-color-5)","background-image":"","background-repeat":"repeat","background-position":"center center","background-size":"auto","background-attachment":"scroll","background-type":"","background-media":"","overlay-type":"","overlay-color":"","overlay-opacity":"","overlay-gradient":""},"mobile":{"background-color":"var(--ast-global-color-5)","background-image":"","background-repeat":"repeat","background-position":"center center","background-size":"auto","background-attachment":"scroll","background-type":"","background-media":"","overlay-type":"","overlay-color":"","overlay-opacity":"","overlay-gradient":""}}},"product_brand":[],"product_cat":[18],"product_tag":[34,35,36,37,218,39,40,93,173,215],"class_list":{"0":"post-7433","1":"product","2":"type-product","3":"status-publish","4":"has-post-thumbnail","6":"product_cat-city-maps","7":"product_tag-30x40","8":"product_tag-40x50","9":"product_tag-50x70","10":"product_tag-70x100","11":"product_tag-bonn","12":"product_tag-canvas","13":"product_tag-city-map","14":"product_tag-europe","15":"product_tag-germany","16":"product_tag-nordrhein-westfalen","17":"desktop-align-left","18":"tablet-align-left","19":"mobile-align-left","21":"first","22":"instock","23":"shipping-taxable","24":"purchasable","25":"product-type-variable"},"aioseo_notices":[],"uagb_featured_image_src":{"full":["https:\/\/mapospheres.eu\/wp-content\/uploads\/2026\/01\/CANVAS_15_REDROUND_5-35.jpg",1000,1000,false],"thumbnail":["https:\/\/mapospheres.eu\/wp-content\/uploads\/2026\/01\/CANVAS_15_REDROUND_5-35-150x150.jpg",150,150,true],"medium":["https:\/\/mapospheres.eu\/wp-content\/uploads\/2026\/01\/CANVAS_15_REDROUND_5-35-300x300.jpg",300,300,true],"medium_large":["https:\/\/mapospheres.eu\/wp-content\/uploads\/2026\/01\/CANVAS_15_REDROUND_5-35-768x768.jpg",768,768,true],"large":["https:\/\/mapospheres.eu\/wp-content\/uploads\/2026\/01\/CANVAS_15_REDROUND_5-35.jpg",1000,1000,false],"1536x1536":["https:\/\/mapospheres.eu\/wp-content\/uploads\/2026\/01\/CANVAS_15_REDROUND_5-35.jpg",1000,1000,false],"2048x2048":["https:\/\/mapospheres.eu\/wp-content\/uploads\/2026\/01\/CANVAS_15_REDROUND_5-35.jpg",1000,1000,false],"woocommerce_thumbnail":["https:\/\/mapospheres.eu\/wp-content\/uploads\/2026\/01\/CANVAS_15_REDROUND_5-35-300x300.jpg",300,300,true],"woocommerce_single":["https:\/\/mapospheres.eu\/wp-content\/uploads\/2026\/01\/CANVAS_15_REDROUND_5-35-600x600.jpg",600,600,true],"woocommerce_gallery_thumbnail":["https:\/\/mapospheres.eu\/wp-content\/uploads\/2026\/01\/CANVAS_15_REDROUND_5-35-100x100.jpg",100,100,true]},"uagb_author_info":{"display_name":"sgainot04@gmail.com","author_link":"https:\/\/mapospheres.eu\/fr\/author\/"},"uagb_comment_info":0,"uagb_excerpt":"Obtenez une City Map \u2013 Carte murale - imprim\u00e9e de la ville de Bonn, Allemagne.","_links":{"self":[{"href":"https:\/\/mapospheres.eu\/fr\/wp-json\/wp\/v2\/product\/7433","targetHints":{"allow":["GET"]}}],"collection":[{"href":"https:\/\/mapospheres.eu\/fr\/wp-json\/wp\/v2\/product"}],"about":[{"href":"https:\/\/mapospheres.eu\/fr\/wp-json\/wp\/v2\/types\/product"}],"wp:featuredmedia":[{"embeddable":true,"href":"https:\/\/mapospheres.eu\/fr\/wp-json\/wp\/v2\/media\/8887"}],"wp:attachment":[{"href":"https:\/\/mapospheres.eu\/fr\/wp-json\/wp\/v2\/media?parent=7433"}],"wp:term":[{"taxonomy":"product_brand","embeddable":true,"href":"https:\/\/mapospheres.eu\/fr\/wp-json\/wp\/v2\/product_brand?post=7433"},{"taxonomy":"product_cat","embeddable":true,"href":"https:\/\/mapospheres.eu\/fr\/wp-json\/wp\/v2\/product_cat?post=7433"},{"taxonomy":"product_tag","embeddable":true,"href":"https:\/\/mapospheres.eu\/fr\/wp-json\/wp\/v2\/product_tag?post=7433"}],"curies":[{"name":"wp","href":"https:\/\/api.w.org\/{rel}","templated":true}]}}