{"id":7434,"date":"2026-01-23T15:58:25","date_gmt":"2026-01-23T15:58:25","guid":{"rendered":"https:\/\/mapospheres.eu\/?post_type=product&#038;p=7434"},"modified":"2026-01-28T15:54:51","modified_gmt":"2026-01-28T15:54:51","slug":"poster-of-erfurt-germany","status":"publish","type":"product","link":"https:\/\/mapospheres.eu\/fr\/product\/poster-d-erfurt-allemagne\/","title":{"rendered":"Poster d'Erfurt | Allemagne"},"content":{"rendered":"<p><strong>Poster City Map d\u2019Erfurt, Th\u00fcringen : embarquez pour un voyage visuel \u00e0 travers ses rues charg\u00e9es d\u2019histoire et ses monuments embl\u00e9matiques.<\/strong><\/p>\n<p>Dominant le reste de la ville, la cath\u00e9drale d\u2019Erfurt s\u2019\u00e9l\u00e8ve vers les cieux, son architecture gothique t\u00e9moignant de l\u2019importance religieuse de la ville. \u00c0 proximit\u00e9, la silhouette majestueuse de la Kr\u00e4merbr\u00fccke enjambe la rivi\u00e8re Gera, ses maisons m\u00e9di\u00e9vales et ses boutiques anim\u00e9es rappelant une \u00e9poque o\u00f9 Erfurt \u00e9tait un centre prosp\u00e8re de commerce le long de la Via Regia historique. Au fur et \u00e0 mesure que la carte se d\u00e9ploie, elle r\u00e9v\u00e8le une tapisserie de tr\u00e9sors architecturaux et de monuments culturels qui d\u00e9finissent l\u2019identit\u00e9 unique d\u2019Erfurt. La grandeur de la citadelle de Petersberg, perch\u00e9e au sommet d\u2019une colline surplombant la ville, offre un aper\u00e7u du pass\u00e9 militaire d\u2019Erfurt, tandis que la beaut\u00e9 paisible de l\u2019Egapark t\u00e9moigne de l\u2019engagement de la ville en faveur des espaces verts et de la splendeur botanique.<\/p>\n<p>Au centre de la carte se trouve la rivi\u00e8re Gera, dont le cours sinueux traverse le c\u0153ur du paysage pittoresque d\u2019Erfurt. Le long de ses rives, des b\u00e2timents centenaires se dressent en t\u00e9moins silencieux du pass\u00e9 glorieux de la ville, leurs fa\u00e7ades orn\u00e9es de sculptures \u00e9labor\u00e9es et de fresques color\u00e9es racontant des r\u00e9cits d\u2019\u00e9poques r\u00e9volues.<\/p>\n<p>Au-del\u00e0 du centre urbain, la carte met en lumi\u00e8re les parcs et jardins verdoyants d\u2019Erfurt, o\u00f9 des prairies de fleurs sauvages s\u2019\u00e9panouissent \u00e0 l\u2019ombre d\u2019arbres centenaires. Les eaux tranquilles du lac Luisenpark offrent une oasis sereine de d\u00e9tente et de contemplation, tandis que l\u2019\u00e9tendue verdoyante du Th\u00fcringer Zoopark constitue un sanctuaire pour la faune locale et exotique.<\/p>\n<p>Lorsque le jour se transforme en nuit, la carte s\u2019anime de la douce lueur des r\u00e9verb\u00e8res et du scintillement des \u00e9toiles au-dessus. De l\u2019ambiance romantique de la Domplatz \u00e0 l\u2019effervescence anim\u00e9e de l\u2019Anger, la beaut\u00e9 nocturne d\u2019Erfurt captive l\u2019imagination et suscite un sentiment d\u2019\u00e9merveillement.<\/p>\n","protected":false},"excerpt":{"rendered":"<p>Obtenez une City Map \u2013 Carte murale &#8211; imprim\u00e9e de la ville d&rsquo;Erfurt, Allemagne. <\/p>\n","protected":false},"featured_media":8840,"template":"","meta":{"_uag_custom_page_level_css":"","_monsterinsights_skip_tracking":false,"_monsterinsights_sitenote_active":false,"_monsterinsights_sitenote_note":"","_monsterinsights_sitenote_category":0,"site-sidebar-layout":"default","site-content-layout":"","ast-site-content-layout":"default","site-content-style":"default","site-sidebar-style":"default","ast-global-header-display":"","ast-banner-title-visibility":"","ast-main-header-display":"","ast-hfb-above-header-display":"","ast-hfb-below-header-display":"","ast-hfb-mobile-header-display":"","site-post-title":"","ast-breadcrumbs-content":"","ast-featured-img":"","footer-sml-layout":"","ast-disable-related-posts":"","theme-transparent-header-meta":"default","adv-header-id-meta":"","stick-header-meta":"","header-above-stick-meta":"","header-main-stick-meta":"","header-below-stick-meta":"","astra-migrate-meta-layouts":"set","ast-page-background-enabled":"default","ast-page-background-meta":{"desktop":{"background-color":"","background-image":"","background-repeat":"repeat","background-position":"center center","background-size":"auto","background-attachment":"scroll","background-type":"","background-media":"","overlay-type":"","overlay-color":"","overlay-opacity":"","overlay-gradient":""},"tablet":{"background-color":"","background-image":"","background-repeat":"repeat","background-position":"center center","background-size":"auto","background-attachment":"scroll","background-type":"","background-media":"","overlay-type":"","overlay-color":"","overlay-opacity":"","overlay-gradient":""},"mobile":{"background-color":"","background-image":"","background-repeat":"repeat","background-position":"center center","background-size":"auto","background-attachment":"scroll","background-type":"","background-media":"","overlay-type":"","overlay-color":"","overlay-opacity":"","overlay-gradient":""}},"ast-content-background-meta":{"desktop":{"background-color":"var(--ast-global-color-5)","background-image":"","background-repeat":"repeat","background-position":"center center","background-size":"auto","background-attachment":"scroll","background-type":"","background-media":"","overlay-type":"","overlay-color":"","overlay-opacity":"","overlay-gradient":""},"tablet":{"background-color":"var(--ast-global-color-5)","background-image":"","background-repeat":"repeat","background-position":"center center","background-size":"auto","background-attachment":"scroll","background-type":"","background-media":"","overlay-type":"","overlay-color":"","overlay-opacity":"","overlay-gradient":""},"mobile":{"background-color":"var(--ast-global-color-5)","background-image":"","background-repeat":"repeat","background-position":"center center","background-size":"auto","background-attachment":"scroll","background-type":"","background-media":"","overlay-type":"","overlay-color":"","overlay-opacity":"","overlay-gradient":""}}},"product_brand":[],"product_cat":[18],"product_tag":[34,35,36,37,39,40,216,93,173,217],"class_list":{"0":"post-7434","1":"product","2":"type-product","3":"status-publish","4":"has-post-thumbnail","6":"product_cat-city-maps","7":"product_tag-30x40","8":"product_tag-40x50","9":"product_tag-50x70","10":"product_tag-70x100","11":"product_tag-canvas","12":"product_tag-city-map","13":"product_tag-erfurt","14":"product_tag-europe","15":"product_tag-germany","16":"product_tag-thuringen","17":"desktop-align-left","18":"tablet-align-left","19":"mobile-align-left","21":"first","22":"instock","23":"shipping-taxable","24":"purchasable","25":"product-type-variable"},"aioseo_notices":[],"uagb_featured_image_src":{"full":["https:\/\/mapospheres.eu\/wp-content\/uploads\/2026\/01\/Z21_NIGHT_FULL_-35.jpg",1000,1000,false],"thumbnail":["https:\/\/mapospheres.eu\/wp-content\/uploads\/2026\/01\/Z21_NIGHT_FULL_-35-150x150.jpg",150,150,true],"medium":["https:\/\/mapospheres.eu\/wp-content\/uploads\/2026\/01\/Z21_NIGHT_FULL_-35-300x300.jpg",300,300,true],"medium_large":["https:\/\/mapospheres.eu\/wp-content\/uploads\/2026\/01\/Z21_NIGHT_FULL_-35-768x768.jpg",768,768,true],"large":["https:\/\/mapospheres.eu\/wp-content\/uploads\/2026\/01\/Z21_NIGHT_FULL_-35.jpg",1000,1000,false],"1536x1536":["https:\/\/mapospheres.eu\/wp-content\/uploads\/2026\/01\/Z21_NIGHT_FULL_-35.jpg",1000,1000,false],"2048x2048":["https:\/\/mapospheres.eu\/wp-content\/uploads\/2026\/01\/Z21_NIGHT_FULL_-35.jpg",1000,1000,false],"woocommerce_thumbnail":["https:\/\/mapospheres.eu\/wp-content\/uploads\/2026\/01\/Z21_NIGHT_FULL_-35-300x300.jpg",300,300,true],"woocommerce_single":["https:\/\/mapospheres.eu\/wp-content\/uploads\/2026\/01\/Z21_NIGHT_FULL_-35-600x600.jpg",600,600,true],"woocommerce_gallery_thumbnail":["https:\/\/mapospheres.eu\/wp-content\/uploads\/2026\/01\/Z21_NIGHT_FULL_-35-100x100.jpg",100,100,true]},"uagb_author_info":{"display_name":"sgainot04@gmail.com","author_link":"https:\/\/mapospheres.eu\/fr\/author\/"},"uagb_comment_info":0,"uagb_excerpt":"Obtenez une City Map \u2013 Carte murale - imprim\u00e9e de la ville d'Erfurt, Allemagne.","_links":{"self":[{"href":"https:\/\/mapospheres.eu\/fr\/wp-json\/wp\/v2\/product\/7434","targetHints":{"allow":["GET"]}}],"collection":[{"href":"https:\/\/mapospheres.eu\/fr\/wp-json\/wp\/v2\/product"}],"about":[{"href":"https:\/\/mapospheres.eu\/fr\/wp-json\/wp\/v2\/types\/product"}],"wp:featuredmedia":[{"embeddable":true,"href":"https:\/\/mapospheres.eu\/fr\/wp-json\/wp\/v2\/media\/8840"}],"wp:attachment":[{"href":"https:\/\/mapospheres.eu\/fr\/wp-json\/wp\/v2\/media?parent=7434"}],"wp:term":[{"taxonomy":"product_brand","embeddable":true,"href":"https:\/\/mapospheres.eu\/fr\/wp-json\/wp\/v2\/product_brand?post=7434"},{"taxonomy":"product_cat","embeddable":true,"href":"https:\/\/mapospheres.eu\/fr\/wp-json\/wp\/v2\/product_cat?post=7434"},{"taxonomy":"product_tag","embeddable":true,"href":"https:\/\/mapospheres.eu\/fr\/wp-json\/wp\/v2\/product_tag?post=7434"}],"curies":[{"name":"wp","href":"https:\/\/api.w.org\/{rel}","templated":true}]}}