{"id":7435,"date":"2026-01-23T15:58:27","date_gmt":"2026-01-23T15:58:27","guid":{"rendered":"https:\/\/mapospheres.eu\/?post_type=product&#038;p=7435"},"modified":"2026-01-28T15:54:55","modified_gmt":"2026-01-28T15:54:55","slug":"poster-of-essen-germany","status":"publish","type":"product","link":"https:\/\/mapospheres.eu\/fr\/product\/poster-de-essen-allemagne\/","title":{"rendered":"Poster de Essen | Allemagne"},"content":{"rendered":"<p><strong>Poster City Map d\u2019Essen, Nordrhein-Westfalen : une ville de beaut\u00e9 naturelle et d\u2019opportunit\u00e9s de loisirs, avec de vastes espaces verts.<\/strong><\/p>\n<p>La rivi\u00e8re Ruhr, dont les eaux sont depuis longtemps li\u00e9es \u00e0 l\u2019histoire de la croissance et de la prosp\u00e9rit\u00e9 d\u2019Essen, constitue un v\u00e9ritable point de rep\u00e8re. Serpentant \u00e0 travers le paysage urbain, la Ruhr sert d\u2019art\u00e8re vitale reliant quartiers et districts, tout en offrant un d\u00e9cor pittoresque pour des promenades tranquilles et des activit\u00e9s de loisirs le long de ses rives.<\/p>\n<p>La silhouette embl\u00e9matique du complexe industriel de la mine de charbon de Zollverein se dresse comme un t\u00e9moignage de l\u2019h\u00e9ritage industriel de la ville, ses puits imposants et son architecture Bauhaus distinctive \u00e9tant d\u00e9sormais reconnus comme site du patrimoine mondial de l\u2019UNESCO. \u00c0 proximit\u00e9, l\u2019imposante cath\u00e9drale d\u2019Essen perce l\u2019horizon, son architecture gothique refl\u00e9tant des si\u00e8cles de d\u00e9votion religieuse et d\u2019importance culturelle. Par ailleurs, la merveille moderniste du Grillo-Theater apporte une touche d\u2019\u00e9l\u00e9gance contemporaine au paysage urbain, accueillant une grande vari\u00e9t\u00e9 de productions th\u00e9\u00e2trales et d\u2019\u00e9v\u00e9nements culturels.<\/p>\n<p>L\u2019immense \u00e9tendue du Grugapark offre une oasis luxuriante de verdure, avec ses jardins botaniques, ses \u00e9tangs paisibles et ses sentiers de promenade pittoresques qui permettent de s\u2019\u00e9chapper de l\u2019agitation de la vie citadine. Au-del\u00e0 des limites de la ville, la carte met en valeur la beaut\u00e9 naturelle d\u2019Essen et ses possibilit\u00e9s de loisirs, avec de vastes espaces verts tels que Baldeneysee et H\u00fcgelpark offrant de nombreuses occasions d\u2019aventure en plein air et de d\u00e9tente. Quant aux collines et for\u00eats environnantes de la vall\u00e9e de la Ruhr, elles offrent un d\u00e9cor pittoresque pour la randonn\u00e9e, le cyclisme et l\u2019exploration de la nature.<\/p>\n","protected":false},"excerpt":{"rendered":"<p>Obtenez une City Map \u2013 Carte murale &#8211; imprim\u00e9e de la ville de Essen, Allemagne. <\/p>\n","protected":false},"featured_media":8794,"template":"","meta":{"_uag_custom_page_level_css":"","_monsterinsights_skip_tracking":false,"_monsterinsights_sitenote_active":false,"_monsterinsights_sitenote_note":"","_monsterinsights_sitenote_category":0,"site-sidebar-layout":"default","site-content-layout":"","ast-site-content-layout":"default","site-content-style":"default","site-sidebar-style":"default","ast-global-header-display":"","ast-banner-title-visibility":"","ast-main-header-display":"","ast-hfb-above-header-display":"","ast-hfb-below-header-display":"","ast-hfb-mobile-header-display":"","site-post-title":"","ast-breadcrumbs-content":"","ast-featured-img":"","footer-sml-layout":"","ast-disable-related-posts":"","theme-transparent-header-meta":"default","adv-header-id-meta":"","stick-header-meta":"","header-above-stick-meta":"","header-main-stick-meta":"","header-below-stick-meta":"","astra-migrate-meta-layouts":"set","ast-page-background-enabled":"default","ast-page-background-meta":{"desktop":{"background-color":"","background-image":"","background-repeat":"repeat","background-position":"center center","background-size":"auto","background-attachment":"scroll","background-type":"","background-media":"","overlay-type":"","overlay-color":"","overlay-opacity":"","overlay-gradient":""},"tablet":{"background-color":"","background-image":"","background-repeat":"repeat","background-position":"center center","background-size":"auto","background-attachment":"scroll","background-type":"","background-media":"","overlay-type":"","overlay-color":"","overlay-opacity":"","overlay-gradient":""},"mobile":{"background-color":"","background-image":"","background-repeat":"repeat","background-position":"center center","background-size":"auto","background-attachment":"scroll","background-type":"","background-media":"","overlay-type":"","overlay-color":"","overlay-opacity":"","overlay-gradient":""}},"ast-content-background-meta":{"desktop":{"background-color":"var(--ast-global-color-5)","background-image":"","background-repeat":"repeat","background-position":"center center","background-size":"auto","background-attachment":"scroll","background-type":"","background-media":"","overlay-type":"","overlay-color":"","overlay-opacity":"","overlay-gradient":""},"tablet":{"background-color":"var(--ast-global-color-5)","background-image":"","background-repeat":"repeat","background-position":"center center","background-size":"auto","background-attachment":"scroll","background-type":"","background-media":"","overlay-type":"","overlay-color":"","overlay-opacity":"","overlay-gradient":""},"mobile":{"background-color":"var(--ast-global-color-5)","background-image":"","background-repeat":"repeat","background-position":"center center","background-size":"auto","background-attachment":"scroll","background-type":"","background-media":"","overlay-type":"","overlay-color":"","overlay-opacity":"","overlay-gradient":""}}},"product_brand":[],"product_cat":[18],"product_tag":[34,35,36,37,39,40,214,93,173,215],"class_list":{"0":"post-7435","1":"product","2":"type-product","3":"status-publish","4":"has-post-thumbnail","6":"product_cat-city-maps","7":"product_tag-30x40","8":"product_tag-40x50","9":"product_tag-50x70","10":"product_tag-70x100","11":"product_tag-canvas","12":"product_tag-city-map","13":"product_tag-essen","14":"product_tag-europe","15":"product_tag-germany","16":"product_tag-nordrhein-westfalen","17":"desktop-align-left","18":"tablet-align-left","19":"mobile-align-left","21":"first","22":"instock","23":"shipping-taxable","24":"purchasable","25":"product-type-variable"},"aioseo_notices":[],"uagb_featured_image_src":{"full":["https:\/\/mapospheres.eu\/wp-content\/uploads\/2026\/01\/CANVAS_14_NIGHTROUND_4-33.jpg",1000,1000,false],"thumbnail":["https:\/\/mapospheres.eu\/wp-content\/uploads\/2026\/01\/CANVAS_14_NIGHTROUND_4-33-150x150.jpg",150,150,true],"medium":["https:\/\/mapospheres.eu\/wp-content\/uploads\/2026\/01\/CANVAS_14_NIGHTROUND_4-33-300x300.jpg",300,300,true],"medium_large":["https:\/\/mapospheres.eu\/wp-content\/uploads\/2026\/01\/CANVAS_14_NIGHTROUND_4-33-768x768.jpg",768,768,true],"large":["https:\/\/mapospheres.eu\/wp-content\/uploads\/2026\/01\/CANVAS_14_NIGHTROUND_4-33.jpg",1000,1000,false],"1536x1536":["https:\/\/mapospheres.eu\/wp-content\/uploads\/2026\/01\/CANVAS_14_NIGHTROUND_4-33.jpg",1000,1000,false],"2048x2048":["https:\/\/mapospheres.eu\/wp-content\/uploads\/2026\/01\/CANVAS_14_NIGHTROUND_4-33.jpg",1000,1000,false],"woocommerce_thumbnail":["https:\/\/mapospheres.eu\/wp-content\/uploads\/2026\/01\/CANVAS_14_NIGHTROUND_4-33-300x300.jpg",300,300,true],"woocommerce_single":["https:\/\/mapospheres.eu\/wp-content\/uploads\/2026\/01\/CANVAS_14_NIGHTROUND_4-33-600x600.jpg",600,600,true],"woocommerce_gallery_thumbnail":["https:\/\/mapospheres.eu\/wp-content\/uploads\/2026\/01\/CANVAS_14_NIGHTROUND_4-33-100x100.jpg",100,100,true]},"uagb_author_info":{"display_name":"sgainot04@gmail.com","author_link":"https:\/\/mapospheres.eu\/fr\/author\/"},"uagb_comment_info":0,"uagb_excerpt":"Obtenez une City Map \u2013 Carte murale - imprim\u00e9e de la ville de Essen, Allemagne.","_links":{"self":[{"href":"https:\/\/mapospheres.eu\/fr\/wp-json\/wp\/v2\/product\/7435","targetHints":{"allow":["GET"]}}],"collection":[{"href":"https:\/\/mapospheres.eu\/fr\/wp-json\/wp\/v2\/product"}],"about":[{"href":"https:\/\/mapospheres.eu\/fr\/wp-json\/wp\/v2\/types\/product"}],"wp:featuredmedia":[{"embeddable":true,"href":"https:\/\/mapospheres.eu\/fr\/wp-json\/wp\/v2\/media\/8794"}],"wp:attachment":[{"href":"https:\/\/mapospheres.eu\/fr\/wp-json\/wp\/v2\/media?parent=7435"}],"wp:term":[{"taxonomy":"product_brand","embeddable":true,"href":"https:\/\/mapospheres.eu\/fr\/wp-json\/wp\/v2\/product_brand?post=7435"},{"taxonomy":"product_cat","embeddable":true,"href":"https:\/\/mapospheres.eu\/fr\/wp-json\/wp\/v2\/product_cat?post=7435"},{"taxonomy":"product_tag","embeddable":true,"href":"https:\/\/mapospheres.eu\/fr\/wp-json\/wp\/v2\/product_tag?post=7435"}],"curies":[{"name":"wp","href":"https:\/\/api.w.org\/{rel}","templated":true}]}}