{"id":7440,"date":"2026-01-23T15:58:37","date_gmt":"2026-01-23T15:58:37","guid":{"rendered":"https:\/\/mapospheres.eu\/?post_type=product&#038;p=7440"},"modified":"2026-01-27T16:31:33","modified_gmt":"2026-01-27T16:31:33","slug":"poster-of-lubeck-germany","status":"publish","type":"product","link":"https:\/\/mapospheres.eu\/fr\/product\/poster-de-lubeck-allemagne\/","title":{"rendered":"Poster de L\u00fcbeck | Allemagne"},"content":{"rendered":"<p><strong>Poster City Map de L\u00fcbeck, Schleswig-Holstein : entrez dans l\u2019\u00e9l\u00e9gance intemporelle de cette ville, nich\u00e9e le long des rives de la Trave dans la pittoresque r\u00e9gion du Schleswig-Holstein.<\/strong><\/p>\n<p>L\u2019horizon de L\u00fcbeck est ponctu\u00e9 de monuments embl\u00e9matiques qui racontent la richesse de son pass\u00e9 prestigieux. La silhouette saisissante du Holstentor, majestueuse porte m\u00e9di\u00e9vale, se dresse comme un symbole fier de la puissance et de la prosp\u00e9rit\u00e9 de L\u00fcbeck au Moyen \u00c2ge. \u00c0 proximit\u00e9, les fl\u00e8ches \u00e9lanc\u00e9es de la cath\u00e9drale de L\u00fcbeck (Dom zu L\u00fcbeck) s\u2019\u00e9l\u00e8vent vers le ciel, mettant en valeur une architecture gothique remarquable et offrant un refuge spirituel aux habitants comme aux visiteurs.<\/p>\n<p>La beaut\u00e9 naturelle de L\u00fcbeck est un v\u00e9ritable spectacle, avec les eaux paisibles de la Trave serpentant au c\u0153ur de la ville. Du port anim\u00e9 aux promenades sereines en bord de rivi\u00e8re, la Trave constitue une art\u00e8re vitale pour L\u00fcbeck, fa\u00e7onnant son paysage et offrant un d\u00e9cor pittoresque pour des balades tranquilles et des croisi\u00e8res fluviales. Autour de la ville, une v\u00e9g\u00e9tation luxuriante et de nombreux parcs offrent des havres de paix, tels que l\u2019idyllique jardin botanique de L\u00fcbeck, o\u00f9 paysages verdoyants et floraisons \u00e9clatantes cr\u00e9ent un refuge de tranquillit\u00e9 au milieu de l\u2019animation urbaine.<\/p>\n<p>Class\u00e9e au patrimoine mondial de l\u2019UNESCO, la ville est r\u00e9put\u00e9e pour son architecture m\u00e9di\u00e9vale remarquablement pr\u00e9serv\u00e9e, ses ruelles \u00e9troites et ses cours cach\u00e9es, invitant les visiteurs \u00e0 remonter le temps et \u00e0 s\u2019immerger dans une \u00e9poque r\u00e9volue. L\u2019h\u00e9ritage maritime de L\u00fcbeck est \u00e9galement c\u00e9l\u00e9br\u00e9, avec ses installations portuaires historiques, ses voiliers embl\u00e9matiques et ses march\u00e9s aux poissons anim\u00e9s qui t\u00e9moignent du lien durable de la ville avec la mer. Ajoutez \u00e0 cela une sc\u00e8ne culturelle dynamique, avec des th\u00e9\u00e2tres, des mus\u00e9es et des festivals qui c\u00e9l\u00e8brent l\u2019h\u00e9ritage artistique et l\u2019esprit cr\u00e9atif de L\u00fcbeck, et vous obtenez une ville qui captive l\u2019imagination et inspire l\u2019exploration \u00e0 chaque instant.<\/p>\n","protected":false},"excerpt":{"rendered":"<p>Obtenez une City Map \u2013 Carte murale &#8211; imprim\u00e9e de la ville de L\u00fcbeck, Allemagne.<br \/>\nChoisissez ci-dessous la taille, la couleur et le design de votre carte !<\/p>\n","protected":false},"featured_media":8538,"template":"","meta":{"_uag_custom_page_level_css":"","_monsterinsights_skip_tracking":false,"_monsterinsights_sitenote_active":false,"_monsterinsights_sitenote_note":"","_monsterinsights_sitenote_category":0,"site-sidebar-layout":"default","site-content-layout":"","ast-site-content-layout":"default","site-content-style":"default","site-sidebar-style":"default","ast-global-header-display":"","ast-banner-title-visibility":"","ast-main-header-display":"","ast-hfb-above-header-display":"","ast-hfb-below-header-display":"","ast-hfb-mobile-header-display":"","site-post-title":"","ast-breadcrumbs-content":"","ast-featured-img":"","footer-sml-layout":"","ast-disable-related-posts":"","theme-transparent-header-meta":"default","adv-header-id-meta":"","stick-header-meta":"","header-above-stick-meta":"","header-main-stick-meta":"","header-below-stick-meta":"","astra-migrate-meta-layouts":"set","ast-page-background-enabled":"default","ast-page-background-meta":{"desktop":{"background-color":"","background-image":"","background-repeat":"repeat","background-position":"center center","background-size":"auto","background-attachment":"scroll","background-type":"","background-media":"","overlay-type":"","overlay-color":"","overlay-opacity":"","overlay-gradient":""},"tablet":{"background-color":"","background-image":"","background-repeat":"repeat","background-position":"center center","background-size":"auto","background-attachment":"scroll","background-type":"","background-media":"","overlay-type":"","overlay-color":"","overlay-opacity":"","overlay-gradient":""},"mobile":{"background-color":"","background-image":"","background-repeat":"repeat","background-position":"center center","background-size":"auto","background-attachment":"scroll","background-type":"","background-media":"","overlay-type":"","overlay-color":"","overlay-opacity":"","overlay-gradient":""}},"ast-content-background-meta":{"desktop":{"background-color":"var(--ast-global-color-5)","background-image":"","background-repeat":"repeat","background-position":"center center","background-size":"auto","background-attachment":"scroll","background-type":"","background-media":"","overlay-type":"","overlay-color":"","overlay-opacity":"","overlay-gradient":""},"tablet":{"background-color":"var(--ast-global-color-5)","background-image":"","background-repeat":"repeat","background-position":"center center","background-size":"auto","background-attachment":"scroll","background-type":"","background-media":"","overlay-type":"","overlay-color":"","overlay-opacity":"","overlay-gradient":""},"mobile":{"background-color":"var(--ast-global-color-5)","background-image":"","background-repeat":"repeat","background-position":"center center","background-size":"auto","background-attachment":"scroll","background-type":"","background-media":"","overlay-type":"","overlay-color":"","overlay-opacity":"","overlay-gradient":""}}},"product_brand":[],"product_cat":[18],"product_tag":[34,35,36,37,39,40,93,173,202,203],"class_list":{"0":"post-7440","1":"product","2":"type-product","3":"status-publish","4":"has-post-thumbnail","6":"product_cat-city-maps","7":"product_tag-30x40","8":"product_tag-40x50","9":"product_tag-50x70","10":"product_tag-70x100","11":"product_tag-canvas","12":"product_tag-city-map","13":"product_tag-europe","14":"product_tag-germany","15":"product_tag-lubeck","16":"product_tag-schleswig-holstein","17":"desktop-align-left","18":"tablet-align-left","19":"mobile-align-left","21":"first","22":"instock","23":"shipping-taxable","24":"purchasable","25":"product-type-variable"},"aioseo_notices":[],"uagb_featured_image_src":{"full":["https:\/\/mapospheres.eu\/wp-content\/uploads\/2026\/01\/CANVAS_15_REDROUND_5-28.jpg",1000,1000,false],"thumbnail":["https:\/\/mapospheres.eu\/wp-content\/uploads\/2026\/01\/CANVAS_15_REDROUND_5-28-150x150.jpg",150,150,true],"medium":["https:\/\/mapospheres.eu\/wp-content\/uploads\/2026\/01\/CANVAS_15_REDROUND_5-28-300x300.jpg",300,300,true],"medium_large":["https:\/\/mapospheres.eu\/wp-content\/uploads\/2026\/01\/CANVAS_15_REDROUND_5-28-768x768.jpg",768,768,true],"large":["https:\/\/mapospheres.eu\/wp-content\/uploads\/2026\/01\/CANVAS_15_REDROUND_5-28.jpg",1000,1000,false],"1536x1536":["https:\/\/mapospheres.eu\/wp-content\/uploads\/2026\/01\/CANVAS_15_REDROUND_5-28.jpg",1000,1000,false],"2048x2048":["https:\/\/mapospheres.eu\/wp-content\/uploads\/2026\/01\/CANVAS_15_REDROUND_5-28.jpg",1000,1000,false],"woocommerce_thumbnail":["https:\/\/mapospheres.eu\/wp-content\/uploads\/2026\/01\/CANVAS_15_REDROUND_5-28-300x300.jpg",300,300,true],"woocommerce_single":["https:\/\/mapospheres.eu\/wp-content\/uploads\/2026\/01\/CANVAS_15_REDROUND_5-28-600x600.jpg",600,600,true],"woocommerce_gallery_thumbnail":["https:\/\/mapospheres.eu\/wp-content\/uploads\/2026\/01\/CANVAS_15_REDROUND_5-28-100x100.jpg",100,100,true]},"uagb_author_info":{"display_name":"sgainot04@gmail.com","author_link":"https:\/\/mapospheres.eu\/fr\/author\/"},"uagb_comment_info":0,"uagb_excerpt":"Obtenez une City Map \u2013 Carte murale - imprim\u00e9e de la ville de L\u00fcbeck, Allemagne. Choisissez ci-dessous la taille, la couleur et le design de votre carte !","_links":{"self":[{"href":"https:\/\/mapospheres.eu\/fr\/wp-json\/wp\/v2\/product\/7440","targetHints":{"allow":["GET"]}}],"collection":[{"href":"https:\/\/mapospheres.eu\/fr\/wp-json\/wp\/v2\/product"}],"about":[{"href":"https:\/\/mapospheres.eu\/fr\/wp-json\/wp\/v2\/types\/product"}],"wp:featuredmedia":[{"embeddable":true,"href":"https:\/\/mapospheres.eu\/fr\/wp-json\/wp\/v2\/media\/8538"}],"wp:attachment":[{"href":"https:\/\/mapospheres.eu\/fr\/wp-json\/wp\/v2\/media?parent=7440"}],"wp:term":[{"taxonomy":"product_brand","embeddable":true,"href":"https:\/\/mapospheres.eu\/fr\/wp-json\/wp\/v2\/product_brand?post=7440"},{"taxonomy":"product_cat","embeddable":true,"href":"https:\/\/mapospheres.eu\/fr\/wp-json\/wp\/v2\/product_cat?post=7440"},{"taxonomy":"product_tag","embeddable":true,"href":"https:\/\/mapospheres.eu\/fr\/wp-json\/wp\/v2\/product_tag?post=7440"}],"curies":[{"name":"wp","href":"https:\/\/api.w.org\/{rel}","templated":true}]}}