{"id":7441,"date":"2026-01-23T15:58:39","date_gmt":"2026-01-23T15:58:39","guid":{"rendered":"https:\/\/mapospheres.eu\/?post_type=product&#038;p=7441"},"modified":"2026-01-27T16:31:35","modified_gmt":"2026-01-27T16:31:35","slug":"poster-of-magdeburg-germany","status":"publish","type":"product","link":"https:\/\/mapospheres.eu\/fr\/product\/poster-de-magdeburg-allemagne\/","title":{"rendered":"Poster de Magdeburg | Allemagne"},"content":{"rendered":"<p><strong>Poster City Map de Magdebourg, Saxe-Anhalt : plongez au c\u0153ur de l\u2019h\u00e9ritage historique de cette ville, qui a fa\u00e7onn\u00e9 son identit\u00e9 et captiv\u00e9 les visiteurs pendant des si\u00e8cles.<\/strong><\/p>\n<p>Les fl\u00e8ches \u00e9lanc\u00e9es de la cath\u00e9drale de Magdebourg (Dom zu Magdeburg St. Mauritius und Katharina) dominent le paysage urbain, mettant en valeur une architecture gothique remarquable et servant de phare spirituel pour les habitants comme pour les p\u00e8lerins. \u00c0 proximit\u00e9, la silhouette imposante du pont-canal de Magdebourg (Kanalbr\u00fccke Magdeburg) s\u2019\u00e9tend au-dessus de l\u2019Elbe, t\u00e9moignage de l\u2019ing\u00e9niosit\u00e9 technique et symbole de modernit\u00e9 dans une ville empreinte d\u2019histoire. Pendant ce temps, la vieille ville historique, avec ses charmantes rues pav\u00e9es et ses b\u00e2timents m\u00e9di\u00e9vaux bien conserv\u00e9s, invite \u00e0 l\u2019exploration et \u00e0 la d\u00e9couverte, offrant un aper\u00e7u du riche patrimoine culturel de Magdebourg.<\/p>\n<p>Du port anim\u00e9 aux promenades pittoresques le long des rives, l\u2019Elbe constitue une v\u00e9ritable art\u00e8re vitale pour Magdebourg, fa\u00e7onnant son paysage et offrant un d\u00e9cor idyllique pour des balades paisibles et des croisi\u00e8res fluviales. Autour de la ville, une v\u00e9g\u00e9tation luxuriante et de nombreux parcs offrent des havres de paix, tels que l\u2019idyllique Elbauenpark, o\u00f9 paysages verdoyants et floraisons \u00e9clatantes cr\u00e9ent un refuge de tranquillit\u00e9.<\/p>\n<p>Ce qui distingue Magdebourg, c\u2019est son alliance unique entre histoire, culture et innovation. En tant que l\u2019une des plus anciennes villes d\u2019Allemagne, Magdebourg est profond\u00e9ment ancr\u00e9e dans l\u2019histoire, avec des monuments et des sites embl\u00e9matiques qui racontent la richesse de son pass\u00e9 prestigieux. Pourtant, c\u2019est aussi une ville tourn\u00e9e vers la modernit\u00e9, dot\u00e9e d\u2019une \u00e9conomie dynamique, d\u2019institutions de recherche de renomm\u00e9e internationale et d\u2019une sc\u00e8ne culturelle vibrante qui c\u00e9l\u00e8bre l\u2019innovation et la cr\u00e9ativit\u00e9. Les h\u00e9misph\u00e8res de Magdebourg, monument d\u00e9di\u00e9 au plus c\u00e9l\u00e8bre r\u00e9sident de la ville, Otto von Guericke, illustrent parfaitement cette fusion entre tradition et progr\u00e8s, mettant en lumi\u00e8re l\u2019h\u00e9ritage de d\u00e9couvertes scientifiques et d\u2019avanc\u00e9es technologiques qui continue de d\u00e9finir Magdebourg aujourd\u2019hui.<\/p>\n","protected":false},"excerpt":{"rendered":"<p>Obtenez une City Map \u2013 Carte murale &#8211; imprim\u00e9e de la ville de Magdeburg, Allemagne.<br \/>\nChoisissez ci-dessous la taille, la couleur et le design de votre carte !<\/p>\n","protected":false},"featured_media":8486,"template":"","meta":{"_uag_custom_page_level_css":"","_monsterinsights_skip_tracking":false,"_monsterinsights_sitenote_active":false,"_monsterinsights_sitenote_note":"","_monsterinsights_sitenote_category":0,"site-sidebar-layout":"default","site-content-layout":"","ast-site-content-layout":"default","site-content-style":"default","site-sidebar-style":"default","ast-global-header-display":"","ast-banner-title-visibility":"","ast-main-header-display":"","ast-hfb-above-header-display":"","ast-hfb-below-header-display":"","ast-hfb-mobile-header-display":"","site-post-title":"","ast-breadcrumbs-content":"","ast-featured-img":"","footer-sml-layout":"","ast-disable-related-posts":"","theme-transparent-header-meta":"default","adv-header-id-meta":"","stick-header-meta":"","header-above-stick-meta":"","header-main-stick-meta":"","header-below-stick-meta":"","astra-migrate-meta-layouts":"set","ast-page-background-enabled":"default","ast-page-background-meta":{"desktop":{"background-color":"","background-image":"","background-repeat":"repeat","background-position":"center center","background-size":"auto","background-attachment":"scroll","background-type":"","background-media":"","overlay-type":"","overlay-color":"","overlay-opacity":"","overlay-gradient":""},"tablet":{"background-color":"","background-image":"","background-repeat":"repeat","background-position":"center center","background-size":"auto","background-attachment":"scroll","background-type":"","background-media":"","overlay-type":"","overlay-color":"","overlay-opacity":"","overlay-gradient":""},"mobile":{"background-color":"","background-image":"","background-repeat":"repeat","background-position":"center center","background-size":"auto","background-attachment":"scroll","background-type":"","background-media":"","overlay-type":"","overlay-color":"","overlay-opacity":"","overlay-gradient":""}},"ast-content-background-meta":{"desktop":{"background-color":"var(--ast-global-color-5)","background-image":"","background-repeat":"repeat","background-position":"center center","background-size":"auto","background-attachment":"scroll","background-type":"","background-media":"","overlay-type":"","overlay-color":"","overlay-opacity":"","overlay-gradient":""},"tablet":{"background-color":"var(--ast-global-color-5)","background-image":"","background-repeat":"repeat","background-position":"center center","background-size":"auto","background-attachment":"scroll","background-type":"","background-media":"","overlay-type":"","overlay-color":"","overlay-opacity":"","overlay-gradient":""},"mobile":{"background-color":"var(--ast-global-color-5)","background-image":"","background-repeat":"repeat","background-position":"center center","background-size":"auto","background-attachment":"scroll","background-type":"","background-media":"","overlay-type":"","overlay-color":"","overlay-opacity":"","overlay-gradient":""}}},"product_brand":[],"product_cat":[18],"product_tag":[34,35,36,37,39,40,93,173,200,201],"class_list":{"0":"post-7441","1":"product","2":"type-product","3":"status-publish","4":"has-post-thumbnail","6":"product_cat-city-maps","7":"product_tag-30x40","8":"product_tag-40x50","9":"product_tag-50x70","10":"product_tag-70x100","11":"product_tag-canvas","12":"product_tag-city-map","13":"product_tag-europe","14":"product_tag-germany","15":"product_tag-magdeburg","16":"product_tag-sachsen-anhalt","17":"desktop-align-left","18":"tablet-align-left","19":"mobile-align-left","21":"first","22":"instock","23":"shipping-taxable","24":"purchasable","25":"product-type-variable"},"aioseo_notices":[],"uagb_featured_image_src":{"full":["https:\/\/mapospheres.eu\/wp-content\/uploads\/2026\/01\/CANVAS_13_BW_MP_3-27.jpg",1000,1000,false],"thumbnail":["https:\/\/mapospheres.eu\/wp-content\/uploads\/2026\/01\/CANVAS_13_BW_MP_3-27-150x150.jpg",150,150,true],"medium":["https:\/\/mapospheres.eu\/wp-content\/uploads\/2026\/01\/CANVAS_13_BW_MP_3-27-300x300.jpg",300,300,true],"medium_large":["https:\/\/mapospheres.eu\/wp-content\/uploads\/2026\/01\/CANVAS_13_BW_MP_3-27-768x768.jpg",768,768,true],"large":["https:\/\/mapospheres.eu\/wp-content\/uploads\/2026\/01\/CANVAS_13_BW_MP_3-27.jpg",1000,1000,false],"1536x1536":["https:\/\/mapospheres.eu\/wp-content\/uploads\/2026\/01\/CANVAS_13_BW_MP_3-27.jpg",1000,1000,false],"2048x2048":["https:\/\/mapospheres.eu\/wp-content\/uploads\/2026\/01\/CANVAS_13_BW_MP_3-27.jpg",1000,1000,false],"woocommerce_thumbnail":["https:\/\/mapospheres.eu\/wp-content\/uploads\/2026\/01\/CANVAS_13_BW_MP_3-27-300x300.jpg",300,300,true],"woocommerce_single":["https:\/\/mapospheres.eu\/wp-content\/uploads\/2026\/01\/CANVAS_13_BW_MP_3-27-600x600.jpg",600,600,true],"woocommerce_gallery_thumbnail":["https:\/\/mapospheres.eu\/wp-content\/uploads\/2026\/01\/CANVAS_13_BW_MP_3-27-100x100.jpg",100,100,true]},"uagb_author_info":{"display_name":"sgainot04@gmail.com","author_link":"https:\/\/mapospheres.eu\/fr\/author\/"},"uagb_comment_info":0,"uagb_excerpt":"Obtenez une City Map \u2013 Carte murale - imprim\u00e9e de la ville de Magdeburg, Allemagne. Choisissez ci-dessous la taille, la couleur et le design de votre carte !","_links":{"self":[{"href":"https:\/\/mapospheres.eu\/fr\/wp-json\/wp\/v2\/product\/7441","targetHints":{"allow":["GET"]}}],"collection":[{"href":"https:\/\/mapospheres.eu\/fr\/wp-json\/wp\/v2\/product"}],"about":[{"href":"https:\/\/mapospheres.eu\/fr\/wp-json\/wp\/v2\/types\/product"}],"wp:featuredmedia":[{"embeddable":true,"href":"https:\/\/mapospheres.eu\/fr\/wp-json\/wp\/v2\/media\/8486"}],"wp:attachment":[{"href":"https:\/\/mapospheres.eu\/fr\/wp-json\/wp\/v2\/media?parent=7441"}],"wp:term":[{"taxonomy":"product_brand","embeddable":true,"href":"https:\/\/mapospheres.eu\/fr\/wp-json\/wp\/v2\/product_brand?post=7441"},{"taxonomy":"product_cat","embeddable":true,"href":"https:\/\/mapospheres.eu\/fr\/wp-json\/wp\/v2\/product_cat?post=7441"},{"taxonomy":"product_tag","embeddable":true,"href":"https:\/\/mapospheres.eu\/fr\/wp-json\/wp\/v2\/product_tag?post=7441"}],"curies":[{"name":"wp","href":"https:\/\/api.w.org\/{rel}","templated":true}]}}