{"id":7442,"date":"2026-01-23T15:58:41","date_gmt":"2026-01-23T15:58:41","guid":{"rendered":"https:\/\/mapospheres.eu\/?post_type=product&#038;p=7442"},"modified":"2026-01-27T16:31:38","modified_gmt":"2026-01-27T16:31:38","slug":"poster-of-mainz-germany","status":"publish","type":"product","link":"https:\/\/mapospheres.eu\/fr\/product\/poster-de-mayence-allemagne\/","title":{"rendered":"Poster de Mayence | Allemagne"},"content":{"rendered":"<p><strong>Poster City Map de Mayence, Rh\u00e9nanie-Palatinat : une ville d\u2019innovation et de cr\u00e9ativit\u00e9.<\/strong><\/p>\n<p>La beaut\u00e9 naturelle de Mayence est fa\u00e7onn\u00e9e par le majestueux Rhin, qui serpente avec gr\u00e2ce \u00e0 travers le paysage urbain, forgeant son identit\u00e9 et offrant un d\u00e9cor pittoresque pour des promenades paisibles et des croisi\u00e8res fluviales. Des quais anim\u00e9s du front de rivi\u00e8re aux parcs et espaces verts tranquilles diss\u00e9min\u00e9s dans la ville, le Rhin constitue une v\u00e9ritable art\u00e8re vitale pour Mayence, la reliant \u00e0 la campagne environnante et offrant des vues imprenables sur les vignobles et les collines.<\/p>\n<p>L\u2019horizon de Mayence est ponctu\u00e9 de monuments embl\u00e9matiques qui racontent la richesse de son histoire et de son patrimoine culturel. Les fl\u00e8ches \u00e9lanc\u00e9es de la cath\u00e9drale de Mayence (Mainzer Dom) s\u2019\u00e9l\u00e8vent fi\u00e8rement au-dessus de la ville, mettant en valeur une architecture romane et gothique remarquable et servant de sanctuaire spirituel pour les habitants comme pour les p\u00e8lerins. \u00c0 proximit\u00e9, le mus\u00e9e Gutenberg rend hommage \u00e0 Johannes Gutenberg, inventeur de l\u2019imprimerie, avec son impressionnante collection de livres rares, de manuscrits et d\u2019objets li\u00e9s \u00e0 l\u2019art de l\u2019impression. Pendant ce temps, la charmante vieille ville, avec ses ruelles sinueuses, ses maisons \u00e0 colombages et ses places de march\u00e9 anim\u00e9es, invite \u00e0 l\u2019exploration et \u00e0 la d\u00e9couverte, offrant un aper\u00e7u du pass\u00e9 m\u00e9di\u00e9val de Mayence et de son pr\u00e9sent dynamique.<\/p>\n<p>En tant que l\u2019une des plus anciennes villes d\u2019Allemagne, Mayence est impr\u00e9gn\u00e9e d\u2019histoire, avec des monuments et des sites qui t\u00e9moignent de son pass\u00e9 prestigieux. Pourtant, c\u2019est aussi une ville d\u2019innovation et de cr\u00e9ativit\u00e9, dot\u00e9e d\u2019une sc\u00e8ne artistique florissante, de mus\u00e9es de renomm\u00e9e internationale et d\u2019une culture viticole r\u00e9put\u00e9e qui c\u00e9l\u00e8bre l\u2019h\u00e9ritage vitivinicole de la r\u00e9gion. Le carnaval de Mayence, l\u2019une des traditions les plus ch\u00e8res \u00e0 la ville, r\u00e9unit habitants et visiteurs dans une c\u00e9l\u00e9bration festive de musique, de danse et de convivialit\u00e9, mettant en lumi\u00e8re l\u2019esprit vibrant et le sens de la communaut\u00e9 qui caract\u00e9risent Mayence.<\/p>\n","protected":false},"excerpt":{"rendered":"<p>Obtenez une City Map \u2013 Carte murale &#8211; imprim\u00e9e de la ville de Mayence, Allemagne.<br \/>\nChoisissez ci-dessous la taille, la couleur et le design de votre carte !<\/p>\n","protected":false},"featured_media":8442,"template":"","meta":{"_uag_custom_page_level_css":"","_monsterinsights_skip_tracking":false,"_monsterinsights_sitenote_active":false,"_monsterinsights_sitenote_note":"","_monsterinsights_sitenote_category":0,"site-sidebar-layout":"default","site-content-layout":"","ast-site-content-layout":"default","site-content-style":"default","site-sidebar-style":"default","ast-global-header-display":"","ast-banner-title-visibility":"","ast-main-header-display":"","ast-hfb-above-header-display":"","ast-hfb-below-header-display":"","ast-hfb-mobile-header-display":"","site-post-title":"","ast-breadcrumbs-content":"","ast-featured-img":"","footer-sml-layout":"","ast-disable-related-posts":"","theme-transparent-header-meta":"default","adv-header-id-meta":"","stick-header-meta":"","header-above-stick-meta":"","header-main-stick-meta":"","header-below-stick-meta":"","astra-migrate-meta-layouts":"set","ast-page-background-enabled":"default","ast-page-background-meta":{"desktop":{"background-color":"","background-image":"","background-repeat":"repeat","background-position":"center center","background-size":"auto","background-attachment":"scroll","background-type":"","background-media":"","overlay-type":"","overlay-color":"","overlay-opacity":"","overlay-gradient":""},"tablet":{"background-color":"","background-image":"","background-repeat":"repeat","background-position":"center center","background-size":"auto","background-attachment":"scroll","background-type":"","background-media":"","overlay-type":"","overlay-color":"","overlay-opacity":"","overlay-gradient":""},"mobile":{"background-color":"","background-image":"","background-repeat":"repeat","background-position":"center center","background-size":"auto","background-attachment":"scroll","background-type":"","background-media":"","overlay-type":"","overlay-color":"","overlay-opacity":"","overlay-gradient":""}},"ast-content-background-meta":{"desktop":{"background-color":"var(--ast-global-color-5)","background-image":"","background-repeat":"repeat","background-position":"center center","background-size":"auto","background-attachment":"scroll","background-type":"","background-media":"","overlay-type":"","overlay-color":"","overlay-opacity":"","overlay-gradient":""},"tablet":{"background-color":"var(--ast-global-color-5)","background-image":"","background-repeat":"repeat","background-position":"center center","background-size":"auto","background-attachment":"scroll","background-type":"","background-media":"","overlay-type":"","overlay-color":"","overlay-opacity":"","overlay-gradient":""},"mobile":{"background-color":"var(--ast-global-color-5)","background-image":"","background-repeat":"repeat","background-position":"center center","background-size":"auto","background-attachment":"scroll","background-type":"","background-media":"","overlay-type":"","overlay-color":"","overlay-opacity":"","overlay-gradient":""}}},"product_brand":[],"product_cat":[18],"product_tag":[34,35,36,37,39,40,93,173,198,199],"class_list":{"0":"post-7442","1":"product","2":"type-product","3":"status-publish","4":"has-post-thumbnail","6":"product_cat-city-maps","7":"product_tag-30x40","8":"product_tag-40x50","9":"product_tag-50x70","10":"product_tag-70x100","11":"product_tag-canvas","12":"product_tag-city-map","13":"product_tag-europe","14":"product_tag-germany","15":"product_tag-mainz","16":"product_tag-rheinland-pfalz","17":"desktop-align-left","18":"tablet-align-left","19":"mobile-align-left","21":"first","22":"instock","23":"shipping-taxable","24":"purchasable","25":"product-type-variable"},"aioseo_notices":[],"uagb_featured_image_src":{"full":["https:\/\/mapospheres.eu\/wp-content\/uploads\/2026\/01\/Z22_RED_FULL_-27.jpg",1000,1000,false],"thumbnail":["https:\/\/mapospheres.eu\/wp-content\/uploads\/2026\/01\/Z22_RED_FULL_-27-150x150.jpg",150,150,true],"medium":["https:\/\/mapospheres.eu\/wp-content\/uploads\/2026\/01\/Z22_RED_FULL_-27-300x300.jpg",300,300,true],"medium_large":["https:\/\/mapospheres.eu\/wp-content\/uploads\/2026\/01\/Z22_RED_FULL_-27-768x768.jpg",768,768,true],"large":["https:\/\/mapospheres.eu\/wp-content\/uploads\/2026\/01\/Z22_RED_FULL_-27.jpg",1000,1000,false],"1536x1536":["https:\/\/mapospheres.eu\/wp-content\/uploads\/2026\/01\/Z22_RED_FULL_-27.jpg",1000,1000,false],"2048x2048":["https:\/\/mapospheres.eu\/wp-content\/uploads\/2026\/01\/Z22_RED_FULL_-27.jpg",1000,1000,false],"woocommerce_thumbnail":["https:\/\/mapospheres.eu\/wp-content\/uploads\/2026\/01\/Z22_RED_FULL_-27-300x300.jpg",300,300,true],"woocommerce_single":["https:\/\/mapospheres.eu\/wp-content\/uploads\/2026\/01\/Z22_RED_FULL_-27-600x600.jpg",600,600,true],"woocommerce_gallery_thumbnail":["https:\/\/mapospheres.eu\/wp-content\/uploads\/2026\/01\/Z22_RED_FULL_-27-100x100.jpg",100,100,true]},"uagb_author_info":{"display_name":"sgainot04@gmail.com","author_link":"https:\/\/mapospheres.eu\/fr\/author\/"},"uagb_comment_info":0,"uagb_excerpt":"Obtenez une City Map \u2013 Carte murale - imprim\u00e9e de la ville de Mayence, Allemagne. Choisissez ci-dessous la taille, la couleur et le design de votre carte !","_links":{"self":[{"href":"https:\/\/mapospheres.eu\/fr\/wp-json\/wp\/v2\/product\/7442","targetHints":{"allow":["GET"]}}],"collection":[{"href":"https:\/\/mapospheres.eu\/fr\/wp-json\/wp\/v2\/product"}],"about":[{"href":"https:\/\/mapospheres.eu\/fr\/wp-json\/wp\/v2\/types\/product"}],"wp:featuredmedia":[{"embeddable":true,"href":"https:\/\/mapospheres.eu\/fr\/wp-json\/wp\/v2\/media\/8442"}],"wp:attachment":[{"href":"https:\/\/mapospheres.eu\/fr\/wp-json\/wp\/v2\/media?parent=7442"}],"wp:term":[{"taxonomy":"product_brand","embeddable":true,"href":"https:\/\/mapospheres.eu\/fr\/wp-json\/wp\/v2\/product_brand?post=7442"},{"taxonomy":"product_cat","embeddable":true,"href":"https:\/\/mapospheres.eu\/fr\/wp-json\/wp\/v2\/product_cat?post=7442"},{"taxonomy":"product_tag","embeddable":true,"href":"https:\/\/mapospheres.eu\/fr\/wp-json\/wp\/v2\/product_tag?post=7442"}],"curies":[{"name":"wp","href":"https:\/\/api.w.org\/{rel}","templated":true}]}}