{"id":7443,"date":"2026-01-23T15:58:43","date_gmt":"2026-01-23T15:58:43","guid":{"rendered":"https:\/\/mapospheres.eu\/?post_type=product&#038;p=7443"},"modified":"2026-01-27T16:31:43","modified_gmt":"2026-01-27T16:31:43","slug":"poster-of-postdam-germany","status":"publish","type":"product","link":"https:\/\/mapospheres.eu\/fr\/product\/poster-de-postdam-allemagne\/","title":{"rendered":"Poster de Postdam | Allemagne"},"content":{"rendered":"<p><strong>Poster City Map de Potsdam, Brandebourg : une ville historique d\u2019une grande importance culturelle.<\/strong><\/p>\n<p>La carte met en lumi\u00e8re avec pr\u00e9cision les sites class\u00e9s au patrimoine mondial de l\u2019UNESCO \u00e0 Potsdam, notamment les somptueux palais de Cecilienhof, le Nouveau Palais et Charlottenhof, chacun contribuant \u00e0 la grandeur et au r\u00e9cit historique de la ville. L\u2019embl\u00e9matique porte de Brandebourg, rappelant son homologue berlinois, symbolise l\u2019h\u00e9ritage durable de Potsdam en tant que r\u00e9sidence royale et centre culturel.<\/p>\n<p>S\u2019\u00e9coulant avec gr\u00e2ce \u00e0 travers la ville, la Havel serpente le long de charmantes promenades en bord d\u2019eau, offrant des panoramas pittoresques et des possibilit\u00e9s de loisirs aux habitants comme aux visiteurs. Les parcs et jardins verdoyants de Potsdam, tels que le parc de Sanssouci, le parc de Babelsberg et le Nouveau Jardin, constituent de v\u00e9ritables havres de paix au c\u0153ur du paysage urbain, o\u00f9 une v\u00e9g\u00e9tation luxuriante, des all\u00e9es sinueuses et des monuments historiques invitent \u00e0 l\u2019exploration et \u00e0 la contemplation.<\/p>\n<p>Potsdam b\u00e9n\u00e9ficie d\u2019une situation strat\u00e9gique au milieu des voies navigables interconnect\u00e9es et des plaines verdoyantes du Brandebourg, avec de subtils jeux d\u2019ombre apportant profondeur et relief \u00e0 la topographie de la ville. Sa proximit\u00e9 avec Berlin, situ\u00e9e \u00e0 courte distance au nord-est, souligne le r\u00f4le de Potsdam en tant que porte d\u2019entr\u00e9e vers la capitale allemande et centre essentiel de commerce, de culture et d\u2019innovation.<\/p>\n<p>Alliant charme historique, beaut\u00e9 naturelle et diversit\u00e9 culturelle, la carte de Potsdam ne constitue pas seulement un \u00e9l\u00e9ment d\u00e9coratif, mais aussi une fen\u00eatre ouverte sur le pass\u00e9 prestigieux et le pr\u00e9sent dynamique de la ville. Qu\u2019elle soit choisie comme souvenir d\u2019une visite m\u00e9morable ou comme hommage \u00e0 son riche patrimoine, cette carte soigneusement r\u00e9alis\u00e9e saura s\u00e9duire les amateurs d\u2019histoire, d\u2019architecture et de culture allemandes, faisant d\u2019elle un ajout pr\u00e9cieux \u00e0 toute collection de d\u00e9coration murale.<\/p>\n","protected":false},"excerpt":{"rendered":"<p>Obtenez une City Map \u2013 Carte murale &#8211; imprim\u00e9e de la ville de Postdam, Allemagne.<br \/>\nChoisissez ci-dessous la taille, la couleur et le design de votre carte !<\/p>\n","protected":false},"featured_media":8387,"template":"","meta":{"_uag_custom_page_level_css":"","_monsterinsights_skip_tracking":false,"_monsterinsights_sitenote_active":false,"_monsterinsights_sitenote_note":"","_monsterinsights_sitenote_category":0,"site-sidebar-layout":"default","site-content-layout":"","ast-site-content-layout":"default","site-content-style":"default","site-sidebar-style":"default","ast-global-header-display":"","ast-banner-title-visibility":"","ast-main-header-display":"","ast-hfb-above-header-display":"","ast-hfb-below-header-display":"","ast-hfb-mobile-header-display":"","site-post-title":"","ast-breadcrumbs-content":"","ast-featured-img":"","footer-sml-layout":"","ast-disable-related-posts":"","theme-transparent-header-meta":"default","adv-header-id-meta":"","stick-header-meta":"","header-above-stick-meta":"","header-main-stick-meta":"","header-below-stick-meta":"","astra-migrate-meta-layouts":"set","ast-page-background-enabled":"default","ast-page-background-meta":{"desktop":{"background-color":"","background-image":"","background-repeat":"repeat","background-position":"center center","background-size":"auto","background-attachment":"scroll","background-type":"","background-media":"","overlay-type":"","overlay-color":"","overlay-opacity":"","overlay-gradient":""},"tablet":{"background-color":"","background-image":"","background-repeat":"repeat","background-position":"center center","background-size":"auto","background-attachment":"scroll","background-type":"","background-media":"","overlay-type":"","overlay-color":"","overlay-opacity":"","overlay-gradient":""},"mobile":{"background-color":"","background-image":"","background-repeat":"repeat","background-position":"center center","background-size":"auto","background-attachment":"scroll","background-type":"","background-media":"","overlay-type":"","overlay-color":"","overlay-opacity":"","overlay-gradient":""}},"ast-content-background-meta":{"desktop":{"background-color":"var(--ast-global-color-5)","background-image":"","background-repeat":"repeat","background-position":"center center","background-size":"auto","background-attachment":"scroll","background-type":"","background-media":"","overlay-type":"","overlay-color":"","overlay-opacity":"","overlay-gradient":""},"tablet":{"background-color":"var(--ast-global-color-5)","background-image":"","background-repeat":"repeat","background-position":"center center","background-size":"auto","background-attachment":"scroll","background-type":"","background-media":"","overlay-type":"","overlay-color":"","overlay-opacity":"","overlay-gradient":""},"mobile":{"background-color":"var(--ast-global-color-5)","background-image":"","background-repeat":"repeat","background-position":"center center","background-size":"auto","background-attachment":"scroll","background-type":"","background-media":"","overlay-type":"","overlay-color":"","overlay-opacity":"","overlay-gradient":""}}},"product_brand":[],"product_cat":[18],"product_tag":[34,35,36,37,196,39,40,93,173,197],"class_list":{"0":"post-7443","1":"product","2":"type-product","3":"status-publish","4":"has-post-thumbnail","6":"product_cat-city-maps","7":"product_tag-30x40","8":"product_tag-40x50","9":"product_tag-50x70","10":"product_tag-70x100","11":"product_tag-brandenburg","12":"product_tag-canvas","13":"product_tag-city-map","14":"product_tag-europe","15":"product_tag-germany","16":"product_tag-postdam","17":"desktop-align-left","18":"tablet-align-left","19":"mobile-align-left","21":"first","22":"instock","23":"shipping-taxable","24":"purchasable","25":"product-type-variable"},"aioseo_notices":[],"uagb_featured_image_src":{"full":["https:\/\/mapospheres.eu\/wp-content\/uploads\/2026\/01\/CANVAS_11_NIGHT_3RD_1-26.jpg",1000,1000,false],"thumbnail":["https:\/\/mapospheres.eu\/wp-content\/uploads\/2026\/01\/CANVAS_11_NIGHT_3RD_1-26-150x150.jpg",150,150,true],"medium":["https:\/\/mapospheres.eu\/wp-content\/uploads\/2026\/01\/CANVAS_11_NIGHT_3RD_1-26-300x300.jpg",300,300,true],"medium_large":["https:\/\/mapospheres.eu\/wp-content\/uploads\/2026\/01\/CANVAS_11_NIGHT_3RD_1-26-768x768.jpg",768,768,true],"large":["https:\/\/mapospheres.eu\/wp-content\/uploads\/2026\/01\/CANVAS_11_NIGHT_3RD_1-26.jpg",1000,1000,false],"1536x1536":["https:\/\/mapospheres.eu\/wp-content\/uploads\/2026\/01\/CANVAS_11_NIGHT_3RD_1-26.jpg",1000,1000,false],"2048x2048":["https:\/\/mapospheres.eu\/wp-content\/uploads\/2026\/01\/CANVAS_11_NIGHT_3RD_1-26.jpg",1000,1000,false],"woocommerce_thumbnail":["https:\/\/mapospheres.eu\/wp-content\/uploads\/2026\/01\/CANVAS_11_NIGHT_3RD_1-26-300x300.jpg",300,300,true],"woocommerce_single":["https:\/\/mapospheres.eu\/wp-content\/uploads\/2026\/01\/CANVAS_11_NIGHT_3RD_1-26-600x600.jpg",600,600,true],"woocommerce_gallery_thumbnail":["https:\/\/mapospheres.eu\/wp-content\/uploads\/2026\/01\/CANVAS_11_NIGHT_3RD_1-26-100x100.jpg",100,100,true]},"uagb_author_info":{"display_name":"sgainot04@gmail.com","author_link":"https:\/\/mapospheres.eu\/fr\/author\/"},"uagb_comment_info":0,"uagb_excerpt":"Obtenez une City Map \u2013 Carte murale - imprim\u00e9e de la ville de Postdam, Allemagne. Choisissez ci-dessous la taille, la couleur et le design de votre carte !","_links":{"self":[{"href":"https:\/\/mapospheres.eu\/fr\/wp-json\/wp\/v2\/product\/7443","targetHints":{"allow":["GET"]}}],"collection":[{"href":"https:\/\/mapospheres.eu\/fr\/wp-json\/wp\/v2\/product"}],"about":[{"href":"https:\/\/mapospheres.eu\/fr\/wp-json\/wp\/v2\/types\/product"}],"wp:featuredmedia":[{"embeddable":true,"href":"https:\/\/mapospheres.eu\/fr\/wp-json\/wp\/v2\/media\/8387"}],"wp:attachment":[{"href":"https:\/\/mapospheres.eu\/fr\/wp-json\/wp\/v2\/media?parent=7443"}],"wp:term":[{"taxonomy":"product_brand","embeddable":true,"href":"https:\/\/mapospheres.eu\/fr\/wp-json\/wp\/v2\/product_brand?post=7443"},{"taxonomy":"product_cat","embeddable":true,"href":"https:\/\/mapospheres.eu\/fr\/wp-json\/wp\/v2\/product_cat?post=7443"},{"taxonomy":"product_tag","embeddable":true,"href":"https:\/\/mapospheres.eu\/fr\/wp-json\/wp\/v2\/product_tag?post=7443"}],"curies":[{"name":"wp","href":"https:\/\/api.w.org\/{rel}","templated":true}]}}