{"id":7449,"date":"2026-01-23T15:58:53","date_gmt":"2026-01-23T15:58:53","guid":{"rendered":"https:\/\/mapospheres.eu\/?post_type=product&#038;p=7449"},"modified":"2026-01-26T15:05:08","modified_gmt":"2026-01-26T15:05:08","slug":"poster-of-leuven-belgium","status":"publish","type":"product","link":"https:\/\/mapospheres.eu\/fr\/product\/poster-de-louvain-belgique\/","title":{"rendered":"Poster de Louvain | Belgique"},"content":{"rendered":"<p><strong>Poster City Map de Louvain, Belgique : une ville riche en monuments qui racontent \u00e0 la fois la grandeur m\u00e9di\u00e9vale et l\u2019\u00e9nergie moderne.<\/strong><\/p>\n<p>D\u00e9couvrez la charmante ville de Louvain \u00e0 travers cette carte urbaine magnifiquement d\u00e9taill\u00e9e, o\u00f9 des si\u00e8cles d\u2019histoire rencontrent les rythmes paisibles de la nature. Situ\u00e9e le long des rives de la rivi\u00e8re Dijle, le paysage de Louvain est un m\u00e9lange d\u00e9licieux de voies d\u2019eau sinueuses, de collines ondulantes et d\u2019espaces verts luxuriants, cr\u00e9ant un d\u00e9cor harmonieux pour ses tr\u00e9sors architecturaux. De la douce \u00e9l\u00e9vation de la Place du Vieux March\u00e9 (connue des locaux comme le \u00ab plus long bar du monde \u00bb) \u00e0 la tranquillit\u00e9 des parcs et for\u00eats environnants, la rivi\u00e8re Dijle serpente \u00e0 travers la ville comme une compagne silencieuse, longeant des b\u00e2timents vieux de plusieurs si\u00e8cles et offrant un miroir r\u00e9fl\u00e9chissant aux fl\u00e8ches et toits qui se dressent au-dessus. Ces fl\u00e8ches appartiennent \u00e0 la magnifique architecture gothique des \u00e9glises et b\u00e2timents universitaires de Louvain, la plus embl\u00e9matique \u00e9tant l\u2019impressionnant h\u00f4tel de ville, avec sa fa\u00e7ade complexe, presque sculpturale. La carte met en valeur ses nombreux espaces verts, notamment l\u2019immense Kruidtuin (jardin botanique), id\u00e9al pour une promenade paisible ou un moment de contemplation. Les collines et prairies verdoyantes qui entourent la ville offrent une escapade parfaite, \u00e0 quelques pas seulement du c\u0153ur anim\u00e9 de Louvain. M\u00eame au sein du paysage urbain, les parcs et les rues bord\u00e9es d\u2019arbres offrent des poches de calme rafra\u00eechissantes, faisant de cette ville un endroit o\u00f9 l\u2019on peut toujours trouver un lieu pour se d\u00e9tendre.<\/p>\n","protected":false},"excerpt":{"rendered":"<p>Obtenez une City Map \u2013 Carte murale &#8211; imprim\u00e9e de la ville de Louvain, Belgique.<br \/>\nChoisissez ci-dessous la taille, la couleur et le design de votre carte !<\/p>\n","protected":false},"featured_media":8093,"template":"","meta":{"_uag_custom_page_level_css":"","_monsterinsights_skip_tracking":false,"_monsterinsights_sitenote_active":false,"_monsterinsights_sitenote_note":"","_monsterinsights_sitenote_category":0,"site-sidebar-layout":"default","site-content-layout":"","ast-site-content-layout":"default","site-content-style":"default","site-sidebar-style":"default","ast-global-header-display":"","ast-banner-title-visibility":"","ast-main-header-display":"","ast-hfb-above-header-display":"","ast-hfb-below-header-display":"","ast-hfb-mobile-header-display":"","site-post-title":"","ast-breadcrumbs-content":"","ast-featured-img":"","footer-sml-layout":"","ast-disable-related-posts":"","theme-transparent-header-meta":"default","adv-header-id-meta":"","stick-header-meta":"","header-above-stick-meta":"","header-main-stick-meta":"","header-below-stick-meta":"","astra-migrate-meta-layouts":"set","ast-page-background-enabled":"default","ast-page-background-meta":{"desktop":{"background-color":"","background-image":"","background-repeat":"repeat","background-position":"center center","background-size":"auto","background-attachment":"scroll","background-type":"","background-media":"","overlay-type":"","overlay-color":"","overlay-opacity":"","overlay-gradient":""},"tablet":{"background-color":"","background-image":"","background-repeat":"repeat","background-position":"center center","background-size":"auto","background-attachment":"scroll","background-type":"","background-media":"","overlay-type":"","overlay-color":"","overlay-opacity":"","overlay-gradient":""},"mobile":{"background-color":"","background-image":"","background-repeat":"repeat","background-position":"center center","background-size":"auto","background-attachment":"scroll","background-type":"","background-media":"","overlay-type":"","overlay-color":"","overlay-opacity":"","overlay-gradient":""}},"ast-content-background-meta":{"desktop":{"background-color":"var(--ast-global-color-5)","background-image":"","background-repeat":"repeat","background-position":"center center","background-size":"auto","background-attachment":"scroll","background-type":"","background-media":"","overlay-type":"","overlay-color":"","overlay-opacity":"","overlay-gradient":""},"tablet":{"background-color":"var(--ast-global-color-5)","background-image":"","background-repeat":"repeat","background-position":"center center","background-size":"auto","background-attachment":"scroll","background-type":"","background-media":"","overlay-type":"","overlay-color":"","overlay-opacity":"","overlay-gradient":""},"mobile":{"background-color":"var(--ast-global-color-5)","background-image":"","background-repeat":"repeat","background-position":"center center","background-size":"auto","background-attachment":"scroll","background-type":"","background-media":"","overlay-type":"","overlay-color":"","overlay-opacity":"","overlay-gradient":""}}},"product_brand":[],"product_cat":[18],"product_tag":[34,35,36,37,183,184,39,40,93,185],"class_list":{"0":"post-7449","1":"product","2":"type-product","3":"status-publish","4":"has-post-thumbnail","6":"product_cat-city-maps","7":"product_tag-30x40","8":"product_tag-40x50","9":"product_tag-50x70","10":"product_tag-70x100","11":"product_tag-belgique","12":"product_tag-belgium","13":"product_tag-canvas","14":"product_tag-city-map","15":"product_tag-europe","16":"product_tag-leuven","17":"desktop-align-left","18":"tablet-align-left","19":"mobile-align-left","21":"first","22":"instock","23":"shipping-taxable","24":"purchasable","25":"product-type-variable"},"aioseo_notices":[],"uagb_featured_image_src":{"full":["https:\/\/mapospheres.eu\/wp-content\/uploads\/2026\/01\/CANVAS_12_RED_2-18.jpg",1000,1000,false],"thumbnail":["https:\/\/mapospheres.eu\/wp-content\/uploads\/2026\/01\/CANVAS_12_RED_2-18-150x150.jpg",150,150,true],"medium":["https:\/\/mapospheres.eu\/wp-content\/uploads\/2026\/01\/CANVAS_12_RED_2-18-300x300.jpg",300,300,true],"medium_large":["https:\/\/mapospheres.eu\/wp-content\/uploads\/2026\/01\/CANVAS_12_RED_2-18-768x768.jpg",768,768,true],"large":["https:\/\/mapospheres.eu\/wp-content\/uploads\/2026\/01\/CANVAS_12_RED_2-18.jpg",1000,1000,false],"1536x1536":["https:\/\/mapospheres.eu\/wp-content\/uploads\/2026\/01\/CANVAS_12_RED_2-18.jpg",1000,1000,false],"2048x2048":["https:\/\/mapospheres.eu\/wp-content\/uploads\/2026\/01\/CANVAS_12_RED_2-18.jpg",1000,1000,false],"woocommerce_thumbnail":["https:\/\/mapospheres.eu\/wp-content\/uploads\/2026\/01\/CANVAS_12_RED_2-18-300x300.jpg",300,300,true],"woocommerce_single":["https:\/\/mapospheres.eu\/wp-content\/uploads\/2026\/01\/CANVAS_12_RED_2-18-600x600.jpg",600,600,true],"woocommerce_gallery_thumbnail":["https:\/\/mapospheres.eu\/wp-content\/uploads\/2026\/01\/CANVAS_12_RED_2-18-100x100.jpg",100,100,true]},"uagb_author_info":{"display_name":"sgainot04@gmail.com","author_link":"https:\/\/mapospheres.eu\/fr\/author\/"},"uagb_comment_info":0,"uagb_excerpt":"Obtenez une City Map \u2013 Carte murale - imprim\u00e9e de la ville de Louvain, Belgique. Choisissez ci-dessous la taille, la couleur et le design de votre carte !","_links":{"self":[{"href":"https:\/\/mapospheres.eu\/fr\/wp-json\/wp\/v2\/product\/7449","targetHints":{"allow":["GET"]}}],"collection":[{"href":"https:\/\/mapospheres.eu\/fr\/wp-json\/wp\/v2\/product"}],"about":[{"href":"https:\/\/mapospheres.eu\/fr\/wp-json\/wp\/v2\/types\/product"}],"wp:featuredmedia":[{"embeddable":true,"href":"https:\/\/mapospheres.eu\/fr\/wp-json\/wp\/v2\/media\/8093"}],"wp:attachment":[{"href":"https:\/\/mapospheres.eu\/fr\/wp-json\/wp\/v2\/media?parent=7449"}],"wp:term":[{"taxonomy":"product_brand","embeddable":true,"href":"https:\/\/mapospheres.eu\/fr\/wp-json\/wp\/v2\/product_brand?post=7449"},{"taxonomy":"product_cat","embeddable":true,"href":"https:\/\/mapospheres.eu\/fr\/wp-json\/wp\/v2\/product_cat?post=7449"},{"taxonomy":"product_tag","embeddable":true,"href":"https:\/\/mapospheres.eu\/fr\/wp-json\/wp\/v2\/product_tag?post=7449"}],"curies":[{"name":"wp","href":"https:\/\/api.w.org\/{rel}","templated":true}]}}