{"id":7450,"date":"2026-01-23T15:58:57","date_gmt":"2026-01-23T15:58:57","guid":{"rendered":"https:\/\/mapospheres.eu\/?post_type=product&#038;p=7450"},"modified":"2026-02-18T15:19:31","modified_gmt":"2026-02-18T15:19:31","slug":"poster-of-bogota-colombia","status":"publish","type":"product","link":"https:\/\/mapospheres.eu\/fr\/product\/poster-de-bogota-colombie\/","title":{"rendered":"Poster de Bogota | Colombie"},"content":{"rendered":"<p><strong>Poster City Map de Bogot\u00e1, Colombie : que vous admiriez l\u2019embl\u00e9matique mus\u00e9e de l\u2019or, le Museo del Oro, ou l\u2019art de rue vibrant qui orne de nombreux murs de la ville, chaque recoin de cette carte raconte l\u2019histoire d\u2019une ville qui est autant celle de ses habitants que celle de son territoire.<\/strong><\/p>\n<p>Au pied des montagnes des Andes, l\u2019emplacement unique de Bogot\u00e1, \u00e0 2 640 m\u00e8tres (8 660 pieds) d\u2019altitude, offre \u00e0 la ville un d\u00e9cor spectaculaire de sommets escarp\u00e9s et de vall\u00e9es majestueuses. Cette carte capture magnifiquement le relief ondulant, o\u00f9 le terrain s\u2019\u00e9l\u00e8ve et s\u2019abaisse comme les notes d\u2019une symphonie bien jou\u00e9e, faisant de l\u2019agencement de la ville une v\u00e9ritable merveille pour les yeux. Au c\u0153ur de la ville se trouve le quartier historique de La Candelaria, un charmant labyrinthe de rues pav\u00e9es, de b\u00e2timents coloniaux et de fresques color\u00e9es. Ce quartier est empreint des r\u00e9cits du pass\u00e9 de Bogot\u00e1, depuis les civilisations indig\u00e8nes jusqu\u2019\u00e0 l\u2019\u00e9poque coloniale et au-del\u00e0. Autour de ce noyau historique, des espaces verts luxuriants comme le c\u00e9l\u00e8bre parc Sim\u00f3n Bol\u00edvar offrent un contraste rafra\u00eechissant avec l\u2019animation des rues. C\u2019est ici que l\u2019on peut se promener dans de vastes jardins paisibles ou simplement admirer la majest\u00e9 des Andes qui se dressent au loin. L\u2019embl\u00e9matique Monserrate, perch\u00e9 au-dessus de la ville, constitue un \u00e9l\u00e9ment remarquable de la carte, offrant \u00e0 la fois un lieu de retraite spirituelle et des vues panoramiques sur toute la ville en contrebas. La l\u00e9gende veut que cette colline soit un lieu de p\u00e8lerinage depuis des si\u00e8cles, et que habitants comme visiteurs gravissent ses hauteurs pour profiter \u00e0 la fois des panoramas \u00e0 couper le souffle et du sanctuaire serein qui se trouve au sommet.<\/p>\n","protected":false},"excerpt":{"rendered":"<p>Obtenez une City Map \u2013 Carte murale &#8211; imprim\u00e9e de la ville de Bogota, Colombie.<br \/>\nChoisissez ci-dessous la taille, la couleur et le design de votre carte !<\/p>\n","protected":false},"featured_media":8051,"template":"","meta":{"_uag_custom_page_level_css":"","_monsterinsights_skip_tracking":false,"_monsterinsights_sitenote_active":false,"_monsterinsights_sitenote_note":"","_monsterinsights_sitenote_category":0,"site-sidebar-layout":"default","site-content-layout":"","ast-site-content-layout":"default","site-content-style":"default","site-sidebar-style":"default","ast-global-header-display":"","ast-banner-title-visibility":"","ast-main-header-display":"","ast-hfb-above-header-display":"","ast-hfb-below-header-display":"","ast-hfb-mobile-header-display":"","site-post-title":"","ast-breadcrumbs-content":"","ast-featured-img":"","footer-sml-layout":"","ast-disable-related-posts":"","theme-transparent-header-meta":"default","adv-header-id-meta":"","stick-header-meta":"","header-above-stick-meta":"","header-main-stick-meta":"","header-below-stick-meta":"","astra-migrate-meta-layouts":"set","ast-page-background-enabled":"default","ast-page-background-meta":{"desktop":{"background-color":"","background-image":"","background-repeat":"repeat","background-position":"center center","background-size":"auto","background-attachment":"scroll","background-type":"","background-media":"","overlay-type":"","overlay-color":"","overlay-opacity":"","overlay-gradient":""},"tablet":{"background-color":"","background-image":"","background-repeat":"repeat","background-position":"center center","background-size":"auto","background-attachment":"scroll","background-type":"","background-media":"","overlay-type":"","overlay-color":"","overlay-opacity":"","overlay-gradient":""},"mobile":{"background-color":"","background-image":"","background-repeat":"repeat","background-position":"center center","background-size":"auto","background-attachment":"scroll","background-type":"","background-media":"","overlay-type":"","overlay-color":"","overlay-opacity":"","overlay-gradient":""}},"ast-content-background-meta":{"desktop":{"background-color":"var(--ast-global-color-5)","background-image":"","background-repeat":"repeat","background-position":"center center","background-size":"auto","background-attachment":"scroll","background-type":"","background-media":"","overlay-type":"","overlay-color":"","overlay-opacity":"","overlay-gradient":""},"tablet":{"background-color":"var(--ast-global-color-5)","background-image":"","background-repeat":"repeat","background-position":"center center","background-size":"auto","background-attachment":"scroll","background-type":"","background-media":"","overlay-type":"","overlay-color":"","overlay-opacity":"","overlay-gradient":""},"mobile":{"background-color":"var(--ast-global-color-5)","background-image":"","background-repeat":"repeat","background-position":"center center","background-size":"auto","background-attachment":"scroll","background-type":"","background-media":"","overlay-type":"","overlay-color":"","overlay-opacity":"","overlay-gradient":""}}},"product_brand":[],"product_cat":[18,465],"product_tag":[34,35,36,37,118,39,40,121,42],"class_list":{"0":"post-7450","1":"product","2":"type-product","3":"status-publish","4":"has-post-thumbnail","6":"product_cat-city-maps","7":"product_cat-featured_esp","8":"product_tag-30x40","9":"product_tag-40x50","10":"product_tag-50x70","11":"product_tag-70x100","12":"product_tag-bogota","13":"product_tag-canvas","14":"product_tag-city-map","15":"product_tag-colombia","16":"product_tag-south-america","17":"desktop-align-left","18":"tablet-align-left","19":"mobile-align-left","21":"first","22":"instock","23":"shipping-taxable","24":"purchasable","25":"product-type-variable"},"aioseo_notices":[],"uagb_featured_image_src":{"full":["https:\/\/mapospheres.eu\/wp-content\/uploads\/2026\/01\/Z22_RED_FULL_-19.jpg",1000,1000,false],"thumbnail":["https:\/\/mapospheres.eu\/wp-content\/uploads\/2026\/01\/Z22_RED_FULL_-19-150x150.jpg",150,150,true],"medium":["https:\/\/mapospheres.eu\/wp-content\/uploads\/2026\/01\/Z22_RED_FULL_-19-300x300.jpg",300,300,true],"medium_large":["https:\/\/mapospheres.eu\/wp-content\/uploads\/2026\/01\/Z22_RED_FULL_-19-768x768.jpg",768,768,true],"large":["https:\/\/mapospheres.eu\/wp-content\/uploads\/2026\/01\/Z22_RED_FULL_-19.jpg",1000,1000,false],"1536x1536":["https:\/\/mapospheres.eu\/wp-content\/uploads\/2026\/01\/Z22_RED_FULL_-19.jpg",1000,1000,false],"2048x2048":["https:\/\/mapospheres.eu\/wp-content\/uploads\/2026\/01\/Z22_RED_FULL_-19.jpg",1000,1000,false],"woocommerce_thumbnail":["https:\/\/mapospheres.eu\/wp-content\/uploads\/2026\/01\/Z22_RED_FULL_-19-300x300.jpg",300,300,true],"woocommerce_single":["https:\/\/mapospheres.eu\/wp-content\/uploads\/2026\/01\/Z22_RED_FULL_-19-600x600.jpg",600,600,true],"woocommerce_gallery_thumbnail":["https:\/\/mapospheres.eu\/wp-content\/uploads\/2026\/01\/Z22_RED_FULL_-19-100x100.jpg",100,100,true]},"uagb_author_info":{"display_name":"sgainot04@gmail.com","author_link":"https:\/\/mapospheres.eu\/fr\/author\/"},"uagb_comment_info":0,"uagb_excerpt":"Obtenez une City Map \u2013 Carte murale - imprim\u00e9e de la ville de Bogota, Colombie. Choisissez ci-dessous la taille, la couleur et le design de votre carte !","_links":{"self":[{"href":"https:\/\/mapospheres.eu\/fr\/wp-json\/wp\/v2\/product\/7450","targetHints":{"allow":["GET"]}}],"collection":[{"href":"https:\/\/mapospheres.eu\/fr\/wp-json\/wp\/v2\/product"}],"about":[{"href":"https:\/\/mapospheres.eu\/fr\/wp-json\/wp\/v2\/types\/product"}],"wp:featuredmedia":[{"embeddable":true,"href":"https:\/\/mapospheres.eu\/fr\/wp-json\/wp\/v2\/media\/8051"}],"wp:attachment":[{"href":"https:\/\/mapospheres.eu\/fr\/wp-json\/wp\/v2\/media?parent=7450"}],"wp:term":[{"taxonomy":"product_brand","embeddable":true,"href":"https:\/\/mapospheres.eu\/fr\/wp-json\/wp\/v2\/product_brand?post=7450"},{"taxonomy":"product_cat","embeddable":true,"href":"https:\/\/mapospheres.eu\/fr\/wp-json\/wp\/v2\/product_cat?post=7450"},{"taxonomy":"product_tag","embeddable":true,"href":"https:\/\/mapospheres.eu\/fr\/wp-json\/wp\/v2\/product_tag?post=7450"}],"curies":[{"name":"wp","href":"https:\/\/api.w.org\/{rel}","templated":true}]}}