{"id":7451,"date":"2026-01-23T15:59:04","date_gmt":"2026-01-23T15:59:04","guid":{"rendered":"https:\/\/mapospheres.eu\/?post_type=product&#038;p=7451"},"modified":"2026-01-26T15:05:04","modified_gmt":"2026-01-26T15:05:04","slug":"poster-of-latina-italy","status":"publish","type":"product","link":"https:\/\/mapospheres.eu\/fr\/product\/poster-de-latina-italie\/","title":{"rendered":"Poster de Latina | Italie"},"content":{"rendered":"<p><strong>Poster City Map de Latina, Italie : la carte met en \u00e9vidence la juxtaposition des \u00e9l\u00e9ments naturels, o\u00f9 l\u2019\u00e9tendue plane de la plaine rencontre l\u2019\u00e9l\u00e9vation montagneuse \u00e0 l\u2019horizon, offrant une vue pittoresque des paysages vari\u00e9s de la r\u00e9gion.<\/strong><\/p>\n<p>Situ\u00e9e au c\u0153ur de l\u2019Agro Pontino, vaste plaine autrefois mar\u00e9cageuse et hostile, Latina se trouve entre la mer Tyrrh\u00e9nienne \u00e0 l\u2019ouest et les douces pentes des montagnes des Lepini \u00e0 l\u2019est. Le paysage plat de la ville, r\u00e9sultat d\u2019un long processus de drainage, t\u00e9moigne de la r\u00e9silience de l\u2019Italie \u00e0 transformer le territoire, en faisant de ce qui \u00e9tait autrefois une zone mar\u00e9cageuse des terres fertiles et productives. La carte capture la grille \u00e9tendue des rues qui d\u00e9finissent l\u2019agencement de la ville, cons\u00e9quence directe de son urbanisme au d\u00e9but du XXe si\u00e8cle. Latina a \u00e9t\u00e9 fond\u00e9e en 1932 sous le r\u00e9gime de Mussolini dans le cadre d\u2019un vaste projet de drainage et de repeuplement des marais. Ses rues, larges et ordonn\u00e9es, s\u2019\u00e9tendent \u00e0 travers la plaine, offrant un sentiment de sym\u00e9trie et d\u2019organisation qui refl\u00e8te son d\u00e9veloppement relativement r\u00e9cent. Pourtant, au sein de cette grille planifi\u00e9e, on trouve des poches de verdure \u2014 parcs, jardins et avenues bord\u00e9es d\u2019arbres \u2014 qui int\u00e8grent la beaut\u00e9 naturelle de la r\u00e9gion \u00e0 l\u2019environnement urbain. Le terrain environnant est tout aussi captivant. \u00c0 l\u2019ouest, la plaine c\u00f4ti\u00e8re m\u00e8ne aux rivages de la mer Tyrrh\u00e9nienne, avec les plages proches de Latina qui constituent une escapade pris\u00e9e pour \u00e9chapper \u00e0 la chaleur de la ville. \u00c0 l\u2019est, les collines montantes des Lepini offrent un arri\u00e8re-plan spectaculaire, tout en influen\u00e7ant le climat et la vie agricole de la r\u00e9gion.<\/p>\n","protected":false},"excerpt":{"rendered":"<p>Obtenez une City Map \u2013 Carte murale &#8211; imprim\u00e9e de la ville de Latina, Italie.<br \/>\nChoisissez ci-dessous la taille, la couleur et le design de votre carte !<\/p>\n","protected":false},"featured_media":8032,"template":"","meta":{"_uag_custom_page_level_css":"","_monsterinsights_skip_tracking":false,"_monsterinsights_sitenote_active":false,"_monsterinsights_sitenote_note":"","_monsterinsights_sitenote_category":0,"site-sidebar-layout":"default","site-content-layout":"","ast-site-content-layout":"default","site-content-style":"default","site-sidebar-style":"default","ast-global-header-display":"","ast-banner-title-visibility":"","ast-main-header-display":"","ast-hfb-above-header-display":"","ast-hfb-below-header-display":"","ast-hfb-mobile-header-display":"","site-post-title":"","ast-breadcrumbs-content":"","ast-featured-img":"","footer-sml-layout":"","ast-disable-related-posts":"","theme-transparent-header-meta":"default","adv-header-id-meta":"","stick-header-meta":"","header-above-stick-meta":"","header-main-stick-meta":"","header-below-stick-meta":"","astra-migrate-meta-layouts":"set","ast-page-background-enabled":"default","ast-page-background-meta":{"desktop":{"background-color":"","background-image":"","background-repeat":"repeat","background-position":"center center","background-size":"auto","background-attachment":"scroll","background-type":"","background-media":"","overlay-type":"","overlay-color":"","overlay-opacity":"","overlay-gradient":""},"tablet":{"background-color":"","background-image":"","background-repeat":"repeat","background-position":"center center","background-size":"auto","background-attachment":"scroll","background-type":"","background-media":"","overlay-type":"","overlay-color":"","overlay-opacity":"","overlay-gradient":""},"mobile":{"background-color":"","background-image":"","background-repeat":"repeat","background-position":"center center","background-size":"auto","background-attachment":"scroll","background-type":"","background-media":"","overlay-type":"","overlay-color":"","overlay-opacity":"","overlay-gradient":""}},"ast-content-background-meta":{"desktop":{"background-color":"var(--ast-global-color-5)","background-image":"","background-repeat":"repeat","background-position":"center center","background-size":"auto","background-attachment":"scroll","background-type":"","background-media":"","overlay-type":"","overlay-color":"","overlay-opacity":"","overlay-gradient":""},"tablet":{"background-color":"var(--ast-global-color-5)","background-image":"","background-repeat":"repeat","background-position":"center center","background-size":"auto","background-attachment":"scroll","background-type":"","background-media":"","overlay-type":"","overlay-color":"","overlay-opacity":"","overlay-gradient":""},"mobile":{"background-color":"var(--ast-global-color-5)","background-image":"","background-repeat":"repeat","background-position":"center center","background-size":"auto","background-attachment":"scroll","background-type":"","background-media":"","overlay-type":"","overlay-color":"","overlay-opacity":"","overlay-gradient":""}}},"product_brand":[],"product_cat":[18],"product_tag":[34,35,36,37,39,40,93,180,181,182],"class_list":{"0":"post-7451","1":"product","2":"type-product","3":"status-publish","4":"has-post-thumbnail","6":"product_cat-city-maps","7":"product_tag-30x40","8":"product_tag-40x50","9":"product_tag-50x70","10":"product_tag-70x100","11":"product_tag-canvas","12":"product_tag-city-map","13":"product_tag-europe","14":"product_tag-italia","15":"product_tag-italy","16":"product_tag-latina","17":"desktop-align-left","18":"tablet-align-left","19":"mobile-align-left","21":"first","22":"instock","23":"shipping-taxable","24":"purchasable","25":"product-type-variable"},"aioseo_notices":[],"uagb_featured_image_src":{"full":["https:\/\/mapospheres.eu\/wp-content\/uploads\/2026\/01\/CANVAS_12_RED_2-16.jpg",1000,1000,false],"thumbnail":["https:\/\/mapospheres.eu\/wp-content\/uploads\/2026\/01\/CANVAS_12_RED_2-16-150x150.jpg",150,150,true],"medium":["https:\/\/mapospheres.eu\/wp-content\/uploads\/2026\/01\/CANVAS_12_RED_2-16-300x300.jpg",300,300,true],"medium_large":["https:\/\/mapospheres.eu\/wp-content\/uploads\/2026\/01\/CANVAS_12_RED_2-16-768x768.jpg",768,768,true],"large":["https:\/\/mapospheres.eu\/wp-content\/uploads\/2026\/01\/CANVAS_12_RED_2-16.jpg",1000,1000,false],"1536x1536":["https:\/\/mapospheres.eu\/wp-content\/uploads\/2026\/01\/CANVAS_12_RED_2-16.jpg",1000,1000,false],"2048x2048":["https:\/\/mapospheres.eu\/wp-content\/uploads\/2026\/01\/CANVAS_12_RED_2-16.jpg",1000,1000,false],"woocommerce_thumbnail":["https:\/\/mapospheres.eu\/wp-content\/uploads\/2026\/01\/CANVAS_12_RED_2-16-300x300.jpg",300,300,true],"woocommerce_single":["https:\/\/mapospheres.eu\/wp-content\/uploads\/2026\/01\/CANVAS_12_RED_2-16-600x600.jpg",600,600,true],"woocommerce_gallery_thumbnail":["https:\/\/mapospheres.eu\/wp-content\/uploads\/2026\/01\/CANVAS_12_RED_2-16-100x100.jpg",100,100,true]},"uagb_author_info":{"display_name":"sgainot04@gmail.com","author_link":"https:\/\/mapospheres.eu\/fr\/author\/"},"uagb_comment_info":0,"uagb_excerpt":"Obtenez une City Map \u2013 Carte murale - imprim\u00e9e de la ville de Latina, Italie. Choisissez ci-dessous la taille, la couleur et le design de votre carte !","_links":{"self":[{"href":"https:\/\/mapospheres.eu\/fr\/wp-json\/wp\/v2\/product\/7451","targetHints":{"allow":["GET"]}}],"collection":[{"href":"https:\/\/mapospheres.eu\/fr\/wp-json\/wp\/v2\/product"}],"about":[{"href":"https:\/\/mapospheres.eu\/fr\/wp-json\/wp\/v2\/types\/product"}],"wp:featuredmedia":[{"embeddable":true,"href":"https:\/\/mapospheres.eu\/fr\/wp-json\/wp\/v2\/media\/8032"}],"wp:attachment":[{"href":"https:\/\/mapospheres.eu\/fr\/wp-json\/wp\/v2\/media?parent=7451"}],"wp:term":[{"taxonomy":"product_brand","embeddable":true,"href":"https:\/\/mapospheres.eu\/fr\/wp-json\/wp\/v2\/product_brand?post=7451"},{"taxonomy":"product_cat","embeddable":true,"href":"https:\/\/mapospheres.eu\/fr\/wp-json\/wp\/v2\/product_cat?post=7451"},{"taxonomy":"product_tag","embeddable":true,"href":"https:\/\/mapospheres.eu\/fr\/wp-json\/wp\/v2\/product_tag?post=7451"}],"curies":[{"name":"wp","href":"https:\/\/api.w.org\/{rel}","templated":true}]}}