{"id":7453,"date":"2026-01-23T15:59:16","date_gmt":"2026-01-23T15:59:16","guid":{"rendered":"https:\/\/mapospheres.eu\/?post_type=product&#038;p=7453"},"modified":"2026-01-26T15:05:20","modified_gmt":"2026-01-26T15:05:20","slug":"poster-of-ouidah-benin","status":"publish","type":"product","link":"https:\/\/mapospheres.eu\/fr\/product\/poster-de-ouidah-benin\/","title":{"rendered":"Poster de Ouidah | B\u00e9nin"},"content":{"rendered":"<p><strong>Poster City Map d\u2019Ouidah, B\u00e9nin : situ\u00e9e au carrefour de l\u2019histoire, de la culture et de la beaut\u00e9 naturelle, la ville constitue un sujet id\u00e9al pour une carte r\u00e9v\u00e9lant ses multiples facettes.<\/strong><\/p>\n<p>Situ\u00e9e le long de la c\u00f4te du golfe de Guin\u00e9e, la g\u00e9ographie d\u2019Ouidah est d\u00e9finie par sa proximit\u00e9 avec la mer, avec de larges \u00e9tendues de plages de sable bordant son littoral. Le paysage, plat comme il est typique des r\u00e9gions c\u00f4ti\u00e8res, s\u2019incline doucement vers l\u2019eau, faisant des plages de la ville un refuge paisible loin de l\u2019agitation du quotidien. La carte d\u2019Ouidah met en \u00e9vidence le lien \u00e9troit de la ville avec l\u2019oc\u00e9an Atlantique, l\u00e0 o\u00f9 la rivi\u00e8re Ouidah se jette dans la mer. Cette rivi\u00e8re serpente \u00e0 travers le paysage, cr\u00e9ant des terres fertiles et insufflant la vie aux espaces verts environnants, tels que les for\u00eats tropicales denses et les petites zones humides. Ces espaces naturels offrent \u00e0 la fois beaut\u00e9 et s\u00e9r\u00e9nit\u00e9, avec des palmiers se balan\u00e7ant au gr\u00e9 du vent et une faune vibrante qui fait de la r\u00e9gion son habitat. L\u2019alliance de l\u2019oc\u00e9an et de la v\u00e9g\u00e9tation luxuriante conf\u00e8re \u00e0 la ville une atmosph\u00e8re unique, reflet du rythme paisible de la vie au bord de l\u2019eau. Ouidah est \u00e9galement une ville profond\u00e9ment marqu\u00e9e par l\u2019histoire, et ses monuments sont diss\u00e9min\u00e9s sur la carte comme autant de chapitres essentiels d\u2019un r\u00e9cit vivant. La tristement c\u00e9l\u00e8bre Porte du Non-Retour se dresse comme un rappel solennel du r\u00f4le de la ville dans la traite transatlantique des esclaves, un pan d\u2019histoire qui r\u00e9sonne profond\u00e9ment dans son pass\u00e9. Non loin de ce site historique, le Temple des Pythons offre un aper\u00e7u de l\u2019h\u00e9ritage spirituel d\u2019Ouidah, o\u00f9 le vaudou occupe une place centrale dans la culture locale. La carte saisit l\u2019emplacement de ces lieux embl\u00e9matiques, v\u00e9ritables t\u00e9moins de la r\u00e9silience de la ville et de la richesse de son identit\u00e9 culturelle.<\/p>\n","protected":false},"excerpt":{"rendered":"<p>Obtenez une City Map \u2013 Carte murale &#8211; imprim\u00e9e de la ville de Ouidah, B\u00e9nin.<br \/>\nChoisissez ci-dessous la taille, la couleur et le design de votre carte !<\/p>\n","protected":false},"featured_media":7895,"template":"","meta":{"_uag_custom_page_level_css":"","_monsterinsights_skip_tracking":false,"_monsterinsights_sitenote_active":false,"_monsterinsights_sitenote_note":"","_monsterinsights_sitenote_category":0,"site-sidebar-layout":"default","site-content-layout":"","ast-site-content-layout":"default","site-content-style":"default","site-sidebar-style":"default","ast-global-header-display":"","ast-banner-title-visibility":"","ast-main-header-display":"","ast-hfb-above-header-display":"","ast-hfb-below-header-display":"","ast-hfb-mobile-header-display":"","site-post-title":"","ast-breadcrumbs-content":"","ast-featured-img":"","footer-sml-layout":"","ast-disable-related-posts":"","theme-transparent-header-meta":"default","adv-header-id-meta":"","stick-header-meta":"","header-above-stick-meta":"","header-main-stick-meta":"","header-below-stick-meta":"","astra-migrate-meta-layouts":"set","ast-page-background-enabled":"default","ast-page-background-meta":{"desktop":{"background-color":"","background-image":"","background-repeat":"repeat","background-position":"center center","background-size":"auto","background-attachment":"scroll","background-type":"","background-media":"","overlay-type":"","overlay-color":"","overlay-opacity":"","overlay-gradient":""},"tablet":{"background-color":"","background-image":"","background-repeat":"repeat","background-position":"center center","background-size":"auto","background-attachment":"scroll","background-type":"","background-media":"","overlay-type":"","overlay-color":"","overlay-opacity":"","overlay-gradient":""},"mobile":{"background-color":"","background-image":"","background-repeat":"repeat","background-position":"center center","background-size":"auto","background-attachment":"scroll","background-type":"","background-media":"","overlay-type":"","overlay-color":"","overlay-opacity":"","overlay-gradient":""}},"ast-content-background-meta":{"desktop":{"background-color":"var(--ast-global-color-5)","background-image":"","background-repeat":"repeat","background-position":"center center","background-size":"auto","background-attachment":"scroll","background-type":"","background-media":"","overlay-type":"","overlay-color":"","overlay-opacity":"","overlay-gradient":""},"tablet":{"background-color":"var(--ast-global-color-5)","background-image":"","background-repeat":"repeat","background-position":"center center","background-size":"auto","background-attachment":"scroll","background-type":"","background-media":"","overlay-type":"","overlay-color":"","overlay-opacity":"","overlay-gradient":""},"mobile":{"background-color":"var(--ast-global-color-5)","background-image":"","background-repeat":"repeat","background-position":"center center","background-size":"auto","background-attachment":"scroll","background-type":"","background-media":"","overlay-type":"","overlay-color":"","overlay-opacity":"","overlay-gradient":""}}},"product_brand":[],"product_cat":[18],"product_tag":[34,35,36,37,97,177,39,40,178],"class_list":{"0":"post-7453","1":"product","2":"type-product","3":"status-publish","4":"has-post-thumbnail","6":"product_cat-city-maps","7":"product_tag-30x40","8":"product_tag-40x50","9":"product_tag-50x70","10":"product_tag-70x100","11":"product_tag-africa","12":"product_tag-benin","13":"product_tag-canvas","14":"product_tag-city-map","15":"product_tag-ouidah","16":"desktop-align-left","17":"tablet-align-left","18":"mobile-align-left","20":"first","21":"instock","22":"shipping-taxable","23":"purchasable","24":"product-type-variable"},"aioseo_notices":[],"uagb_featured_image_src":{"full":["https:\/\/mapospheres.eu\/wp-content\/uploads\/2026\/01\/CANVAS_11_NIGHT_3RD_1-15.jpg",1000,1000,false],"thumbnail":["https:\/\/mapospheres.eu\/wp-content\/uploads\/2026\/01\/CANVAS_11_NIGHT_3RD_1-15-150x150.jpg",150,150,true],"medium":["https:\/\/mapospheres.eu\/wp-content\/uploads\/2026\/01\/CANVAS_11_NIGHT_3RD_1-15-300x300.jpg",300,300,true],"medium_large":["https:\/\/mapospheres.eu\/wp-content\/uploads\/2026\/01\/CANVAS_11_NIGHT_3RD_1-15-768x768.jpg",768,768,true],"large":["https:\/\/mapospheres.eu\/wp-content\/uploads\/2026\/01\/CANVAS_11_NIGHT_3RD_1-15.jpg",1000,1000,false],"1536x1536":["https:\/\/mapospheres.eu\/wp-content\/uploads\/2026\/01\/CANVAS_11_NIGHT_3RD_1-15.jpg",1000,1000,false],"2048x2048":["https:\/\/mapospheres.eu\/wp-content\/uploads\/2026\/01\/CANVAS_11_NIGHT_3RD_1-15.jpg",1000,1000,false],"woocommerce_thumbnail":["https:\/\/mapospheres.eu\/wp-content\/uploads\/2026\/01\/CANVAS_11_NIGHT_3RD_1-15-300x300.jpg",300,300,true],"woocommerce_single":["https:\/\/mapospheres.eu\/wp-content\/uploads\/2026\/01\/CANVAS_11_NIGHT_3RD_1-15-600x600.jpg",600,600,true],"woocommerce_gallery_thumbnail":["https:\/\/mapospheres.eu\/wp-content\/uploads\/2026\/01\/CANVAS_11_NIGHT_3RD_1-15-100x100.jpg",100,100,true]},"uagb_author_info":{"display_name":"sgainot04@gmail.com","author_link":"https:\/\/mapospheres.eu\/fr\/author\/"},"uagb_comment_info":0,"uagb_excerpt":"Obtenez une City Map \u2013 Carte murale - imprim\u00e9e de la ville de Ouidah, B\u00e9nin. Choisissez ci-dessous la taille, la couleur et le design de votre carte !","_links":{"self":[{"href":"https:\/\/mapospheres.eu\/fr\/wp-json\/wp\/v2\/product\/7453","targetHints":{"allow":["GET"]}}],"collection":[{"href":"https:\/\/mapospheres.eu\/fr\/wp-json\/wp\/v2\/product"}],"about":[{"href":"https:\/\/mapospheres.eu\/fr\/wp-json\/wp\/v2\/types\/product"}],"wp:featuredmedia":[{"embeddable":true,"href":"https:\/\/mapospheres.eu\/fr\/wp-json\/wp\/v2\/media\/7895"}],"wp:attachment":[{"href":"https:\/\/mapospheres.eu\/fr\/wp-json\/wp\/v2\/media?parent=7453"}],"wp:term":[{"taxonomy":"product_brand","embeddable":true,"href":"https:\/\/mapospheres.eu\/fr\/wp-json\/wp\/v2\/product_brand?post=7453"},{"taxonomy":"product_cat","embeddable":true,"href":"https:\/\/mapospheres.eu\/fr\/wp-json\/wp\/v2\/product_cat?post=7453"},{"taxonomy":"product_tag","embeddable":true,"href":"https:\/\/mapospheres.eu\/fr\/wp-json\/wp\/v2\/product_tag?post=7453"}],"curies":[{"name":"wp","href":"https:\/\/api.w.org\/{rel}","templated":true}]}}