{"id":7454,"date":"2026-01-23T15:59:18","date_gmt":"2026-01-23T15:59:18","guid":{"rendered":"https:\/\/mapospheres.eu\/?post_type=product&#038;p=7454"},"modified":"2026-01-26T15:04:59","modified_gmt":"2026-01-26T15:04:59","slug":"poster-of-erlangen-germany","status":"publish","type":"product","link":"https:\/\/mapospheres.eu\/fr\/product\/poster-d-erlangen-allemagne\/","title":{"rendered":"Poster d'Erlangen | Allemagne"},"content":{"rendered":"<p><strong>Poster City Map d\u2019Erlangen, Allemagne : la ville n\u2019est peut-\u00eatre pas aussi grande ou c\u00e9l\u00e8bre que certaines de ses voisines, mais elle regorge de caract\u00e8re et de tr\u00e9sors cach\u00e9s.<\/strong><\/p>\n<p>Situ\u00e9e au c\u0153ur de la Franconie, Erlangen s\u2019\u00e9tend dans une vaste vall\u00e9e creus\u00e9e par la rivi\u00e8re Regnitz, qui serpente \u00e0 travers la ville, lui conf\u00e9rant un charme paisible et cr\u00e9ant des espaces naturels o\u00f9 l\u2019on peut s\u2019\u00e9chapper de l\u2019agitation du quotidien. Le paysage qui entoure Erlangen est principalement plat, avec la l\u00e9g\u00e8re \u00e9l\u00e9vation de la Franconian Alb au sud-est, offrant un d\u00e9cor pittoresque \u00e0 la ville. La carte montre comment la rivi\u00e8re a fa\u00e7onn\u00e9 l\u2019organisation urbaine, avec des chemins sinueux et des zones vertes le long de ses rives. Ces espaces verts, comme le vaste Schlossgarten pr\u00e8s du ch\u00e2teau d\u2019Erlangen, offrent des lieux propices \u00e0 la promenade ou \u00e0 la d\u00e9tente, entour\u00e9s d\u2019arbres, de fleurs et du doux murmure de l\u2019eau qui s\u2019\u00e9coule. Les parcs verdoyants et le c\u00e9l\u00e8bre Botanischer Garten, avec sa grande diversit\u00e9 de plantes, rappellent de mani\u00e8re vivante le lien \u00e9troit de la r\u00e9gion avec la nature. Le ch\u00e2teau d\u2019Erlangen, ancienne r\u00e9sidence des margraves de Brandebourg, se dresse comme un discret t\u00e9moignage de la riche histoire de la ville. La carte en capture le contour ainsi que celui des jardins environnants, tous deux symboles du lien profond d\u2019Erlangen avec son pass\u00e9.<\/p>\n","protected":false},"excerpt":{"rendered":"<p>Obtenez une City Map \u2013 Carte murale &#8211; imprim\u00e9e de la ville d&rsquo;Erlangen, Allemagne.<br \/>\nChoisissez ci-dessous la taille, la couleur et le design de votre carte !<\/p>\n","protected":false},"featured_media":7816,"template":"","meta":{"_uag_custom_page_level_css":"","_monsterinsights_skip_tracking":false,"_monsterinsights_sitenote_active":false,"_monsterinsights_sitenote_note":"","_monsterinsights_sitenote_category":0,"site-sidebar-layout":"default","site-content-layout":"","ast-site-content-layout":"default","site-content-style":"default","site-sidebar-style":"default","ast-global-header-display":"","ast-banner-title-visibility":"","ast-main-header-display":"","ast-hfb-above-header-display":"","ast-hfb-below-header-display":"","ast-hfb-mobile-header-display":"","site-post-title":"","ast-breadcrumbs-content":"","ast-featured-img":"","footer-sml-layout":"","ast-disable-related-posts":"","theme-transparent-header-meta":"default","adv-header-id-meta":"","stick-header-meta":"","header-above-stick-meta":"","header-main-stick-meta":"","header-below-stick-meta":"","astra-migrate-meta-layouts":"set","ast-page-background-enabled":"default","ast-page-background-meta":{"desktop":{"background-color":"","background-image":"","background-repeat":"repeat","background-position":"center center","background-size":"auto","background-attachment":"scroll","background-type":"","background-media":"","overlay-type":"","overlay-color":"","overlay-opacity":"","overlay-gradient":""},"tablet":{"background-color":"","background-image":"","background-repeat":"repeat","background-position":"center center","background-size":"auto","background-attachment":"scroll","background-type":"","background-media":"","overlay-type":"","overlay-color":"","overlay-opacity":"","overlay-gradient":""},"mobile":{"background-color":"","background-image":"","background-repeat":"repeat","background-position":"center center","background-size":"auto","background-attachment":"scroll","background-type":"","background-media":"","overlay-type":"","overlay-color":"","overlay-opacity":"","overlay-gradient":""}},"ast-content-background-meta":{"desktop":{"background-color":"var(--ast-global-color-5)","background-image":"","background-repeat":"repeat","background-position":"center center","background-size":"auto","background-attachment":"scroll","background-type":"","background-media":"","overlay-type":"","overlay-color":"","overlay-opacity":"","overlay-gradient":""},"tablet":{"background-color":"var(--ast-global-color-5)","background-image":"","background-repeat":"repeat","background-position":"center center","background-size":"auto","background-attachment":"scroll","background-type":"","background-media":"","overlay-type":"","overlay-color":"","overlay-opacity":"","overlay-gradient":""},"mobile":{"background-color":"var(--ast-global-color-5)","background-image":"","background-repeat":"repeat","background-position":"center center","background-size":"auto","background-attachment":"scroll","background-type":"","background-media":"","overlay-type":"","overlay-color":"","overlay-opacity":"","overlay-gradient":""}}},"product_brand":[],"product_cat":[18],"product_tag":[34,35,36,37,170,39,40,176,93,173],"class_list":{"0":"post-7454","1":"product","2":"type-product","3":"status-publish","4":"has-post-thumbnail","6":"product_cat-city-maps","7":"product_tag-30x40","8":"product_tag-40x50","9":"product_tag-50x70","10":"product_tag-70x100","11":"product_tag-allemagne","12":"product_tag-canvas","13":"product_tag-city-map","14":"product_tag-erlangen","15":"product_tag-europe","16":"product_tag-germany","17":"desktop-align-left","18":"tablet-align-left","19":"mobile-align-left","21":"first","22":"instock","23":"shipping-taxable","24":"purchasable","25":"product-type-variable"},"aioseo_notices":[],"uagb_featured_image_src":{"full":["https:\/\/mapospheres.eu\/wp-content\/uploads\/2026\/01\/Z21_NIGHT_FULL_-15.jpg",1000,1000,false],"thumbnail":["https:\/\/mapospheres.eu\/wp-content\/uploads\/2026\/01\/Z21_NIGHT_FULL_-15-150x150.jpg",150,150,true],"medium":["https:\/\/mapospheres.eu\/wp-content\/uploads\/2026\/01\/Z21_NIGHT_FULL_-15-300x300.jpg",300,300,true],"medium_large":["https:\/\/mapospheres.eu\/wp-content\/uploads\/2026\/01\/Z21_NIGHT_FULL_-15-768x768.jpg",768,768,true],"large":["https:\/\/mapospheres.eu\/wp-content\/uploads\/2026\/01\/Z21_NIGHT_FULL_-15.jpg",1000,1000,false],"1536x1536":["https:\/\/mapospheres.eu\/wp-content\/uploads\/2026\/01\/Z21_NIGHT_FULL_-15.jpg",1000,1000,false],"2048x2048":["https:\/\/mapospheres.eu\/wp-content\/uploads\/2026\/01\/Z21_NIGHT_FULL_-15.jpg",1000,1000,false],"woocommerce_thumbnail":["https:\/\/mapospheres.eu\/wp-content\/uploads\/2026\/01\/Z21_NIGHT_FULL_-15-300x300.jpg",300,300,true],"woocommerce_single":["https:\/\/mapospheres.eu\/wp-content\/uploads\/2026\/01\/Z21_NIGHT_FULL_-15-600x600.jpg",600,600,true],"woocommerce_gallery_thumbnail":["https:\/\/mapospheres.eu\/wp-content\/uploads\/2026\/01\/Z21_NIGHT_FULL_-15-100x100.jpg",100,100,true]},"uagb_author_info":{"display_name":"sgainot04@gmail.com","author_link":"https:\/\/mapospheres.eu\/fr\/author\/"},"uagb_comment_info":0,"uagb_excerpt":"Obtenez une City Map \u2013 Carte murale - imprim\u00e9e de la ville d'Erlangen, Allemagne. Choisissez ci-dessous la taille, la couleur et le design de votre carte !","_links":{"self":[{"href":"https:\/\/mapospheres.eu\/fr\/wp-json\/wp\/v2\/product\/7454","targetHints":{"allow":["GET"]}}],"collection":[{"href":"https:\/\/mapospheres.eu\/fr\/wp-json\/wp\/v2\/product"}],"about":[{"href":"https:\/\/mapospheres.eu\/fr\/wp-json\/wp\/v2\/types\/product"}],"wp:featuredmedia":[{"embeddable":true,"href":"https:\/\/mapospheres.eu\/fr\/wp-json\/wp\/v2\/media\/7816"}],"wp:attachment":[{"href":"https:\/\/mapospheres.eu\/fr\/wp-json\/wp\/v2\/media?parent=7454"}],"wp:term":[{"taxonomy":"product_brand","embeddable":true,"href":"https:\/\/mapospheres.eu\/fr\/wp-json\/wp\/v2\/product_brand?post=7454"},{"taxonomy":"product_cat","embeddable":true,"href":"https:\/\/mapospheres.eu\/fr\/wp-json\/wp\/v2\/product_cat?post=7454"},{"taxonomy":"product_tag","embeddable":true,"href":"https:\/\/mapospheres.eu\/fr\/wp-json\/wp\/v2\/product_tag?post=7454"}],"curies":[{"name":"wp","href":"https:\/\/api.w.org\/{rel}","templated":true}]}}