{"id":7455,"date":"2026-01-23T15:59:21","date_gmt":"2026-01-23T15:59:21","guid":{"rendered":"https:\/\/mapospheres.eu\/?post_type=product&#038;p=7455"},"modified":"2026-01-26T15:05:12","modified_gmt":"2026-01-26T15:05:12","slug":"poster-of-nuremberg-germany","status":"publish","type":"product","link":"https:\/\/mapospheres.eu\/fr\/product\/poster-of-nuremberg-allemagne\/","title":{"rendered":"Poster of N\u00fcremberg | Allemagne"},"content":{"rendered":"<p><strong>Poster City Map de N\u00fcremberg, Allemagne : la ville est r\u00e9put\u00e9e pour son m\u00e9lange de beaut\u00e9 d\u2019antan et de dynamisme moderne, une dualit\u00e9 qui se refl\u00e8te dans sa topographie.<\/strong><\/p>\n<p>Situ\u00e9e le long de la rivi\u00e8re Pegnitz, Nuremberg s\u2019\u00e9tend entre les collines ondulantes du Jura franconien au nord et la douce \u00e9l\u00e9vation du plateau de Nuremberg au sud, formant un paysage de collines, de vall\u00e9es et de voies d\u2019eau sinueuses. L\u2019emplacement de la ville a longtemps \u00e9t\u00e9 strat\u00e9gique, la rivi\u00e8re servant de voie naturelle pour le commerce et les d\u00e9placements, tandis que le relief environnant offrait un d\u00e9cor id\u00e9al \u00e0 des si\u00e8cles d\u2019histoire. L\u2019Altstadt, ou vieille ville, se trouve \u00e0 l\u2019int\u00e9rieur d\u2019un anneau protecteur de remparts, et c\u2019est l\u00e0 que l\u2019on d\u00e9couvre des monuments embl\u00e9matiques tels que l\u2019imposant ch\u00e2teau de Nuremberg. Perch\u00e9e au sommet d\u2019une colline, cette forteresse veille sur la ville et offre de vastes panoramas sur le paysage environnant, o\u00f9 le c\u0153ur m\u00e9di\u00e9val de la cit\u00e9 bat encore au milieu d\u2019ajouts plus r\u00e9cents. En contrebas, la rivi\u00e8re Pegnitz serpente \u00e0 travers la ville, ses m\u00e9andres formant de petits \u00eelots qui cr\u00e9ent des poches de verdure appr\u00e9ci\u00e9es des habitants comme des visiteurs. En parlant d\u2019espaces verts, Nuremberg ne manque pas de parcs et de nature. Le parc du Luitpoldhain, vaste espace vert situ\u00e9 pr\u00e8s du c\u00e9l\u00e8bre site des congr\u00e8s du parti nazi, invite \u00e0 la d\u00e9tente avec ses grandes pelouses et ses all\u00e9es bord\u00e9es d\u2019arbres. Plus loin, le grand et paisible Stadtpark (parc municipal) offre une \u00e9tendue de calme ponctu\u00e9e d\u2019\u00e9tangs tranquilles, id\u00e9ale pour une promenade lente l\u2019apr\u00e8s-midi. Parmi les nombreux rep\u00e8res qui jalonnent la carte, on remarque immanquablement le ch\u00e2teau de Nuremberg, l\u2019\u00e9glise Saint-Lorenz \u00e0 l\u2019architecture raffin\u00e9e, ainsi que la c\u00e9l\u00e8bre maison d\u2019Albrecht D\u00fcrer, qui raconte l\u2019histoire du grand artiste de la Renaissance.<\/p>\n","protected":false},"excerpt":{"rendered":"<p>Obtenez une City Map \u2013 Carte murale &#8211; imprim\u00e9e de la ville de N\u00fcremberg, Allemagne.<br \/>\nChoisissez ci-dessous la taille, la couleur et le design de votre carte !<\/p>\n","protected":false},"featured_media":7800,"template":"","meta":{"_uag_custom_page_level_css":"","_monsterinsights_skip_tracking":false,"_monsterinsights_sitenote_active":false,"_monsterinsights_sitenote_note":"","_monsterinsights_sitenote_category":0,"site-sidebar-layout":"default","site-content-layout":"","ast-site-content-layout":"default","site-content-style":"default","site-sidebar-style":"default","ast-global-header-display":"","ast-banner-title-visibility":"","ast-main-header-display":"","ast-hfb-above-header-display":"","ast-hfb-below-header-display":"","ast-hfb-mobile-header-display":"","site-post-title":"","ast-breadcrumbs-content":"","ast-featured-img":"","footer-sml-layout":"","ast-disable-related-posts":"","theme-transparent-header-meta":"default","adv-header-id-meta":"","stick-header-meta":"","header-above-stick-meta":"","header-main-stick-meta":"","header-below-stick-meta":"","astra-migrate-meta-layouts":"set","ast-page-background-enabled":"default","ast-page-background-meta":{"desktop":{"background-color":"","background-image":"","background-repeat":"repeat","background-position":"center center","background-size":"auto","background-attachment":"scroll","background-type":"","background-media":"","overlay-type":"","overlay-color":"","overlay-opacity":"","overlay-gradient":""},"tablet":{"background-color":"","background-image":"","background-repeat":"repeat","background-position":"center center","background-size":"auto","background-attachment":"scroll","background-type":"","background-media":"","overlay-type":"","overlay-color":"","overlay-opacity":"","overlay-gradient":""},"mobile":{"background-color":"","background-image":"","background-repeat":"repeat","background-position":"center center","background-size":"auto","background-attachment":"scroll","background-type":"","background-media":"","overlay-type":"","overlay-color":"","overlay-opacity":"","overlay-gradient":""}},"ast-content-background-meta":{"desktop":{"background-color":"var(--ast-global-color-5)","background-image":"","background-repeat":"repeat","background-position":"center center","background-size":"auto","background-attachment":"scroll","background-type":"","background-media":"","overlay-type":"","overlay-color":"","overlay-opacity":"","overlay-gradient":""},"tablet":{"background-color":"var(--ast-global-color-5)","background-image":"","background-repeat":"repeat","background-position":"center center","background-size":"auto","background-attachment":"scroll","background-type":"","background-media":"","overlay-type":"","overlay-color":"","overlay-opacity":"","overlay-gradient":""},"mobile":{"background-color":"var(--ast-global-color-5)","background-image":"","background-repeat":"repeat","background-position":"center center","background-size":"auto","background-attachment":"scroll","background-type":"","background-media":"","overlay-type":"","overlay-color":"","overlay-opacity":"","overlay-gradient":""}}},"product_brand":[],"product_cat":[18],"product_tag":[34,35,36,37,170,171,172,39,40,93,173,174,175],"class_list":{"0":"post-7455","1":"product","2":"type-product","3":"status-publish","4":"has-post-thumbnail","6":"product_cat-city-maps","7":"product_tag-30x40","8":"product_tag-40x50","9":"product_tag-50x70","10":"product_tag-70x100","11":"product_tag-allemagne","12":"product_tag-bavaria","13":"product_tag-bayern","14":"product_tag-canvas","15":"product_tag-city-map","16":"product_tag-europe","17":"product_tag-germany","18":"product_tag-nuremberg","19":"product_tag-nurnberg","20":"desktop-align-left","21":"tablet-align-left","22":"mobile-align-left","24":"first","25":"instock","26":"shipping-taxable","27":"purchasable","28":"product-type-variable"},"aioseo_notices":[],"uagb_featured_image_src":{"full":["https:\/\/mapospheres.eu\/wp-content\/uploads\/2026\/01\/CANVAS_14_NIGHTROUND_4-13.jpg",1000,1000,false],"thumbnail":["https:\/\/mapospheres.eu\/wp-content\/uploads\/2026\/01\/CANVAS_14_NIGHTROUND_4-13-150x150.jpg",150,150,true],"medium":["https:\/\/mapospheres.eu\/wp-content\/uploads\/2026\/01\/CANVAS_14_NIGHTROUND_4-13-300x300.jpg",300,300,true],"medium_large":["https:\/\/mapospheres.eu\/wp-content\/uploads\/2026\/01\/CANVAS_14_NIGHTROUND_4-13-768x768.jpg",768,768,true],"large":["https:\/\/mapospheres.eu\/wp-content\/uploads\/2026\/01\/CANVAS_14_NIGHTROUND_4-13.jpg",1000,1000,false],"1536x1536":["https:\/\/mapospheres.eu\/wp-content\/uploads\/2026\/01\/CANVAS_14_NIGHTROUND_4-13.jpg",1000,1000,false],"2048x2048":["https:\/\/mapospheres.eu\/wp-content\/uploads\/2026\/01\/CANVAS_14_NIGHTROUND_4-13.jpg",1000,1000,false],"woocommerce_thumbnail":["https:\/\/mapospheres.eu\/wp-content\/uploads\/2026\/01\/CANVAS_14_NIGHTROUND_4-13-300x300.jpg",300,300,true],"woocommerce_single":["https:\/\/mapospheres.eu\/wp-content\/uploads\/2026\/01\/CANVAS_14_NIGHTROUND_4-13-600x600.jpg",600,600,true],"woocommerce_gallery_thumbnail":["https:\/\/mapospheres.eu\/wp-content\/uploads\/2026\/01\/CANVAS_14_NIGHTROUND_4-13-100x100.jpg",100,100,true]},"uagb_author_info":{"display_name":"sgainot04@gmail.com","author_link":"https:\/\/mapospheres.eu\/fr\/author\/"},"uagb_comment_info":0,"uagb_excerpt":"Obtenez une City Map \u2013 Carte murale - imprim\u00e9e de la ville de N\u00fcremberg, Allemagne. Choisissez ci-dessous la taille, la couleur et le design de votre carte !","_links":{"self":[{"href":"https:\/\/mapospheres.eu\/fr\/wp-json\/wp\/v2\/product\/7455","targetHints":{"allow":["GET"]}}],"collection":[{"href":"https:\/\/mapospheres.eu\/fr\/wp-json\/wp\/v2\/product"}],"about":[{"href":"https:\/\/mapospheres.eu\/fr\/wp-json\/wp\/v2\/types\/product"}],"wp:featuredmedia":[{"embeddable":true,"href":"https:\/\/mapospheres.eu\/fr\/wp-json\/wp\/v2\/media\/7800"}],"wp:attachment":[{"href":"https:\/\/mapospheres.eu\/fr\/wp-json\/wp\/v2\/media?parent=7455"}],"wp:term":[{"taxonomy":"product_brand","embeddable":true,"href":"https:\/\/mapospheres.eu\/fr\/wp-json\/wp\/v2\/product_brand?post=7455"},{"taxonomy":"product_cat","embeddable":true,"href":"https:\/\/mapospheres.eu\/fr\/wp-json\/wp\/v2\/product_cat?post=7455"},{"taxonomy":"product_tag","embeddable":true,"href":"https:\/\/mapospheres.eu\/fr\/wp-json\/wp\/v2\/product_tag?post=7455"}],"curies":[{"name":"wp","href":"https:\/\/api.w.org\/{rel}","templated":true}]}}