{"id":7456,"date":"2026-01-23T15:59:23","date_gmt":"2026-01-23T15:59:23","guid":{"rendered":"https:\/\/mapospheres.eu\/?post_type=product&#038;p=7456"},"modified":"2026-02-11T09:06:45","modified_gmt":"2026-02-11T09:06:45","slug":"poster-of-seattle-washington-us","status":"publish","type":"product","link":"https:\/\/mapospheres.eu\/fr\/product\/poster-de-seattle-washington-us\/","title":{"rendered":"Poster de Seattle | Washington, US"},"content":{"rendered":"<p><strong>Poster City Map de Seattle, Washington : l\u2019Emerald City est une ville o\u00f9 la nature et la vie urbaine coexistent dans un \u00e9quilibre d\u00e9licat, ce qui en fait un sujet id\u00e9al pour une carte murale.<\/strong><\/p>\n<p>Blottie entre les eaux scintillantes du Puget Sound et les sommets majestueux des montagnes Cascade, la g\u00e9ographie de Seattle est aussi dynamique que les habitants qui y vivent. Le centre-ville, souvent surnomm\u00e9 \u00ab The Emerald City \u00bb en raison de son environnement verdoyant, est encadr\u00e9 par un impressionnant r\u00e9seau de collines, de vall\u00e9es et de voies navigables, avec l\u2019embl\u00e9matique Elliott Bay s\u2019\u00e9tendant le long de sa bordure ouest. En observant de plus pr\u00e8s, on distingue les caract\u00e9ristiques marquantes de la topographie de la ville : les pentes ascendantes de Capitol Hill et de Queen Anne, qui offrent des vues panoramiques, ainsi que l\u2019\u00e9tendue plate de la vall\u00e9e de la rivi\u00e8re Duwamish. Le c\u00e9l\u00e8bre lac Washington, traversant le c\u00f4t\u00e9 est de la ville, joue un r\u00f4le central dans la culture de plein air de Seattle et rappelle discr\u00e8tement le pass\u00e9 glaciaire de la r\u00e9gion. Du vaste Discovery Park, situ\u00e9 \u00e0 l\u2019ouest de la ville, au paisible Washington Park Arboretum pr\u00e8s des rives du lac Washington, ces havres naturels offrent une oasis de calme et un contraste saisissant avec le rythme \u00e9nergique de la vie urbaine. Le mont Rainier, visible par temps clair, se dresse en arri\u00e8re-plan, veillant sur la ville comme un gardien silencieux.<\/p>\n","protected":false},"excerpt":{"rendered":"<p>Obtenez une City Map \u2013 Carte murale &#8211; imprim\u00e9e de la ville de Seattle, Washington, US.<br \/>\nChoisissez ci-dessous la taille, la couleur et le design de votre carte !<\/p>\n","protected":false},"featured_media":7548,"template":"","meta":{"_uag_custom_page_level_css":"","_monsterinsights_skip_tracking":false,"_monsterinsights_sitenote_active":false,"_monsterinsights_sitenote_note":"","_monsterinsights_sitenote_category":0,"site-sidebar-layout":"default","site-content-layout":"","ast-site-content-layout":"default","site-content-style":"default","site-sidebar-style":"default","ast-global-header-display":"","ast-banner-title-visibility":"","ast-main-header-display":"","ast-hfb-above-header-display":"","ast-hfb-below-header-display":"","ast-hfb-mobile-header-display":"","site-post-title":"","ast-breadcrumbs-content":"","ast-featured-img":"","footer-sml-layout":"","ast-disable-related-posts":"","theme-transparent-header-meta":"default","adv-header-id-meta":"","stick-header-meta":"","header-above-stick-meta":"","header-main-stick-meta":"","header-below-stick-meta":"","astra-migrate-meta-layouts":"set","ast-page-background-enabled":"default","ast-page-background-meta":{"desktop":{"background-color":"","background-image":"","background-repeat":"repeat","background-position":"center center","background-size":"auto","background-attachment":"scroll","background-type":"","background-media":"","overlay-type":"","overlay-color":"","overlay-opacity":"","overlay-gradient":""},"tablet":{"background-color":"","background-image":"","background-repeat":"repeat","background-position":"center center","background-size":"auto","background-attachment":"scroll","background-type":"","background-media":"","overlay-type":"","overlay-color":"","overlay-opacity":"","overlay-gradient":""},"mobile":{"background-color":"","background-image":"","background-repeat":"repeat","background-position":"center center","background-size":"auto","background-attachment":"scroll","background-type":"","background-media":"","overlay-type":"","overlay-color":"","overlay-opacity":"","overlay-gradient":""}},"ast-content-background-meta":{"desktop":{"background-color":"var(--ast-global-color-5)","background-image":"","background-repeat":"repeat","background-position":"center center","background-size":"auto","background-attachment":"scroll","background-type":"","background-media":"","overlay-type":"","overlay-color":"","overlay-opacity":"","overlay-gradient":""},"tablet":{"background-color":"var(--ast-global-color-5)","background-image":"","background-repeat":"repeat","background-position":"center center","background-size":"auto","background-attachment":"scroll","background-type":"","background-media":"","overlay-type":"","overlay-color":"","overlay-opacity":"","overlay-gradient":""},"mobile":{"background-color":"var(--ast-global-color-5)","background-image":"","background-repeat":"repeat","background-position":"center center","background-size":"auto","background-attachment":"scroll","background-type":"","background-media":"","overlay-type":"","overlay-color":"","overlay-opacity":"","overlay-gradient":""}}},"product_brand":[],"product_cat":[18,338],"product_tag":[34,35,36,37,39,40,166,167,168,169],"class_list":{"0":"post-7456","1":"product","2":"type-product","3":"status-publish","4":"has-post-thumbnail","6":"product_cat-city-maps","7":"product_cat-featured_eng","8":"product_tag-30x40","9":"product_tag-40x50","10":"product_tag-50x70","11":"product_tag-70x100","12":"product_tag-canvas","13":"product_tag-city-map","14":"product_tag-seattle","15":"product_tag-united-states","16":"product_tag-us","17":"product_tag-washington","18":"desktop-align-left","19":"tablet-align-left","20":"mobile-align-left","22":"first","23":"instock","24":"shipping-taxable","25":"purchasable","26":"product-type-variable"},"aioseo_notices":[],"uagb_featured_image_src":{"full":["https:\/\/mapospheres.eu\/wp-content\/uploads\/2026\/01\/CANVAS_11_NIGHT_3RD_1-12.jpg",1000,1000,false],"thumbnail":["https:\/\/mapospheres.eu\/wp-content\/uploads\/2026\/01\/CANVAS_11_NIGHT_3RD_1-12-150x150.jpg",150,150,true],"medium":["https:\/\/mapospheres.eu\/wp-content\/uploads\/2026\/01\/CANVAS_11_NIGHT_3RD_1-12-300x300.jpg",300,300,true],"medium_large":["https:\/\/mapospheres.eu\/wp-content\/uploads\/2026\/01\/CANVAS_11_NIGHT_3RD_1-12-768x768.jpg",768,768,true],"large":["https:\/\/mapospheres.eu\/wp-content\/uploads\/2026\/01\/CANVAS_11_NIGHT_3RD_1-12.jpg",1000,1000,false],"1536x1536":["https:\/\/mapospheres.eu\/wp-content\/uploads\/2026\/01\/CANVAS_11_NIGHT_3RD_1-12.jpg",1000,1000,false],"2048x2048":["https:\/\/mapospheres.eu\/wp-content\/uploads\/2026\/01\/CANVAS_11_NIGHT_3RD_1-12.jpg",1000,1000,false],"woocommerce_thumbnail":["https:\/\/mapospheres.eu\/wp-content\/uploads\/2026\/01\/CANVAS_11_NIGHT_3RD_1-12-300x300.jpg",300,300,true],"woocommerce_single":["https:\/\/mapospheres.eu\/wp-content\/uploads\/2026\/01\/CANVAS_11_NIGHT_3RD_1-12-600x600.jpg",600,600,true],"woocommerce_gallery_thumbnail":["https:\/\/mapospheres.eu\/wp-content\/uploads\/2026\/01\/CANVAS_11_NIGHT_3RD_1-12-100x100.jpg",100,100,true]},"uagb_author_info":{"display_name":"sgainot04@gmail.com","author_link":"https:\/\/mapospheres.eu\/fr\/author\/"},"uagb_comment_info":0,"uagb_excerpt":"Obtenez une City Map \u2013 Carte murale - imprim\u00e9e de la ville de Seattle, Washington, US. Choisissez ci-dessous la taille, la couleur et le design de votre carte !","_links":{"self":[{"href":"https:\/\/mapospheres.eu\/fr\/wp-json\/wp\/v2\/product\/7456","targetHints":{"allow":["GET"]}}],"collection":[{"href":"https:\/\/mapospheres.eu\/fr\/wp-json\/wp\/v2\/product"}],"about":[{"href":"https:\/\/mapospheres.eu\/fr\/wp-json\/wp\/v2\/types\/product"}],"wp:featuredmedia":[{"embeddable":true,"href":"https:\/\/mapospheres.eu\/fr\/wp-json\/wp\/v2\/media\/7548"}],"wp:attachment":[{"href":"https:\/\/mapospheres.eu\/fr\/wp-json\/wp\/v2\/media?parent=7456"}],"wp:term":[{"taxonomy":"product_brand","embeddable":true,"href":"https:\/\/mapospheres.eu\/fr\/wp-json\/wp\/v2\/product_brand?post=7456"},{"taxonomy":"product_cat","embeddable":true,"href":"https:\/\/mapospheres.eu\/fr\/wp-json\/wp\/v2\/product_cat?post=7456"},{"taxonomy":"product_tag","embeddable":true,"href":"https:\/\/mapospheres.eu\/fr\/wp-json\/wp\/v2\/product_tag?post=7456"}],"curies":[{"name":"wp","href":"https:\/\/api.w.org\/{rel}","templated":true}]}}