{"id":7460,"date":"2026-01-23T15:59:29","date_gmt":"2026-01-23T15:59:29","guid":{"rendered":"https:\/\/mapospheres.eu\/?post_type=product&#038;p=7460"},"modified":"2026-01-26T14:00:09","modified_gmt":"2026-01-26T14:00:09","slug":"poster-of-cusco-peru","status":"publish","type":"product","link":"https:\/\/mapospheres.eu\/fr\/product\/poster-de-cusco-perou\/","title":{"rendered":"Poster de Cusco | P\u00e9rou"},"content":{"rendered":"<p><strong>Poster City Map de Cusco, P\u00e9rou : la porte d\u2019entr\u00e9e de l\u2019ancien Empire inca et le c\u0153ur de la culture p\u00e9ruvienne.<\/strong><\/p>\n<p>Situ\u00e9e \u00e0 une altitude impressionnante de 3 400 m\u00e8tres au-dessus du niveau de la mer, la g\u00e9ographie de Cusco est d\u00e9finie par sa position spectaculaire dans les contreforts des Andes, o\u00f9 montagnes escarp\u00e9es et vall\u00e9es fa\u00e7onnent l\u2019agencement distinctif de la ville. Au c\u0153ur de la carte se trouve la Plaza de Armas, centre vibrant de la cit\u00e9, entour\u00e9e d\u2019une architecture coloniale qui raconte l\u2019histoire de l\u2019influence espagnole \u00e0 Cusco au fil des si\u00e8cles. De l\u00e0, on peut suivre les anciens murs de Sacsayhuam\u00e1n, l\u2019imposante forteresse de pierre inca perch\u00e9e \u00e0 flanc de colline, qui demeure un t\u00e9moignage du g\u00e9nie architectural de l\u2019empire. La carte met \u00e9galement en lumi\u00e8re les nombreux autres sites sacr\u00e9s qui entourent la ville \u2014 comme le Temple du Soleil (Qorikancha) et les nombreuses \u00e9glises pittoresques construites sur des fondations incas, m\u00ealant pass\u00e9 et pr\u00e9sent. La topographie unique de Cusco offre des contrastes saisissants : le tissu urbain s\u2019\u00e9l\u00e8ve depuis le fond de la vall\u00e9e, cr\u00e9ant une riche mosa\u00efque de collines en terrasses, d\u2019espaces verts et de cours cach\u00e9es. Les collines et montagnes environnantes \u2014 telles que le majestueux Pachatus\u00e1n \u2014 se dressent au loin, donnant une impression d\u2019\u00e9chelle aux rues plus petites et intimistes de la ville.<\/p>\n","protected":false},"excerpt":{"rendered":"<p>Obtenez une City Map \u2013 Carte murale &#8211; imprim\u00e9e de la ville de Cusco, P\u00e9rou.<br \/>\nChoisissez ci-dessous la taille, la couleur et le design de votre carte !<\/p>\n","protected":false},"featured_media":7500,"template":"","meta":{"_uag_custom_page_level_css":"","_monsterinsights_skip_tracking":false,"_monsterinsights_sitenote_active":false,"_monsterinsights_sitenote_note":"","_monsterinsights_sitenote_category":0,"site-sidebar-layout":"default","site-content-layout":"","ast-site-content-layout":"default","site-content-style":"default","site-sidebar-style":"default","ast-global-header-display":"","ast-banner-title-visibility":"","ast-main-header-display":"","ast-hfb-above-header-display":"","ast-hfb-below-header-display":"","ast-hfb-mobile-header-display":"","site-post-title":"","ast-breadcrumbs-content":"","ast-featured-img":"","footer-sml-layout":"","ast-disable-related-posts":"","theme-transparent-header-meta":"default","adv-header-id-meta":"","stick-header-meta":"","header-above-stick-meta":"","header-main-stick-meta":"","header-below-stick-meta":"","astra-migrate-meta-layouts":"set","ast-page-background-enabled":"default","ast-page-background-meta":{"desktop":{"background-color":"","background-image":"","background-repeat":"repeat","background-position":"center center","background-size":"auto","background-attachment":"scroll","background-type":"","background-media":"","overlay-type":"","overlay-color":"","overlay-opacity":"","overlay-gradient":""},"tablet":{"background-color":"","background-image":"","background-repeat":"repeat","background-position":"center center","background-size":"auto","background-attachment":"scroll","background-type":"","background-media":"","overlay-type":"","overlay-color":"","overlay-opacity":"","overlay-gradient":""},"mobile":{"background-color":"","background-image":"","background-repeat":"repeat","background-position":"center center","background-size":"auto","background-attachment":"scroll","background-type":"","background-media":"","overlay-type":"","overlay-color":"","overlay-opacity":"","overlay-gradient":""}},"ast-content-background-meta":{"desktop":{"background-color":"var(--ast-global-color-5)","background-image":"","background-repeat":"repeat","background-position":"center center","background-size":"auto","background-attachment":"scroll","background-type":"","background-media":"","overlay-type":"","overlay-color":"","overlay-opacity":"","overlay-gradient":""},"tablet":{"background-color":"var(--ast-global-color-5)","background-image":"","background-repeat":"repeat","background-position":"center center","background-size":"auto","background-attachment":"scroll","background-type":"","background-media":"","overlay-type":"","overlay-color":"","overlay-opacity":"","overlay-gradient":""},"mobile":{"background-color":"var(--ast-global-color-5)","background-image":"","background-repeat":"repeat","background-position":"center center","background-size":"auto","background-attachment":"scroll","background-type":"","background-media":"","overlay-type":"","overlay-color":"","overlay-opacity":"","overlay-gradient":""}}},"product_brand":[],"product_cat":[18],"product_tag":[34,35,36,37,39,40,161,49,42],"class_list":{"0":"post-7460","1":"product","2":"type-product","3":"status-publish","4":"has-post-thumbnail","6":"product_cat-city-maps","7":"product_tag-30x40","8":"product_tag-40x50","9":"product_tag-50x70","10":"product_tag-70x100","11":"product_tag-canvas","12":"product_tag-city-map","13":"product_tag-cusco","14":"product_tag-peru","15":"product_tag-south-america","16":"desktop-align-left","17":"tablet-align-left","18":"mobile-align-left","20":"first","21":"instock","22":"shipping-taxable","23":"purchasable","24":"product-type-variable"},"aioseo_notices":[],"uagb_featured_image_src":{"full":["https:\/\/mapospheres.eu\/wp-content\/uploads\/2026\/01\/CANVAS_11_NIGHT_3RD_1-7.jpg",1000,1000,false],"thumbnail":["https:\/\/mapospheres.eu\/wp-content\/uploads\/2026\/01\/CANVAS_11_NIGHT_3RD_1-7-150x150.jpg",150,150,true],"medium":["https:\/\/mapospheres.eu\/wp-content\/uploads\/2026\/01\/CANVAS_11_NIGHT_3RD_1-7-300x300.jpg",300,300,true],"medium_large":["https:\/\/mapospheres.eu\/wp-content\/uploads\/2026\/01\/CANVAS_11_NIGHT_3RD_1-7-768x768.jpg",768,768,true],"large":["https:\/\/mapospheres.eu\/wp-content\/uploads\/2026\/01\/CANVAS_11_NIGHT_3RD_1-7.jpg",1000,1000,false],"1536x1536":["https:\/\/mapospheres.eu\/wp-content\/uploads\/2026\/01\/CANVAS_11_NIGHT_3RD_1-7.jpg",1000,1000,false],"2048x2048":["https:\/\/mapospheres.eu\/wp-content\/uploads\/2026\/01\/CANVAS_11_NIGHT_3RD_1-7.jpg",1000,1000,false],"woocommerce_thumbnail":["https:\/\/mapospheres.eu\/wp-content\/uploads\/2026\/01\/CANVAS_11_NIGHT_3RD_1-7-300x300.jpg",300,300,true],"woocommerce_single":["https:\/\/mapospheres.eu\/wp-content\/uploads\/2026\/01\/CANVAS_11_NIGHT_3RD_1-7-600x600.jpg",600,600,true],"woocommerce_gallery_thumbnail":["https:\/\/mapospheres.eu\/wp-content\/uploads\/2026\/01\/CANVAS_11_NIGHT_3RD_1-7-100x100.jpg",100,100,true]},"uagb_author_info":{"display_name":"sgainot04@gmail.com","author_link":"https:\/\/mapospheres.eu\/fr\/author\/"},"uagb_comment_info":0,"uagb_excerpt":"Obtenez une City Map \u2013 Carte murale - imprim\u00e9e de la ville de Cusco, P\u00e9rou. Choisissez ci-dessous la taille, la couleur et le design de votre carte !","_links":{"self":[{"href":"https:\/\/mapospheres.eu\/fr\/wp-json\/wp\/v2\/product\/7460","targetHints":{"allow":["GET"]}}],"collection":[{"href":"https:\/\/mapospheres.eu\/fr\/wp-json\/wp\/v2\/product"}],"about":[{"href":"https:\/\/mapospheres.eu\/fr\/wp-json\/wp\/v2\/types\/product"}],"wp:featuredmedia":[{"embeddable":true,"href":"https:\/\/mapospheres.eu\/fr\/wp-json\/wp\/v2\/media\/7500"}],"wp:attachment":[{"href":"https:\/\/mapospheres.eu\/fr\/wp-json\/wp\/v2\/media?parent=7460"}],"wp:term":[{"taxonomy":"product_brand","embeddable":true,"href":"https:\/\/mapospheres.eu\/fr\/wp-json\/wp\/v2\/product_brand?post=7460"},{"taxonomy":"product_cat","embeddable":true,"href":"https:\/\/mapospheres.eu\/fr\/wp-json\/wp\/v2\/product_cat?post=7460"},{"taxonomy":"product_tag","embeddable":true,"href":"https:\/\/mapospheres.eu\/fr\/wp-json\/wp\/v2\/product_tag?post=7460"}],"curies":[{"name":"wp","href":"https:\/\/api.w.org\/{rel}","templated":true}]}}